{"id":29583,"date":"2025-09-06T13:14:19","date_gmt":"2025-09-06T13:14:19","guid":{"rendered":"https:\/\/www.samsung-ese.al\/?post_type=product&#038;p=29583"},"modified":"2025-09-06T13:19:29","modified_gmt":"2025-09-06T13:19:29","slug":"y-joint-hr-outdoor-unit","status":"publish","type":"product","link":"https:\/\/www.samsung-ese.al\/sq\/produkt\/y-joint-hr-outdoor-unit\/","title":{"rendered":"Fuga Y (Nj\u00ebsi t\u00eb Jashtme HR)"},"content":{"rendered":"<h3>Kapaciteti (kW)<\/h3>\n<p>135.2, 140.2 kW dhe m\u00eb shum\u00eb.<\/p>\n<h3>Detaje Teknike<\/h3>\n<p>Shkarkoni k\u00ebtu manualet e instalimit p\u00ebr aksesor\u00ebt tuaj HVAC.<\/p>\n<p><a href=\"https:\/\/www.samsung-ese.al\/wp-content\/uploads\/2025\/09\/DB68-03340A-06_IM_JOINT_EU_EN_250428-D04-2.pdf\">Manual Instalimi<\/a><\/p>\n<h3>Broshura dhe Literatura<\/h3>\n<p><a href=\"mailto:ese@samsung-ese.al\">P\u00ebr Q\u00ebllime Biznesi<\/a><\/p>\n<div>\n<div>\n<div>\n<div>\n<p>&nbsp;<\/p>\n<\/div>\n<\/div>\n<\/div>\n<\/div>","protected":false},"excerpt":{"rendered":"<p data-start=\"43\" data-end=\"442\" data-is-last-node=\"\" data-is-only-node=\"\">Fuga-Y i Samsung (Nj\u00ebsi e Jashtme HR) e dizajnuar posa\u00e7\u00ebrisht p\u00ebr sistemet e jashtme VRF: e optimizuar p\u00ebr t\u00eb menaxhuar rrjedhat e ftoh\u00ebsit me presion t\u00eb lart\u00eb dhe p\u00ebr t\u00eb thjeshtuar lidhjet e nj\u00ebsive t\u00eb jashtme.<\/p>","protected":false},"featured_media":29586,"template":"","meta":{"_eb_attr":""},"product_brand":[],"product_cat":[419],"product_tag":[],"class_list":{"0":"post-29583","1":"product","2":"type-product","3":"status-publish","4":"has-post-thumbnail","6":"product_cat-accessories","8":"first","9":"instock","10":"shipping-taxable","11":"product-type-simple"},"_links":{"self":[{"href":"https:\/\/www.samsung-ese.al\/sq\/wp-json\/wp\/v2\/product\/29583","targetHints":{"allow":["GET"]}}],"collection":[{"href":"https:\/\/www.samsung-ese.al\/sq\/wp-json\/wp\/v2\/product"}],"about":[{"href":"https:\/\/www.samsung-ese.al\/sq\/wp-json\/wp\/v2\/types\/product"}],"wp:featuredmedia":[{"embeddable":true,"href":"https:\/\/www.samsung-ese.al\/sq\/wp-json\/wp\/v2\/media\/29586"}],"wp:attachment":[{"href":"https:\/\/www.samsung-ese.al\/sq\/wp-json\/wp\/v2\/media?parent=29583"}],"wp:term":[{"taxonomy":"product_brand","embeddable":true,"href":"https:\/\/www.samsung-ese.al\/sq\/wp-json\/wp\/v2\/product_brand?post=29583"},{"taxonomy":"product_cat","embeddable":true,"href":"https:\/\/www.samsung-ese.al\/sq\/wp-json\/wp\/v2\/product_cat?post=29583"},{"taxonomy":"product_tag","embeddable":true,"href":"https:\/\/www.samsung-ese.al\/sq\/wp-json\/wp\/v2\/product_tag?post=29583"}],"curies":[{"name":"wp","href":"https:\/\/api.w.org\/{rel}","templated":true}]}}