{"id":29249,"date":"2025-08-24T10:16:54","date_gmt":"2025-08-24T10:16:54","guid":{"rendered":"https:\/\/www.samsung-ese.al\/?post_type=product&#038;p=29249"},"modified":"2025-09-01T17:30:28","modified_gmt":"2025-09-01T17:30:28","slug":"dvm-ceiling-floor-standing-optional-vertical-or-horizontal-installation","status":"publish","type":"product","link":"https:\/\/www.samsung-ese.al\/sq\/produkt\/dvm-ceiling-floor-standing-optional-vertical-or-horizontal-installation\/","title":{"rendered":"DVM Nj\u00ebsi Tavanore, Dysheme (p\u00ebr instalime vertikale ose horizontale)"},"content":{"rendered":"<h3>Kapacitete t\u00eb disponueshme (kW)<\/h3>\n<p>5.6<\/p>\n<h3>Detaje Teknike<\/h3>\n<p>P\u00ebrjetoni rehati dhe efikasitet maksimal me DVM - Nj\u00ebsi tavanore, Dysheme.<\/p>\n<p><a href=\"https:\/\/www.samsung-ese.al\/wp-content\/uploads\/2025\/08\/TDB-VRF-IDU-For-Europe-R32-50Hz-HP-Ver.2.0_250613.pdf\">Shiko Dokumentin Teknik<\/a><\/p>\n<h3>Broshura dhe Literatura<\/h3>\n<p><a href=\"https:\/\/www.samsung-ese.al\/wp-content\/uploads\/2025\/08\/CEILIN1.zip\">Vizatime DWG<\/a> \u00a0\u00a0 \u00a0\u00a0 \u00a0<a href=\"mailto:ese@samsung-ese.al\">P\u00ebr Q\u00ebllime Biznesi<\/a><\/p>\n<div>\n<h3>Ve\u00e7orit\u00eb AC<\/h3>\n<p>Sepse rehatia nuk duhet t\u00eb jet\u00eb e nd\u00ebrlikuar, ja \u00e7far\u00eb ofrohet n\u00eb t\u00eb.<\/p>\n<p>&nbsp;<\/p>\n<blockquote>\n<h6 style=\"text-align: center;\"><img decoding=\"async\" class=\"alignnone wp-image-28603\" src=\"https:\/\/www.samsung-ese.al\/wp-content\/uploads\/2025\/07\/Varietee-300x300.webp\" alt=\"\" width=\"61\" height=\"61\" srcset=\"https:\/\/www.samsung-ese.al\/wp-content\/uploads\/2025\/07\/Varietee-300x300.webp 300w, https:\/\/www.samsung-ese.al\/wp-content\/uploads\/2025\/07\/Varietee-1024x1024.webp 1024w, https:\/\/www.samsung-ese.al\/wp-content\/uploads\/2025\/07\/Varietee-150x150.webp 150w, https:\/\/www.samsung-ese.al\/wp-content\/uploads\/2025\/07\/Varietee-768x768.webp 768w, https:\/\/www.samsung-ese.al\/wp-content\/uploads\/2025\/07\/Varietee-1536x1536.webp 1536w, https:\/\/www.samsung-ese.al\/wp-content\/uploads\/2025\/07\/Varietee-370x370.webp 370w, https:\/\/www.samsung-ese.al\/wp-content\/uploads\/2025\/07\/Varietee-120x120.webp 120w, https:\/\/www.samsung-ese.al\/wp-content\/uploads\/2025\/07\/Varietee-840x840.webp 840w, https:\/\/www.samsung-ese.al\/wp-content\/uploads\/2025\/07\/Varietee-410x410.webp 410w, https:\/\/www.samsung-ese.al\/wp-content\/uploads\/2025\/07\/Varietee-200x200.webp 200w, https:\/\/www.samsung-ese.al\/wp-content\/uploads\/2025\/07\/Varietee-600x600.webp 600w, https:\/\/www.samsung-ese.al\/wp-content\/uploads\/2025\/07\/Varietee.webp 2000w\" sizes=\"(max-width: 61px) 100vw, 61px\" \/><\/h6>\n<p style=\"text-align: center;\"><strong>\u00a0Instalim Vertikal &amp; Horizontal<\/strong><\/p>\n<\/blockquote>\n<p>&nbsp;<\/p>\n<\/div>\n<div>\n<blockquote>\n<h6 style=\"text-align: center;\"><img decoding=\"async\" class=\"alignnone wp-image-28603\" src=\"https:\/\/www.samsung-ese.al\/wp-content\/uploads\/2025\/07\/Varietee-300x300.webp\" alt=\"\" width=\"61\" height=\"61\" srcset=\"https:\/\/www.samsung-ese.al\/wp-content\/uploads\/2025\/07\/Varietee-300x300.webp 300w, https:\/\/www.samsung-ese.al\/wp-content\/uploads\/2025\/07\/Varietee-1024x1024.webp 1024w, https:\/\/www.samsung-ese.al\/wp-content\/uploads\/2025\/07\/Varietee-150x150.webp 150w, https:\/\/www.samsung-ese.al\/wp-content\/uploads\/2025\/07\/Varietee-768x768.webp 768w, https:\/\/www.samsung-ese.al\/wp-content\/uploads\/2025\/07\/Varietee-1536x1536.webp 1536w, https:\/\/www.samsung-ese.al\/wp-content\/uploads\/2025\/07\/Varietee-370x370.webp 370w, https:\/\/www.samsung-ese.al\/wp-content\/uploads\/2025\/07\/Varietee-120x120.webp 120w, https:\/\/www.samsung-ese.al\/wp-content\/uploads\/2025\/07\/Varietee-840x840.webp 840w, https:\/\/www.samsung-ese.al\/wp-content\/uploads\/2025\/07\/Varietee-410x410.webp 410w, https:\/\/www.samsung-ese.al\/wp-content\/uploads\/2025\/07\/Varietee-200x200.webp 200w, https:\/\/www.samsung-ese.al\/wp-content\/uploads\/2025\/07\/Varietee-600x600.webp 600w, https:\/\/www.samsung-ese.al\/wp-content\/uploads\/2025\/07\/Varietee.webp 2000w\" sizes=\"(max-width: 61px) 100vw, 61px\" \/><\/h6>\n<p style=\"text-align: center;\"><strong>Furnizimi i ajrit me an\u00ebn e flet\u00ebve t\u00eb rregullueshme<\/strong><\/p>\n<\/blockquote>\n<p>&nbsp;<\/p>\n<blockquote>\n<h6 style=\"text-align: center;\"><img decoding=\"async\" class=\"alignnone wp-image-28603\" src=\"https:\/\/www.samsung-ese.al\/wp-content\/uploads\/2025\/07\/Varietee-300x300.webp\" alt=\"\" width=\"61\" height=\"61\" srcset=\"https:\/\/www.samsung-ese.al\/wp-content\/uploads\/2025\/07\/Varietee-300x300.webp 300w, https:\/\/www.samsung-ese.al\/wp-content\/uploads\/2025\/07\/Varietee-1024x1024.webp 1024w, https:\/\/www.samsung-ese.al\/wp-content\/uploads\/2025\/07\/Varietee-150x150.webp 150w, https:\/\/www.samsung-ese.al\/wp-content\/uploads\/2025\/07\/Varietee-768x768.webp 768w, https:\/\/www.samsung-ese.al\/wp-content\/uploads\/2025\/07\/Varietee-1536x1536.webp 1536w, https:\/\/www.samsung-ese.al\/wp-content\/uploads\/2025\/07\/Varietee-370x370.webp 370w, https:\/\/www.samsung-ese.al\/wp-content\/uploads\/2025\/07\/Varietee-120x120.webp 120w, https:\/\/www.samsung-ese.al\/wp-content\/uploads\/2025\/07\/Varietee-840x840.webp 840w, https:\/\/www.samsung-ese.al\/wp-content\/uploads\/2025\/07\/Varietee-410x410.webp 410w, https:\/\/www.samsung-ese.al\/wp-content\/uploads\/2025\/07\/Varietee-200x200.webp 200w, https:\/\/www.samsung-ese.al\/wp-content\/uploads\/2025\/07\/Varietee-600x600.webp 600w, https:\/\/www.samsung-ese.al\/wp-content\/uploads\/2025\/07\/Varietee.webp 2000w\" sizes=\"(max-width: 61px) 100vw, 61px\" \/><\/h6>\n<p style=\"text-align: center;\"><strong>Zhurm\u00eb e reduktuar<\/strong><\/p>\n<p style=\"text-align: center;\">Fal\u00eb EEV-s\u00eb e kontrolluar n\u00eb distanc\u00eb.<\/p>\n<\/blockquote>\n<p>&nbsp;<\/p>\n<\/div>\n<div>\n<blockquote>\n<h6 style=\"text-align: center;\"><img decoding=\"async\" class=\"alignnone wp-image-28603\" src=\"https:\/\/www.samsung-ese.al\/wp-content\/uploads\/2025\/07\/Varietee-300x300.webp\" alt=\"\" width=\"61\" height=\"61\" srcset=\"https:\/\/www.samsung-ese.al\/wp-content\/uploads\/2025\/07\/Varietee-300x300.webp 300w, https:\/\/www.samsung-ese.al\/wp-content\/uploads\/2025\/07\/Varietee-1024x1024.webp 1024w, https:\/\/www.samsung-ese.al\/wp-content\/uploads\/2025\/07\/Varietee-150x150.webp 150w, https:\/\/www.samsung-ese.al\/wp-content\/uploads\/2025\/07\/Varietee-768x768.webp 768w, https:\/\/www.samsung-ese.al\/wp-content\/uploads\/2025\/07\/Varietee-1536x1536.webp 1536w, https:\/\/www.samsung-ese.al\/wp-content\/uploads\/2025\/07\/Varietee-370x370.webp 370w, https:\/\/www.samsung-ese.al\/wp-content\/uploads\/2025\/07\/Varietee-120x120.webp 120w, https:\/\/www.samsung-ese.al\/wp-content\/uploads\/2025\/07\/Varietee-840x840.webp 840w, https:\/\/www.samsung-ese.al\/wp-content\/uploads\/2025\/07\/Varietee-410x410.webp 410w, https:\/\/www.samsung-ese.al\/wp-content\/uploads\/2025\/07\/Varietee-200x200.webp 200w, https:\/\/www.samsung-ese.al\/wp-content\/uploads\/2025\/07\/Varietee-600x600.webp 600w, https:\/\/www.samsung-ese.al\/wp-content\/uploads\/2025\/07\/Varietee.webp 2000w\" sizes=\"(max-width: 61px) 100vw, 61px\" \/><\/h6>\n<p style=\"text-align: center;\"><strong>Pomp\u00eb kulluese e kondensimit e integruar dhe sensor p\u00ebr zbulimin e rrjedhjes s\u00eb ftoh\u00ebsit R32<\/strong><\/p>\n<\/blockquote>\n<p>&nbsp;<\/p>\n<div>\n<blockquote>\n<h6 style=\"text-align: center;\"><img decoding=\"async\" class=\"alignnone wp-image-28603\" src=\"https:\/\/www.samsung-ese.al\/wp-content\/uploads\/2025\/07\/Varietee-300x300.webp\" alt=\"\" width=\"61\" height=\"61\" srcset=\"https:\/\/www.samsung-ese.al\/wp-content\/uploads\/2025\/07\/Varietee-300x300.webp 300w, https:\/\/www.samsung-ese.al\/wp-content\/uploads\/2025\/07\/Varietee-1024x1024.webp 1024w, https:\/\/www.samsung-ese.al\/wp-content\/uploads\/2025\/07\/Varietee-150x150.webp 150w, https:\/\/www.samsung-ese.al\/wp-content\/uploads\/2025\/07\/Varietee-768x768.webp 768w, https:\/\/www.samsung-ese.al\/wp-content\/uploads\/2025\/07\/Varietee-1536x1536.webp 1536w, https:\/\/www.samsung-ese.al\/wp-content\/uploads\/2025\/07\/Varietee-370x370.webp 370w, https:\/\/www.samsung-ese.al\/wp-content\/uploads\/2025\/07\/Varietee-120x120.webp 120w, https:\/\/www.samsung-ese.al\/wp-content\/uploads\/2025\/07\/Varietee-840x840.webp 840w, https:\/\/www.samsung-ese.al\/wp-content\/uploads\/2025\/07\/Varietee-410x410.webp 410w, https:\/\/www.samsung-ese.al\/wp-content\/uploads\/2025\/07\/Varietee-200x200.webp 200w, https:\/\/www.samsung-ese.al\/wp-content\/uploads\/2025\/07\/Varietee-600x600.webp 600w, https:\/\/www.samsung-ese.al\/wp-content\/uploads\/2025\/07\/Varietee.webp 2000w\" sizes=\"(max-width: 61px) 100vw, 61px\" \/><\/h6>\n<p style=\"text-align: center;\"><strong>Komandimi n\u00ebp\u00ebrmjet smartphon\u00ebve me Wi-Fi p\u00ebr aplikacionin e Smart Things<\/strong><\/p>\n<\/blockquote>\n<p>&nbsp;<\/p>\n<div>\n<blockquote>\n<h6 style=\"text-align: center;\"><img decoding=\"async\" class=\"alignnone wp-image-28603\" src=\"https:\/\/www.samsung-ese.al\/wp-content\/uploads\/2025\/07\/Varietee-300x300.webp\" alt=\"\" width=\"61\" height=\"61\" srcset=\"https:\/\/www.samsung-ese.al\/wp-content\/uploads\/2025\/07\/Varietee-300x300.webp 300w, https:\/\/www.samsung-ese.al\/wp-content\/uploads\/2025\/07\/Varietee-1024x1024.webp 1024w, https:\/\/www.samsung-ese.al\/wp-content\/uploads\/2025\/07\/Varietee-150x150.webp 150w, https:\/\/www.samsung-ese.al\/wp-content\/uploads\/2025\/07\/Varietee-768x768.webp 768w, https:\/\/www.samsung-ese.al\/wp-content\/uploads\/2025\/07\/Varietee-1536x1536.webp 1536w, https:\/\/www.samsung-ese.al\/wp-content\/uploads\/2025\/07\/Varietee-370x370.webp 370w, https:\/\/www.samsung-ese.al\/wp-content\/uploads\/2025\/07\/Varietee-120x120.webp 120w, https:\/\/www.samsung-ese.al\/wp-content\/uploads\/2025\/07\/Varietee-840x840.webp 840w, https:\/\/www.samsung-ese.al\/wp-content\/uploads\/2025\/07\/Varietee-410x410.webp 410w, https:\/\/www.samsung-ese.al\/wp-content\/uploads\/2025\/07\/Varietee-200x200.webp 200w, https:\/\/www.samsung-ese.al\/wp-content\/uploads\/2025\/07\/Varietee-600x600.webp 600w, https:\/\/www.samsung-ese.al\/wp-content\/uploads\/2025\/07\/Varietee.webp 2000w\" sizes=\"(max-width: 61px) 100vw, 61px\" \/><\/h6>\n<p style=\"text-align: center;\"><strong>Komplet Wi-Fi i integruar (MIM-H14EN)<\/strong><\/p>\n<\/blockquote>\n<p>&nbsp;<\/p>\n<\/div>\n<\/div>\n<\/div>","protected":false},"excerpt":{"rendered":"<h5>Dy tipe instalimi!<\/h5>\n<p data-start=\"43\" data-end=\"442\" data-is-last-node=\"\" data-is-only-node=\"\">DVM Nj\u00ebsi Tavanore (Dysheme), ofron kondicionim ajri t\u00eb fuqish\u00ebm dhe efikas, me fleksibilitet p\u00ebr t\u2019u instaluar ose vertikalisht (n\u00eb dysheme) ose horizontalisht (n\u00eb tavan). Qoft\u00eb q\u00eb keni hap\u00ebsir\u00eb t\u00eb kufizuar muri ose dizajne arkitekturore unike, kjo nj\u00ebsi p\u00ebrshtatet me ambientin tuaj pa sakrifikuar performanc\u00ebn.<\/p>","protected":false},"featured_media":29204,"template":"","meta":{"_eb_attr":""},"product_brand":[],"product_cat":[351,390,298],"product_tag":[389,407],"class_list":{"0":"post-29249","1":"product","2":"type-product","3":"status-publish","4":"has-post-thumbnail","6":"product_cat-dvm","7":"product_cat-indoor-units-connectability","8":"product_cat-commercial","9":"product_tag-dvm-category","10":"product_tag-r32-refrigerant-for-indoor-units-connectability","12":"first","13":"instock","14":"shipping-taxable","15":"product-type-simple"},"_links":{"self":[{"href":"https:\/\/www.samsung-ese.al\/sq\/wp-json\/wp\/v2\/product\/29249","targetHints":{"allow":["GET"]}}],"collection":[{"href":"https:\/\/www.samsung-ese.al\/sq\/wp-json\/wp\/v2\/product"}],"about":[{"href":"https:\/\/www.samsung-ese.al\/sq\/wp-json\/wp\/v2\/types\/product"}],"wp:featuredmedia":[{"embeddable":true,"href":"https:\/\/www.samsung-ese.al\/sq\/wp-json\/wp\/v2\/media\/29204"}],"wp:attachment":[{"href":"https:\/\/www.samsung-ese.al\/sq\/wp-json\/wp\/v2\/media?parent=29249"}],"wp:term":[{"taxonomy":"product_brand","embeddable":true,"href":"https:\/\/www.samsung-ese.al\/sq\/wp-json\/wp\/v2\/product_brand?post=29249"},{"taxonomy":"product_cat","embeddable":true,"href":"https:\/\/www.samsung-ese.al\/sq\/wp-json\/wp\/v2\/product_cat?post=29249"},{"taxonomy":"product_tag","embeddable":true,"href":"https:\/\/www.samsung-ese.al\/sq\/wp-json\/wp\/v2\/product_tag?post=29249"}],"curies":[{"name":"wp","href":"https:\/\/api.w.org\/{rel}","templated":true}]}}