{"id":28712,"date":"2025-07-10T13:21:03","date_gmt":"2025-07-10T13:21:03","guid":{"rendered":"https:\/\/www.samsung-ese.al\/?post_type=product&#038;p=28712"},"modified":"2025-08-27T14:33:50","modified_gmt":"2025-08-27T14:33:50","slug":"duct","status":"publish","type":"product","link":"https:\/\/www.samsung-ese.al\/sq\/produkt\/duct\/","title":{"rendered":"Nj\u00ebsi Kanalore me Presion Statik"},"content":{"rendered":"<h3>Kapacitete t\u00eb disponueshme<\/h3>\n<p>9k, 12k, 18k<\/p>\n<h3>Detaje Teknike<\/h3>\n<p>P\u00ebrjetoni rehati maksimale dhe efikasitet me DUCT.<\/p>\n<p><a href=\"#\" target=\"_blank\" rel=\"noopener\">Shiko Dokumentin Teknik<\/a><\/p>\n<h3>Broshura dhe Literatura<\/h3>\n<p><a href=\"https:\/\/www.samsung-ese.al\/wp-content\/uploads\/2025\/07\/DUCT.zip\">Vizatime DWG<\/a> \u00a0\u00a0 \u00a0\u00a0 \u00a0<a href=\"mailto:ese@samsung-ese.al\">P\u00ebr Q\u00ebllime Biznesi<\/a><\/p>\n<div>\n<h3>Ve\u00e7orit\u00eb AC<\/h3>\n<p>Sepse rehatia nuk duhet t\u00eb jet\u00eb e nd\u00ebrlikuar, ja \u00e7far\u00eb ofrohet n\u00eb t\u00eb.<\/p>\n<p>&nbsp;<\/p>\n<blockquote>\n<h6 style=\"text-align: center;\"><img decoding=\"async\" class=\"alignnone wp-image-28603\" src=\"https:\/\/www.samsung-ese.al\/wp-content\/uploads\/2025\/07\/Varietee-300x300.webp\" alt=\"\" width=\"61\" height=\"61\" srcset=\"https:\/\/www.samsung-ese.al\/wp-content\/uploads\/2025\/07\/Varietee-300x300.webp 300w, https:\/\/www.samsung-ese.al\/wp-content\/uploads\/2025\/07\/Varietee-1024x1024.webp 1024w, https:\/\/www.samsung-ese.al\/wp-content\/uploads\/2025\/07\/Varietee-150x150.webp 150w, https:\/\/www.samsung-ese.al\/wp-content\/uploads\/2025\/07\/Varietee-768x768.webp 768w, https:\/\/www.samsung-ese.al\/wp-content\/uploads\/2025\/07\/Varietee-1536x1536.webp 1536w, https:\/\/www.samsung-ese.al\/wp-content\/uploads\/2025\/07\/Varietee-370x370.webp 370w, https:\/\/www.samsung-ese.al\/wp-content\/uploads\/2025\/07\/Varietee-120x120.webp 120w, https:\/\/www.samsung-ese.al\/wp-content\/uploads\/2025\/07\/Varietee-840x840.webp 840w, https:\/\/www.samsung-ese.al\/wp-content\/uploads\/2025\/07\/Varietee-410x410.webp 410w, https:\/\/www.samsung-ese.al\/wp-content\/uploads\/2025\/07\/Varietee-200x200.webp 200w, https:\/\/www.samsung-ese.al\/wp-content\/uploads\/2025\/07\/Varietee-600x600.webp 600w, https:\/\/www.samsung-ese.al\/wp-content\/uploads\/2025\/07\/Varietee.webp 2000w\" sizes=\"(max-width: 61px) 100vw, 61px\" \/><\/h6>\n<p style=\"text-align: center;\"><strong style=\"color: #181818; letter-spacing: 0px;\">Shk\u00ebmbues Nxeht\u00ebsie me Efikasitet t\u00eb Lart\u00eb<\/strong><\/p>\n<\/blockquote>\n<p>&nbsp;<\/p>\n<\/div>\n<div>\n<blockquote>\n<h6 style=\"text-align: center;\"><img decoding=\"async\" class=\"alignnone wp-image-28604\" src=\"https:\/\/www.samsung-ese.al\/wp-content\/uploads\/2025\/07\/Auto-restart-300x300.webp\" alt=\"\" width=\"61\" height=\"61\" srcset=\"https:\/\/www.samsung-ese.al\/wp-content\/uploads\/2025\/07\/Auto-restart-300x300.webp 300w, https:\/\/www.samsung-ese.al\/wp-content\/uploads\/2025\/07\/Auto-restart-150x150.webp 150w, https:\/\/www.samsung-ese.al\/wp-content\/uploads\/2025\/07\/Auto-restart-370x370.webp 370w, https:\/\/www.samsung-ese.al\/wp-content\/uploads\/2025\/07\/Auto-restart-120x120.webp 120w, https:\/\/www.samsung-ese.al\/wp-content\/uploads\/2025\/07\/Auto-restart-410x410.webp 410w, https:\/\/www.samsung-ese.al\/wp-content\/uploads\/2025\/07\/Auto-restart-200x200.webp 200w, https:\/\/www.samsung-ese.al\/wp-content\/uploads\/2025\/07\/Auto-restart.webp 500w\" sizes=\"(max-width: 61px) 100vw, 61px\" \/><\/h6>\n<p style=\"text-align: center;\"><strong style=\"color: #181818; letter-spacing: 0px;\">Funksion i Auto Restart<\/strong><\/p>\n<\/blockquote>\n<p>&nbsp;<\/p>\n<div>\n<blockquote>\n<h6 style=\"text-align: center;\"><img decoding=\"async\" class=\"alignnone wp-image-28603\" src=\"https:\/\/www.samsung-ese.al\/wp-content\/uploads\/2025\/07\/Varietee-300x300.webp\" alt=\"\" width=\"61\" height=\"61\" srcset=\"https:\/\/www.samsung-ese.al\/wp-content\/uploads\/2025\/07\/Varietee-300x300.webp 300w, https:\/\/www.samsung-ese.al\/wp-content\/uploads\/2025\/07\/Varietee-1024x1024.webp 1024w, https:\/\/www.samsung-ese.al\/wp-content\/uploads\/2025\/07\/Varietee-150x150.webp 150w, https:\/\/www.samsung-ese.al\/wp-content\/uploads\/2025\/07\/Varietee-768x768.webp 768w, https:\/\/www.samsung-ese.al\/wp-content\/uploads\/2025\/07\/Varietee-1536x1536.webp 1536w, https:\/\/www.samsung-ese.al\/wp-content\/uploads\/2025\/07\/Varietee-370x370.webp 370w, https:\/\/www.samsung-ese.al\/wp-content\/uploads\/2025\/07\/Varietee-120x120.webp 120w, https:\/\/www.samsung-ese.al\/wp-content\/uploads\/2025\/07\/Varietee-840x840.webp 840w, https:\/\/www.samsung-ese.al\/wp-content\/uploads\/2025\/07\/Varietee-410x410.webp 410w, https:\/\/www.samsung-ese.al\/wp-content\/uploads\/2025\/07\/Varietee-200x200.webp 200w, https:\/\/www.samsung-ese.al\/wp-content\/uploads\/2025\/07\/Varietee-600x600.webp 600w, https:\/\/www.samsung-ese.al\/wp-content\/uploads\/2025\/07\/Varietee.webp 2000w\" sizes=\"(max-width: 61px) 100vw, 61px\" \/><\/h6>\n<p style=\"text-align: center;\"><strong>Filt\u00ebr i P\u00ebrhersh\u00ebm<\/strong><\/p>\n<p style=\"text-align: center;\">Shp\u00ebrndarje m\u00eb e mir\u00eb e ajrit n\u00eb \u00e7do ambient t\u00eb dhom\u00ebs.<\/p>\n<\/blockquote>\n<p>&nbsp;<\/p>\n<div>\n<blockquote>\n<h6 style=\"text-align: center;\"><img decoding=\"async\" class=\"alignnone wp-image-28603\" src=\"https:\/\/www.samsung-ese.al\/wp-content\/uploads\/2025\/07\/Varietee-300x300.webp\" alt=\"\" width=\"61\" height=\"61\" srcset=\"https:\/\/www.samsung-ese.al\/wp-content\/uploads\/2025\/07\/Varietee-300x300.webp 300w, https:\/\/www.samsung-ese.al\/wp-content\/uploads\/2025\/07\/Varietee-1024x1024.webp 1024w, https:\/\/www.samsung-ese.al\/wp-content\/uploads\/2025\/07\/Varietee-150x150.webp 150w, https:\/\/www.samsung-ese.al\/wp-content\/uploads\/2025\/07\/Varietee-768x768.webp 768w, https:\/\/www.samsung-ese.al\/wp-content\/uploads\/2025\/07\/Varietee-1536x1536.webp 1536w, https:\/\/www.samsung-ese.al\/wp-content\/uploads\/2025\/07\/Varietee-370x370.webp 370w, https:\/\/www.samsung-ese.al\/wp-content\/uploads\/2025\/07\/Varietee-120x120.webp 120w, https:\/\/www.samsung-ese.al\/wp-content\/uploads\/2025\/07\/Varietee-840x840.webp 840w, https:\/\/www.samsung-ese.al\/wp-content\/uploads\/2025\/07\/Varietee-410x410.webp 410w, https:\/\/www.samsung-ese.al\/wp-content\/uploads\/2025\/07\/Varietee-200x200.webp 200w, https:\/\/www.samsung-ese.al\/wp-content\/uploads\/2025\/07\/Varietee-600x600.webp 600w, https:\/\/www.samsung-ese.al\/wp-content\/uploads\/2025\/07\/Varietee.webp 2000w\" sizes=\"(max-width: 61px) 100vw, 61px\" \/><\/h6>\n<p style=\"text-align: center;\"><strong>Funksion Auto ESP<\/strong><\/p>\n<p style=\"text-align: center;\">Funksioni Auto ESP Adjustment i kondicionerit Samsung DUCT S ndjen n\u00eb m\u00ebnyr\u00eb efikase dhe automatike presionin statik t\u00eb jasht\u00ebm (ESP), pavar\u00ebsisht nga gjat\u00ebsia e kanaleve. M\u00eb pas, ai rregullon shpejt performanc\u00ebn p\u00ebr t\u00eb optimizuar v\u00ebllimin dhe presionin e ajrit dhe p\u00ebr t\u00eb minimizuar zhurm\u00ebn, duke siguruar rehati maksimale n\u00eb \u00e7do situat\u00eb.<\/p>\n<\/blockquote>\n<p>&nbsp;<\/p>\n<\/div>\n<\/div>\n<\/div>\n<div>\n<blockquote>\n<h6 style=\"text-align: center;\"><img decoding=\"async\" class=\"alignnone wp-image-28603\" src=\"https:\/\/www.samsung-ese.al\/wp-content\/uploads\/2025\/07\/Varietee-300x300.webp\" alt=\"\" width=\"61\" height=\"61\" srcset=\"https:\/\/www.samsung-ese.al\/wp-content\/uploads\/2025\/07\/Varietee-300x300.webp 300w, https:\/\/www.samsung-ese.al\/wp-content\/uploads\/2025\/07\/Varietee-1024x1024.webp 1024w, https:\/\/www.samsung-ese.al\/wp-content\/uploads\/2025\/07\/Varietee-150x150.webp 150w, https:\/\/www.samsung-ese.al\/wp-content\/uploads\/2025\/07\/Varietee-768x768.webp 768w, https:\/\/www.samsung-ese.al\/wp-content\/uploads\/2025\/07\/Varietee-1536x1536.webp 1536w, https:\/\/www.samsung-ese.al\/wp-content\/uploads\/2025\/07\/Varietee-370x370.webp 370w, https:\/\/www.samsung-ese.al\/wp-content\/uploads\/2025\/07\/Varietee-120x120.webp 120w, https:\/\/www.samsung-ese.al\/wp-content\/uploads\/2025\/07\/Varietee-840x840.webp 840w, https:\/\/www.samsung-ese.al\/wp-content\/uploads\/2025\/07\/Varietee-410x410.webp 410w, https:\/\/www.samsung-ese.al\/wp-content\/uploads\/2025\/07\/Varietee-200x200.webp 200w, https:\/\/www.samsung-ese.al\/wp-content\/uploads\/2025\/07\/Varietee-600x600.webp 600w, https:\/\/www.samsung-ese.al\/wp-content\/uploads\/2025\/07\/Varietee.webp 2000w\" sizes=\"(max-width: 61px) 100vw, 61px\" \/><\/h6>\n<p style=\"text-align: center;\"><strong>Kanali Slim LSP me Pompa Shkarkimi<\/strong><\/p>\n<\/blockquote>\n<p>&nbsp;<\/p>\n<\/div>","protected":false},"excerpt":{"rendered":"<h5>Nj\u00eb komfort i paduksh\u00ebm me nj\u00eb performanc\u00eb t\u00eb shk\u00eblqyer.<\/h5>\n<p data-start=\"43\" data-end=\"442\" data-is-last-node=\"\" data-is-only-node=\"\">Transformoni sht\u00ebpin\u00eb ose hap\u00ebsir\u00ebn tuaj t\u00eb pun\u00ebs me kontroll t\u00eb p\u00ebrsosur dhe t\u00eb rafinuar t\u00eb klim\u00ebs duke p\u00ebrdorur Samsung Duct\u202fS \u2014 ku luksi takon efikasitetin. Aj\u00ebr inteligjent dhe i balancuar. Karakterizohet nga teknologjia Auto-ESP q\u00eb ndjen automatikisht presionin statik t\u00eb sistemit t\u00eb kanaleve dhe rregullon rrjedh\u00ebn e ajrit n\u00eb p\u00ebrputhje me t\u00eb, duke siguruar rehati t\u00eb q\u00ebndrueshme me zhurm\u00eb minimale.<\/p>","protected":false},"featured_media":28716,"template":"","meta":{"_eb_attr":""},"product_brand":[],"product_cat":[349,310,301],"product_tag":[313,312,311],"class_list":{"0":"post-28712","1":"product","2":"type-product","3":"status-publish","4":"has-post-thumbnail","6":"product_cat-duct-multisplit","7":"product_cat-residential","8":"product_cat-multi-split-fjm","9":"product_tag-fjm-compatibility","10":"product_tag-rac-category","11":"product_tag-windfree-technology","13":"first","14":"instock","15":"shipping-taxable","16":"product-type-simple"},"_links":{"self":[{"href":"https:\/\/www.samsung-ese.al\/sq\/wp-json\/wp\/v2\/product\/28712","targetHints":{"allow":["GET"]}}],"collection":[{"href":"https:\/\/www.samsung-ese.al\/sq\/wp-json\/wp\/v2\/product"}],"about":[{"href":"https:\/\/www.samsung-ese.al\/sq\/wp-json\/wp\/v2\/types\/product"}],"wp:featuredmedia":[{"embeddable":true,"href":"https:\/\/www.samsung-ese.al\/sq\/wp-json\/wp\/v2\/media\/28716"}],"wp:attachment":[{"href":"https:\/\/www.samsung-ese.al\/sq\/wp-json\/wp\/v2\/media?parent=28712"}],"wp:term":[{"taxonomy":"product_brand","embeddable":true,"href":"https:\/\/www.samsung-ese.al\/sq\/wp-json\/wp\/v2\/product_brand?post=28712"},{"taxonomy":"product_cat","embeddable":true,"href":"https:\/\/www.samsung-ese.al\/sq\/wp-json\/wp\/v2\/product_cat?post=28712"},{"taxonomy":"product_tag","embeddable":true,"href":"https:\/\/www.samsung-ese.al\/sq\/wp-json\/wp\/v2\/product_tag?post=28712"}],"curies":[{"name":"wp","href":"https:\/\/api.w.org\/{rel}","templated":true}]}}