{"id":28699,"date":"2025-07-10T11:04:10","date_gmt":"2025-07-10T11:04:10","guid":{"rendered":"https:\/\/www.samsung-ese.al\/?post_type=product&#038;p=28699"},"modified":"2025-09-02T16:56:35","modified_gmt":"2025-09-02T16:56:35","slug":"4-way-windfree-cassette","status":"publish","type":"product","link":"https:\/\/www.samsung-ese.al\/sq\/produkt\/4-way-windfree-cassette\/","title":{"rendered":"WindFree\u2122 Nj\u00ebsia Kaset\u00eb me Kat\u00ebr Drejtime"},"content":{"rendered":"<h3>Kapacitete t\u00eb disponueshme<\/h3>\n<p>5k, 7k, 9k, 12k, 18k<\/p>\n<h3>Detaje Teknike<\/h3>\n<p>P\u00ebrjetoni rehati maksimale dhe efikasitet me WindFree\u2122 nj\u00ebsin\u00eb kaset\u00eb me kat\u00ebr drejtime .<\/p>\n<p><a href=\"https:\/\/www.samsung-ese.al\/wp-content\/uploads\/2025\/07\/TDB-Free-Joint-Multi-for-Europe-R32-50Hz-HP_New-Protocol_Ver.5.0_250114-2-1.pdf\" target=\"_blank\" rel=\"noopener\">Shiko Dokumentin Teknik<\/a><\/p>\n<h3>Broshura dhe Literatura<\/h3>\n<p><a href=\"https:\/\/www.samsung-ese.al\/wp-content\/uploads\/2025\/07\/4-WAY-WINDFREE-CASSETTE.zip\">Vizatime DWG<\/a> \u00a0\u00a0 \u00a0\u00a0 \u00a0<a href=\"mailto:ese@samsung-ese.al\">P\u00ebr Q\u00ebllime Biznesi<\/a><\/p>\n<div>\n<h3>Ve\u00e7orit\u00eb AC<\/h3>\n<p>Sepse rehatia nuk duhet t\u00eb jet\u00eb e nd\u00ebrlikuar, ja \u00e7far\u00eb ofrohet n\u00eb t\u00eb.<\/p>\n<p>&nbsp;<\/p>\n<blockquote>\n<h6 style=\"text-align: center;\"><img decoding=\"async\" class=\"alignnone wp-image-28698\" src=\"https:\/\/www.samsung-ese.al\/wp-content\/uploads\/2025\/07\/WINDFREE-CONTROL-300x284.png\" alt=\"\" width=\"63\" height=\"60\" srcset=\"https:\/\/www.samsung-ese.al\/wp-content\/uploads\/2025\/07\/WINDFREE-CONTROL-300x284.png 300w, https:\/\/www.samsung-ese.al\/wp-content\/uploads\/2025\/07\/WINDFREE-CONTROL-370x350.png 370w, https:\/\/www.samsung-ese.al\/wp-content\/uploads\/2025\/07\/WINDFREE-CONTROL-200x189.png 200w, https:\/\/www.samsung-ese.al\/wp-content\/uploads\/2025\/07\/WINDFREE-CONTROL.png 393w\" sizes=\"(max-width: 63px) 100vw, 63px\" \/><\/h6>\n<p style=\"text-align: center;\"><strong style=\"color: #181818; letter-spacing: 0px;\">Freskim me Dy Faza (Fast Cooling &amp; WindFree<\/strong><strong>\u2122 Cooling)<\/strong><\/p>\n<p style=\"text-align: center;\">Freskimi WindFree\u2122 ruan n\u00eb m\u00ebnyr\u00eb efektive nj\u00eb nivel rehatsh\u00ebm freskie pa ndjesin\u00eb e pak\u00ebndshme t\u00eb er\u00ebs s\u00eb ftoht\u00eb. Ajri i fresk\u00ebt shp\u00ebrndahet but\u00ebsisht p\u00ebrmes 10,000 mikrovrimave, duke b\u00ebr\u00eb q\u00eb t\u00eb mos ndiheni as shum\u00eb i nxeht\u00eb dhe as shum\u00eb i ftoht\u00eb.<\/p>\n<\/blockquote>\n<p>&nbsp;<\/p>\n<\/div>\n<div>\n<blockquote>\n<h6 style=\"text-align: center;\"><img decoding=\"async\" class=\"alignnone wp-image-28694\" src=\"https:\/\/www.samsung-ese.al\/wp-content\/uploads\/2025\/07\/Energy_savings-300x300.webp\" alt=\"\" width=\"61\" height=\"61\" srcset=\"https:\/\/www.samsung-ese.al\/wp-content\/uploads\/2025\/07\/Energy_savings-300x300.webp 300w, https:\/\/www.samsung-ese.al\/wp-content\/uploads\/2025\/07\/Energy_savings-150x150.webp 150w, https:\/\/www.samsung-ese.al\/wp-content\/uploads\/2025\/07\/Energy_savings-370x370.webp 370w, https:\/\/www.samsung-ese.al\/wp-content\/uploads\/2025\/07\/Energy_savings-120x120.webp 120w, https:\/\/www.samsung-ese.al\/wp-content\/uploads\/2025\/07\/Energy_savings-410x410.webp 410w, https:\/\/www.samsung-ese.al\/wp-content\/uploads\/2025\/07\/Energy_savings-200x200.webp 200w, https:\/\/www.samsung-ese.al\/wp-content\/uploads\/2025\/07\/Energy_savings.webp 500w\" sizes=\"(max-width: 61px) 100vw, 61px\" \/><\/h6>\n<p style=\"text-align: center;\"><strong>Kursimi i Energjis\u00eb<\/strong><\/p>\n<p style=\"text-align: center;\">Freskimi WindFree\u2122 lejon kursim efikas t\u00eb energjis\u00eb.<\/p>\n<\/blockquote>\n<p>&nbsp;<\/p>\n<blockquote>\n<h6 style=\"text-align: center;\"><img decoding=\"async\" class=\"alignnone wp-image-28702\" src=\"https:\/\/www.samsung-ese.al\/wp-content\/uploads\/2025\/07\/Directional_Air_Control-300x300.webp\" alt=\"\" width=\"61\" height=\"61\" srcset=\"https:\/\/www.samsung-ese.al\/wp-content\/uploads\/2025\/07\/Directional_Air_Control-300x300.webp 300w, https:\/\/www.samsung-ese.al\/wp-content\/uploads\/2025\/07\/Directional_Air_Control-1024x1024.webp 1024w, https:\/\/www.samsung-ese.al\/wp-content\/uploads\/2025\/07\/Directional_Air_Control-150x150.webp 150w, https:\/\/www.samsung-ese.al\/wp-content\/uploads\/2025\/07\/Directional_Air_Control-768x768.webp 768w, https:\/\/www.samsung-ese.al\/wp-content\/uploads\/2025\/07\/Directional_Air_Control-1536x1536.webp 1536w, https:\/\/www.samsung-ese.al\/wp-content\/uploads\/2025\/07\/Directional_Air_Control-370x370.webp 370w, https:\/\/www.samsung-ese.al\/wp-content\/uploads\/2025\/07\/Directional_Air_Control-120x120.webp 120w, https:\/\/www.samsung-ese.al\/wp-content\/uploads\/2025\/07\/Directional_Air_Control-840x840.webp 840w, https:\/\/www.samsung-ese.al\/wp-content\/uploads\/2025\/07\/Directional_Air_Control-410x410.webp 410w, https:\/\/www.samsung-ese.al\/wp-content\/uploads\/2025\/07\/Directional_Air_Control-200x200.webp 200w, https:\/\/www.samsung-ese.al\/wp-content\/uploads\/2025\/07\/Directional_Air_Control-600x600.webp 600w, https:\/\/www.samsung-ese.al\/wp-content\/uploads\/2025\/07\/Directional_Air_Control.webp 2000w\" sizes=\"(max-width: 61px) 100vw, 61px\" \/><\/h6>\n<p style=\"text-align: center;\"><strong>Shp\u00ebrndarje Ajri n\u00eb 4 Drejtime<\/strong><\/p>\n<p style=\"text-align: center;\">Furnizim me aj\u00ebr n\u00eb kat\u00ebr drejtime p\u00ebrmes flet\u00ebve t\u00eb rregullueshme n\u00eb m\u00ebnyr\u00eb t\u00eb pavarur.<\/p>\n<\/blockquote>\n<p>&nbsp;<\/p>\n<\/div>\n<div>\n<blockquote>\n<h6 style=\"text-align: center;\"><img loading=\"lazy\" decoding=\"async\" class=\"alignnone wp-image-28696\" src=\"https:\/\/www.samsung-ese.al\/wp-content\/uploads\/2025\/07\/bladeless_design-300x300.webp\" alt=\"\" width=\"61\" height=\"61\" srcset=\"https:\/\/www.samsung-ese.al\/wp-content\/uploads\/2025\/07\/bladeless_design-300x300.webp 300w, https:\/\/www.samsung-ese.al\/wp-content\/uploads\/2025\/07\/bladeless_design-1024x1024.webp 1024w, https:\/\/www.samsung-ese.al\/wp-content\/uploads\/2025\/07\/bladeless_design-150x150.webp 150w, https:\/\/www.samsung-ese.al\/wp-content\/uploads\/2025\/07\/bladeless_design-768x768.webp 768w, https:\/\/www.samsung-ese.al\/wp-content\/uploads\/2025\/07\/bladeless_design-1536x1536.webp 1536w, https:\/\/www.samsung-ese.al\/wp-content\/uploads\/2025\/07\/bladeless_design-370x370.webp 370w, https:\/\/www.samsung-ese.al\/wp-content\/uploads\/2025\/07\/bladeless_design-120x120.webp 120w, https:\/\/www.samsung-ese.al\/wp-content\/uploads\/2025\/07\/bladeless_design-840x840.webp 840w, https:\/\/www.samsung-ese.al\/wp-content\/uploads\/2025\/07\/bladeless_design-410x410.webp 410w, https:\/\/www.samsung-ese.al\/wp-content\/uploads\/2025\/07\/bladeless_design-200x200.webp 200w, https:\/\/www.samsung-ese.al\/wp-content\/uploads\/2025\/07\/bladeless_design-600x600.webp 600w, https:\/\/www.samsung-ese.al\/wp-content\/uploads\/2025\/07\/bladeless_design.webp 2000w\" sizes=\"(max-width: 61px) 100vw, 61px\" \/><\/h6>\n<p style=\"text-align: center;\"><strong>Kontrolli i Flet\u00ebve t\u00eb Kondicionerit<\/strong><\/p>\n<p style=\"text-align: center;\">K\u00ebndi i flet\u00ebve midis k\u00ebndeve 32\u00b0 dhe 75\u00b0; gjer\u00ebsia e flet\u00ebs 66 mm.<\/p>\n<\/blockquote>\n<p>&nbsp;<\/p>\n<\/div>\n<div>\n<div>\n<div>\n<div>\n<div>\n<blockquote>\n<h6 style=\"text-align: center;\"><img loading=\"lazy\" decoding=\"async\" class=\"alignnone wp-image-28603\" src=\"https:\/\/www.samsung-ese.al\/wp-content\/uploads\/2025\/07\/Varietee-300x300.webp\" alt=\"\" width=\"61\" height=\"61\" srcset=\"https:\/\/www.samsung-ese.al\/wp-content\/uploads\/2025\/07\/Varietee-300x300.webp 300w, https:\/\/www.samsung-ese.al\/wp-content\/uploads\/2025\/07\/Varietee-1024x1024.webp 1024w, https:\/\/www.samsung-ese.al\/wp-content\/uploads\/2025\/07\/Varietee-150x150.webp 150w, https:\/\/www.samsung-ese.al\/wp-content\/uploads\/2025\/07\/Varietee-768x768.webp 768w, https:\/\/www.samsung-ese.al\/wp-content\/uploads\/2025\/07\/Varietee-1536x1536.webp 1536w, https:\/\/www.samsung-ese.al\/wp-content\/uploads\/2025\/07\/Varietee-370x370.webp 370w, https:\/\/www.samsung-ese.al\/wp-content\/uploads\/2025\/07\/Varietee-120x120.webp 120w, https:\/\/www.samsung-ese.al\/wp-content\/uploads\/2025\/07\/Varietee-840x840.webp 840w, https:\/\/www.samsung-ese.al\/wp-content\/uploads\/2025\/07\/Varietee-410x410.webp 410w, https:\/\/www.samsung-ese.al\/wp-content\/uploads\/2025\/07\/Varietee-200x200.webp 200w, https:\/\/www.samsung-ese.al\/wp-content\/uploads\/2025\/07\/Varietee-600x600.webp 600w, https:\/\/www.samsung-ese.al\/wp-content\/uploads\/2025\/07\/Varietee.webp 2000w\" sizes=\"(max-width: 61px) 100vw, 61px\" \/><\/h6>\n<p style=\"text-align: center;\"><strong>Pomp\u00eb Kulluese e Kondesimit e Integruar<\/strong><\/p>\n<\/blockquote>\n<p>&nbsp;<\/p>\n<\/div>\n<\/div>\n<\/div>\n<\/div>\n<\/div>","protected":false},"excerpt":{"rendered":"<h5>WindFree\u2122 Nj\u00ebsia Kaset\u00eb me Kat\u00ebr Drejtime  \u00ebsht\u00eb nj\u00eb zgjedhje unike p\u00ebr hap\u00ebsira q\u00eb k\u00ebrkojn\u00eb qet\u00ebsi dhe rehati t\u00eb plot\u00eb.<\/h5>\n<p data-start=\"43\" data-end=\"442\" data-is-last-node=\"\" data-is-only-node=\"\">Nj\u00eb kondicioner q\u00eb shp\u00ebrndan n\u00eb heshtje ajrin n\u00eb kat\u00ebr drejtime duke p\u00ebrdorur mij\u00ebra mikro-vrima t\u00eb integruara n\u00eb panelin e tij. Ai siguron qarkullim t\u00eb barabart\u00eb t\u00eb ajrit, pa rryma, n\u00eb t\u00eb gjith\u00eb ambientin. Zgjidhja m\u00eb e mir\u00eb p\u00ebr ju n\u00ebse keni nevoj\u00eb p\u00ebr: Temperatur\u00eb t\u00eb balancuar n\u00eb hap\u00ebsira t\u00eb m\u00ebdha p\u00ebr ambiente banimi, zyra, hap\u00ebsira \u201copen space\u201d.<\/p>","protected":false},"featured_media":29434,"template":"","meta":{"_eb_attr":""},"product_brand":[],"product_cat":[308,310,348,301],"product_tag":[313,312,311],"class_list":{"0":"post-28699","1":"product","2":"type-product","3":"status-publish","4":"has-post-thumbnail","6":"product_cat-indoor-units","7":"product_cat-residential","8":"product_cat-windfree-cassette","9":"product_cat-multi-split-fjm","10":"product_tag-fjm-compatibility","11":"product_tag-rac-category","12":"product_tag-windfree-technology","14":"first","15":"instock","16":"shipping-taxable","17":"product-type-simple"},"_links":{"self":[{"href":"https:\/\/www.samsung-ese.al\/sq\/wp-json\/wp\/v2\/product\/28699","targetHints":{"allow":["GET"]}}],"collection":[{"href":"https:\/\/www.samsung-ese.al\/sq\/wp-json\/wp\/v2\/product"}],"about":[{"href":"https:\/\/www.samsung-ese.al\/sq\/wp-json\/wp\/v2\/types\/product"}],"wp:featuredmedia":[{"embeddable":true,"href":"https:\/\/www.samsung-ese.al\/sq\/wp-json\/wp\/v2\/media\/29434"}],"wp:attachment":[{"href":"https:\/\/www.samsung-ese.al\/sq\/wp-json\/wp\/v2\/media?parent=28699"}],"wp:term":[{"taxonomy":"product_brand","embeddable":true,"href":"https:\/\/www.samsung-ese.al\/sq\/wp-json\/wp\/v2\/product_brand?post=28699"},{"taxonomy":"product_cat","embeddable":true,"href":"https:\/\/www.samsung-ese.al\/sq\/wp-json\/wp\/v2\/product_cat?post=28699"},{"taxonomy":"product_tag","embeddable":true,"href":"https:\/\/www.samsung-ese.al\/sq\/wp-json\/wp\/v2\/product_tag?post=28699"}],"curies":[{"name":"wp","href":"https:\/\/api.w.org\/{rel}","templated":true}]}}