{"id":28684,"date":"2025-07-10T09:47:54","date_gmt":"2025-07-10T09:47:54","guid":{"rendered":"https:\/\/www.samsung-ese.al\/?post_type=product&#038;p=28684"},"modified":"2025-09-06T20:06:13","modified_gmt":"2025-09-06T20:06:13","slug":"1-way-windfree-cassette","status":"publish","type":"product","link":"https:\/\/www.samsung-ese.al\/sq\/produkt\/1-way-windfree-cassette\/","title":{"rendered":"WindFree\u2122 Nj\u00ebsia Kaset\u00eb me Nj\u00eb Drejtim"},"content":{"rendered":"<h3>Available Capacities | Recommended Surfaces (*)<\/h3>\n<p><strong>2.5 kW \/ 9k Btu\/h<\/strong> | For residential areas up to 15m\u00b2 ~ 18m\u00b2<\/p>\n<p><strong>3.5 kW \/ 12k Btu\/h<\/strong> | For residential areas 20m\u00b2 ~ 30m\u00b2<\/p>\n<p>(*) Surface areas shown are INDICATIVE. Please feel free to contact our Engineering Department for custom made calculations for your spaces.<\/p>\n<h3>Detaje Teknike<\/h3>\n<p>P\u00ebrjetoni rehati maksimale dhe efikasitet me WindFree\u2122 nj\u00ebsia kaset\u00eb me nj\u00eb drejtim.<\/p>\n<p><a href=\"https:\/\/www.samsung-ese.al\/wp-content\/uploads\/2025\/07\/TDB-Free-Joint-Multi-for-Europe-R32-50Hz-HP_New-Protocol_Ver.5.0_250114-2.pdf\" target=\"_blank\" rel=\"noopener\">Shiko Dokumentin Teknik<\/a><\/p>\n<h3>Broshura dhe Literatura<\/h3>\n<p><a href=\"https:\/\/www.samsung-ese.al\/wp-content\/uploads\/2025\/07\/1-WAY-WINDFREE-CASSETTE.zip\">Vizatime DWG<\/a> \u00a0\u00a0 \u00a0\u00a0 \u00a0<a href=\"mailto:ese@samsung-ese.al\">P\u00ebr Q\u00ebllime Biznesi<\/a><\/p>\n<div>\n<h3>Ve\u00e7orit\u00eb AC<\/h3>\n<p>Sepse rehatia nuk duhet t\u00eb jet\u00eb e nd\u00ebrlikuar, ja \u00e7far\u00eb ofrohet n\u00eb t\u00eb.<\/p>\n<p>&nbsp;<\/p>\n<blockquote>\n<h6 style=\"text-align: center\"><img decoding=\"async\" class=\"alignnone wp-image-28698\" src=\"https:\/\/www.samsung-ese.al\/wp-content\/uploads\/2025\/07\/WINDFREE-CONTROL-300x284.png\" alt=\"\" width=\"63\" height=\"60\" srcset=\"https:\/\/www.samsung-ese.al\/wp-content\/uploads\/2025\/07\/WINDFREE-CONTROL-300x284.png 300w, https:\/\/www.samsung-ese.al\/wp-content\/uploads\/2025\/07\/WINDFREE-CONTROL-370x350.png 370w, https:\/\/www.samsung-ese.al\/wp-content\/uploads\/2025\/07\/WINDFREE-CONTROL-200x189.png 200w, https:\/\/www.samsung-ese.al\/wp-content\/uploads\/2025\/07\/WINDFREE-CONTROL.png 393w\" sizes=\"(max-width: 63px) 100vw, 63px\" \/><\/h6>\n<p style=\"text-align: center\"><strong style=\"color: #181818;letter-spacing: 0px\">Freskim me Dy Faza (<\/strong><strong>Fast Cooling &amp; WindFree\u2122 Cooling)<\/strong><\/p>\n<p style=\"text-align: center\">Freskimi WindFree\u2122 ruan n\u00eb m\u00ebnyr\u00eb efektive nj\u00eb nivel rehatsh\u00ebm freskie pa ndjesin\u00eb e pak\u00ebndshme t\u00eb er\u00ebs s\u00eb ftoht\u00eb. Ajri i fresk\u00ebt shp\u00ebrndahet but\u00ebsisht p\u00ebrmes 10,000 mikrovrimave, duke b\u00ebr\u00eb q\u00eb t\u00eb mos ndiheni as shum\u00eb i nxeht\u00eb dhe as shum\u00eb i ftoht\u00eb.<\/p>\n<\/blockquote>\n<p>&nbsp;<\/p>\n<\/div>\n<div>\n<blockquote>\n<h6 style=\"text-align: center\"><img decoding=\"async\" class=\"alignnone wp-image-28694\" src=\"https:\/\/www.samsung-ese.al\/wp-content\/uploads\/2025\/07\/Energy_savings-300x300.webp\" alt=\"\" width=\"61\" height=\"61\" srcset=\"https:\/\/www.samsung-ese.al\/wp-content\/uploads\/2025\/07\/Energy_savings-300x300.webp 300w, https:\/\/www.samsung-ese.al\/wp-content\/uploads\/2025\/07\/Energy_savings-150x150.webp 150w, https:\/\/www.samsung-ese.al\/wp-content\/uploads\/2025\/07\/Energy_savings-370x370.webp 370w, https:\/\/www.samsung-ese.al\/wp-content\/uploads\/2025\/07\/Energy_savings-120x120.webp 120w, https:\/\/www.samsung-ese.al\/wp-content\/uploads\/2025\/07\/Energy_savings-410x410.webp 410w, https:\/\/www.samsung-ese.al\/wp-content\/uploads\/2025\/07\/Energy_savings-200x200.webp 200w, https:\/\/www.samsung-ese.al\/wp-content\/uploads\/2025\/07\/Energy_savings.webp 500w\" sizes=\"(max-width: 61px) 100vw, 61px\" \/><\/h6>\n<p style=\"text-align: center\"><strong>Kursimi i Energjis\u00eb<\/strong><\/p>\n<p style=\"text-align: center\">Freskimi WindFree\u2122 lejon kursim efikas t\u00eb energjis\u00eb.<\/p>\n<\/blockquote>\n<p>&nbsp;<\/p>\n<blockquote>\n<h6 style=\"text-align: center\"><img decoding=\"async\" class=\"alignnone wp-image-28555\" src=\"https:\/\/www.samsung-ese.al\/wp-content\/uploads\/2025\/07\/MOTION_DETECT_SENSOR-300x296.png\" alt=\"\" width=\"61\" height=\"60\" srcset=\"https:\/\/www.samsung-ese.al\/wp-content\/uploads\/2025\/07\/MOTION_DETECT_SENSOR-300x296.png 300w, https:\/\/www.samsung-ese.al\/wp-content\/uploads\/2025\/07\/MOTION_DETECT_SENSOR-150x150.png 150w, https:\/\/www.samsung-ese.al\/wp-content\/uploads\/2025\/07\/MOTION_DETECT_SENSOR-370x370.png 370w, https:\/\/www.samsung-ese.al\/wp-content\/uploads\/2025\/07\/MOTION_DETECT_SENSOR-120x120.png 120w, https:\/\/www.samsung-ese.al\/wp-content\/uploads\/2025\/07\/MOTION_DETECT_SENSOR-410x405.png 410w, https:\/\/www.samsung-ese.al\/wp-content\/uploads\/2025\/07\/MOTION_DETECT_SENSOR-200x197.png 200w, https:\/\/www.samsung-ese.al\/wp-content\/uploads\/2025\/07\/MOTION_DETECT_SENSOR.png 538w\" sizes=\"(max-width: 61px) 100vw, 61px\" \/><\/h6>\n<p style=\"text-align: center\"><strong>Shp\u00ebrndarje e Gjer\u00eb e Ajrit<\/strong><\/p>\n<p style=\"text-align: center\">Shp\u00ebrndarje m\u00eb e mir\u00eb e ajrit n\u00eb \u00e7do ambient t\u00eb dhom\u00ebs.<\/p>\n<\/blockquote>\n<p>&nbsp;<\/p>\n<\/div>\n<div>\n<blockquote>\n<h6 style=\"text-align: center\"><img loading=\"lazy\" decoding=\"async\" class=\"alignnone wp-image-28695\" src=\"https:\/\/www.samsung-ese.al\/wp-content\/uploads\/2025\/07\/Smart-install-1-300x300.webp\" alt=\"\" width=\"61\" height=\"61\" srcset=\"https:\/\/www.samsung-ese.al\/wp-content\/uploads\/2025\/07\/Smart-install-1-300x300.webp 300w, https:\/\/www.samsung-ese.al\/wp-content\/uploads\/2025\/07\/Smart-install-1-150x150.webp 150w, https:\/\/www.samsung-ese.al\/wp-content\/uploads\/2025\/07\/Smart-install-1-370x370.webp 370w, https:\/\/www.samsung-ese.al\/wp-content\/uploads\/2025\/07\/Smart-install-1-120x120.webp 120w, https:\/\/www.samsung-ese.al\/wp-content\/uploads\/2025\/07\/Smart-install-1-410x410.webp 410w, https:\/\/www.samsung-ese.al\/wp-content\/uploads\/2025\/07\/Smart-install-1-200x200.webp 200w, https:\/\/www.samsung-ese.al\/wp-content\/uploads\/2025\/07\/Smart-install-1.webp 500w\" sizes=\"(max-width: 61px) 100vw, 61px\" \/><\/h6>\n<p style=\"text-align: center\"><strong>Kursim i Hap\u00ebsir\u00ebs s\u00eb Instalimit<\/strong><\/p>\n<p style=\"text-align: center\">Lart\u00ebsia e hap\u00ebsir\u00ebs s\u00eb k\u00ebrkuar p\u00ebr instalim \u00ebsht\u00eb 155 mm.<\/p>\n<\/blockquote>\n<p>&nbsp;<\/p>\n<div>\n<blockquote>\n<h6 style=\"text-align: center\"><img loading=\"lazy\" decoding=\"async\" class=\"alignnone wp-image-28696\" src=\"https:\/\/www.samsung-ese.al\/wp-content\/uploads\/2025\/07\/bladeless_design-300x300.webp\" alt=\"\" width=\"61\" height=\"61\" srcset=\"https:\/\/www.samsung-ese.al\/wp-content\/uploads\/2025\/07\/bladeless_design-300x300.webp 300w, https:\/\/www.samsung-ese.al\/wp-content\/uploads\/2025\/07\/bladeless_design-1024x1024.webp 1024w, https:\/\/www.samsung-ese.al\/wp-content\/uploads\/2025\/07\/bladeless_design-150x150.webp 150w, https:\/\/www.samsung-ese.al\/wp-content\/uploads\/2025\/07\/bladeless_design-768x768.webp 768w, https:\/\/www.samsung-ese.al\/wp-content\/uploads\/2025\/07\/bladeless_design-1536x1536.webp 1536w, https:\/\/www.samsung-ese.al\/wp-content\/uploads\/2025\/07\/bladeless_design-370x370.webp 370w, https:\/\/www.samsung-ese.al\/wp-content\/uploads\/2025\/07\/bladeless_design-120x120.webp 120w, https:\/\/www.samsung-ese.al\/wp-content\/uploads\/2025\/07\/bladeless_design-840x840.webp 840w, https:\/\/www.samsung-ese.al\/wp-content\/uploads\/2025\/07\/bladeless_design-410x410.webp 410w, https:\/\/www.samsung-ese.al\/wp-content\/uploads\/2025\/07\/bladeless_design-200x200.webp 200w, https:\/\/www.samsung-ese.al\/wp-content\/uploads\/2025\/07\/bladeless_design-600x600.webp 600w, https:\/\/www.samsung-ese.al\/wp-content\/uploads\/2025\/07\/bladeless_design.webp 2000w\" sizes=\"(max-width: 61px) 100vw, 61px\" \/><\/h6>\n<p style=\"text-align: center\"><strong>Kontrolli i Flet\u00ebve t\u00eb Kondicionerit<\/strong><\/p>\n<p style=\"text-align: center\">K\u00ebndi i flet\u00ebve midis k\u00ebndeve 32\u00b0 dhe 75\u00b0; gjer\u00ebsia e flet\u00ebs 66 mm.<\/p>\n<\/blockquote>\n<p>&nbsp;<\/p>\n<div>\n<blockquote>\n<h6 style=\"text-align: center\">\u00a0\u00a0<img loading=\"lazy\" decoding=\"async\" class=\"alignnone wp-image-28697\" src=\"https:\/\/www.samsung-ese.al\/wp-content\/uploads\/2025\/07\/total-control-300x300.webp\" alt=\"\" width=\"61\" height=\"61\" srcset=\"https:\/\/www.samsung-ese.al\/wp-content\/uploads\/2025\/07\/total-control-300x300.webp 300w, https:\/\/www.samsung-ese.al\/wp-content\/uploads\/2025\/07\/total-control-150x150.webp 150w, https:\/\/www.samsung-ese.al\/wp-content\/uploads\/2025\/07\/total-control-370x370.webp 370w, https:\/\/www.samsung-ese.al\/wp-content\/uploads\/2025\/07\/total-control-120x120.webp 120w, https:\/\/www.samsung-ese.al\/wp-content\/uploads\/2025\/07\/total-control-410x410.webp 410w, https:\/\/www.samsung-ese.al\/wp-content\/uploads\/2025\/07\/total-control-200x200.webp 200w, https:\/\/www.samsung-ese.al\/wp-content\/uploads\/2025\/07\/total-control.webp 500w\" sizes=\"(max-width: 61px) 100vw, 61px\" \/><\/h6>\n<p style=\"text-align: center\"><strong>Aksesim i Thjesht\u00eb<\/strong><\/p>\n<p style=\"text-align: center\">T\u00eb gjitha komponent\u00ebt e brendsh\u00ebm dhe lidhjet elektrike n\u00eb terren jan\u00eb t\u00eb aksesueshme nga pjesa e poshtme e nj\u00ebsive.<\/p>\n<\/blockquote>\n<p>&nbsp;<\/p>\n<div>\n<div>\n<div>\n<blockquote>\n<h6 style=\"text-align: center\"><img loading=\"lazy\" decoding=\"async\" class=\"alignnone wp-image-28603\" src=\"https:\/\/www.samsung-ese.al\/wp-content\/uploads\/2025\/07\/Varietee-300x300.webp\" alt=\"\" width=\"61\" height=\"61\" srcset=\"https:\/\/www.samsung-ese.al\/wp-content\/uploads\/2025\/07\/Varietee-300x300.webp 300w, https:\/\/www.samsung-ese.al\/wp-content\/uploads\/2025\/07\/Varietee-1024x1024.webp 1024w, https:\/\/www.samsung-ese.al\/wp-content\/uploads\/2025\/07\/Varietee-150x150.webp 150w, https:\/\/www.samsung-ese.al\/wp-content\/uploads\/2025\/07\/Varietee-768x768.webp 768w, https:\/\/www.samsung-ese.al\/wp-content\/uploads\/2025\/07\/Varietee-1536x1536.webp 1536w, https:\/\/www.samsung-ese.al\/wp-content\/uploads\/2025\/07\/Varietee-370x370.webp 370w, https:\/\/www.samsung-ese.al\/wp-content\/uploads\/2025\/07\/Varietee-120x120.webp 120w, https:\/\/www.samsung-ese.al\/wp-content\/uploads\/2025\/07\/Varietee-840x840.webp 840w, https:\/\/www.samsung-ese.al\/wp-content\/uploads\/2025\/07\/Varietee-410x410.webp 410w, https:\/\/www.samsung-ese.al\/wp-content\/uploads\/2025\/07\/Varietee-200x200.webp 200w, https:\/\/www.samsung-ese.al\/wp-content\/uploads\/2025\/07\/Varietee-600x600.webp 600w, https:\/\/www.samsung-ese.al\/wp-content\/uploads\/2025\/07\/Varietee.webp 2000w\" sizes=\"(max-width: 61px) 100vw, 61px\" \/><\/h6>\n<p style=\"text-align: center\"><strong>Pomp\u00eb Kulluese e Kondesimit e Integruar<\/strong><\/p>\n<\/blockquote>\n<p>&nbsp;<\/p>\n<\/div>\n<div>\n<blockquote>\n<h6 style=\"text-align: center\"><img loading=\"lazy\" decoding=\"async\" class=\"alignnone wp-image-28603\" src=\"https:\/\/www.samsung-ese.al\/wp-content\/uploads\/2025\/07\/Varietee-300x300.webp\" alt=\"\" width=\"61\" height=\"61\" srcset=\"https:\/\/www.samsung-ese.al\/wp-content\/uploads\/2025\/07\/Varietee-300x300.webp 300w, https:\/\/www.samsung-ese.al\/wp-content\/uploads\/2025\/07\/Varietee-1024x1024.webp 1024w, https:\/\/www.samsung-ese.al\/wp-content\/uploads\/2025\/07\/Varietee-150x150.webp 150w, https:\/\/www.samsung-ese.al\/wp-content\/uploads\/2025\/07\/Varietee-768x768.webp 768w, https:\/\/www.samsung-ese.al\/wp-content\/uploads\/2025\/07\/Varietee-1536x1536.webp 1536w, https:\/\/www.samsung-ese.al\/wp-content\/uploads\/2025\/07\/Varietee-370x370.webp 370w, https:\/\/www.samsung-ese.al\/wp-content\/uploads\/2025\/07\/Varietee-120x120.webp 120w, https:\/\/www.samsung-ese.al\/wp-content\/uploads\/2025\/07\/Varietee-840x840.webp 840w, https:\/\/www.samsung-ese.al\/wp-content\/uploads\/2025\/07\/Varietee-410x410.webp 410w, https:\/\/www.samsung-ese.al\/wp-content\/uploads\/2025\/07\/Varietee-200x200.webp 200w, https:\/\/www.samsung-ese.al\/wp-content\/uploads\/2025\/07\/Varietee-600x600.webp 600w, https:\/\/www.samsung-ese.al\/wp-content\/uploads\/2025\/07\/Varietee.webp 2000w\" sizes=\"(max-width: 61px) 100vw, 61px\" \/><\/h6>\n<p style=\"text-align: center\"><strong>Sensor i Integruar i Lag\u00ebshtis\u00eb<\/strong><\/p>\n<\/blockquote>\n<p>&nbsp;<\/p>\n<\/div>\n<\/div>\n<div>\n<blockquote>\n<h6 style=\"text-align: center\"><img loading=\"lazy\" decoding=\"async\" class=\"alignnone wp-image-28548\" src=\"https:\/\/www.samsung-ese.al\/wp-content\/uploads\/2025\/07\/SILENT-MODE-300x292.png\" alt=\"\" width=\"61\" height=\"59\" srcset=\"https:\/\/www.samsung-ese.al\/wp-content\/uploads\/2025\/07\/SILENT-MODE-300x292.png 300w, https:\/\/www.samsung-ese.al\/wp-content\/uploads\/2025\/07\/SILENT-MODE-370x360.png 370w, https:\/\/www.samsung-ese.al\/wp-content\/uploads\/2025\/07\/SILENT-MODE-200x195.png 200w, https:\/\/www.samsung-ese.al\/wp-content\/uploads\/2025\/07\/SILENT-MODE.png 380w\" sizes=\"(max-width: 61px) 100vw, 61px\" \/><\/h6>\n<p style=\"text-align: center\"><strong>Funksioni Pa Zhurm\u00eb<\/strong><\/p>\n<p style=\"text-align: center\">P\u00ebr t\u00eb siguruar rehati sa m\u00eb komode, Samsung ka p\u00ebrmir\u00ebsuar shum\u00eb pjes\u00eb p\u00ebr t\u00eb zvog\u00ebluar dridhjet dhe zhurm\u00ebn q\u00eb vijn\u00eb nga kondicioneri. Me kondicionerin shum\u00eb inovativ t\u00eb Samsung, mund t\u00eb shijoni gjithmon\u00eb nj\u00eb jet\u00eb t\u00eb qet\u00eb dhe pa zhurm\u00eb, duke q\u00ebndruar n\u00eb rehati dhe freski.<\/p>\n<\/blockquote>\n<p>&nbsp;<\/p>\n<\/div>\n<\/div>\n<\/div>\n<\/div>\n<\/div>","protected":false},"excerpt":{"rendered":"<h5>Zgjidhja e duhur ideale:<\/h5>\n<ol>\n<li data-start=\"43\" data-end=\"442\"><strong>Homeowners<\/strong> \u2013 perfect comfort for bedrooms, living rooms, and baby rooms.<\/li>\n<li data-start=\"43\" data-end=\"442\"><strong>Offices &amp; Gyms<\/strong> \u2013 quiet, efficient cooling that supports productivity and wellbeing.<\/li>\n<li data-start=\"43\" data-end=\"442\"><strong>Small Hotels &amp; Motels<\/strong> \u2013 deliver a premium guest experience with centralized comfort.<\/li>\n<\/ol>\n<h5>P\u00ebrfitimet Kryesore:<\/h5>\n<ol>\n<li data-start=\"43\" data-end=\"442\"><strong>Teknologjia WindFree\u2122<\/strong> \u2013 <strong>SAMSUNG&#8217;s unique, patented <\/strong>innovation, <strong>eliminating unpleasant <\/strong>dhe <strong>unhealthy drafts<\/strong> by diffusing air through <strong>thousands of micro-holes<\/strong> with advanced operation algorithms. Enjoy the <strong>best comfort conditions in the market<\/strong>.<\/li>\n<li data-start=\"43\" data-end=\"442\"><strong>Ultra-Slim Design<\/strong> \u2013 with a <strong>unit height<\/strong> of just <strong>135mm<\/strong> (only slightly larger than a standard light bulb), it <strong>saves ceiling height<\/strong>, making it a <strong>top choice for architects<\/strong> worldwide.<\/li>\n<li data-start=\"43\" data-end=\"442\"><strong>Outstanding Energy Savings<\/strong> \u2013 <strong>WindFree\u2122<\/strong> mode ensures <strong>maximum efficiency without compromising comfort<\/strong>.<\/li>\n<li data-start=\"43\" data-end=\"442\"><strong>Extremely Quiet<\/strong> \u2013 exceptionally low noise levels, especially in WindFree\u2122 mode, for <strong>true whisper-quiet operation<\/strong>.<\/li>\n<li data-start=\"43\" data-end=\"442\"><strong>SmartThings Ready<\/strong> \u2013 Seamlessly connect your unit to <strong>SAMSUNG&#8217;s SmartThings App<\/strong> (<strong>completely free to download<\/strong> dhe <strong>use<\/strong>). Control your indoor unit anytime, anywhere: adjust settings, set schedules, apply restrictions, monitor energy use, and much more \u2014 <strong>all from your smartphone or tablet<\/strong>.<\/li>\n<li data-start=\"43\" data-end=\"442\"><strong>Optional PM 1.0 Hygiene Panel\u00a0<\/strong><\/li>\n<\/ol>\n<h5>Nuk \u00ebsht\u00eb i p\u00ebrshtatsh\u00ebm n\u00ebse:<\/h5>\n<p>Your net floor height is 3.2m and higher.<\/p>\n<h5>Short Description.<\/h5>\n<p data-start=\"43\" data-end=\"442\" data-is-last-node=\"\" data-is-only-node=\"\"><strong>Nd\u00ebrthurje e p\u00ebrkryer e dizajnit, funksionalitetit dhe inovacionit.<\/strong><\/p>\n<p data-start=\"43\" data-end=\"442\" data-is-last-node=\"\" data-is-only-node=\"\">The SAMSUNG WindFree\u2122 1-Way Cassette is a state-of-the-art, whisper-quiet HVAC solution that provides gentle, evenly distributed cooling without drafts. With thousands of micro-holes, it delivers soft, consistent airflow that feels natural \u2014 ensuring healthy, restful comfort for bedrooms, offices, and small hospitality spaces. Its sleek, ultra-slim design makes it architect-friendly, while top energy efficiency keeps running costs low.<\/p>","protected":false},"featured_media":28690,"template":"","meta":{"_eb_attr":""},"product_brand":[],"product_cat":[308,310,348,301],"product_tag":[313,314,312,311],"class_list":{"0":"post-28684","1":"product","2":"type-product","3":"status-publish","4":"has-post-thumbnail","6":"product_cat-indoor-units","7":"product_cat-residential","8":"product_cat-windfree-cassette","9":"product_cat-multi-split-fjm","10":"product_tag-fjm-compatibility","11":"product_tag-r32","12":"product_tag-rac-category","13":"product_tag-windfree-technology","15":"first","16":"instock","17":"shipping-taxable","18":"product-type-simple"},"_links":{"self":[{"href":"https:\/\/www.samsung-ese.al\/sq\/wp-json\/wp\/v2\/product\/28684","targetHints":{"allow":["GET"]}}],"collection":[{"href":"https:\/\/www.samsung-ese.al\/sq\/wp-json\/wp\/v2\/product"}],"about":[{"href":"https:\/\/www.samsung-ese.al\/sq\/wp-json\/wp\/v2\/types\/product"}],"wp:featuredmedia":[{"embeddable":true,"href":"https:\/\/www.samsung-ese.al\/sq\/wp-json\/wp\/v2\/media\/28690"}],"wp:attachment":[{"href":"https:\/\/www.samsung-ese.al\/sq\/wp-json\/wp\/v2\/media?parent=28684"}],"wp:term":[{"taxonomy":"product_brand","embeddable":true,"href":"https:\/\/www.samsung-ese.al\/sq\/wp-json\/wp\/v2\/product_brand?post=28684"},{"taxonomy":"product_cat","embeddable":true,"href":"https:\/\/www.samsung-ese.al\/sq\/wp-json\/wp\/v2\/product_cat?post=28684"},{"taxonomy":"product_tag","embeddable":true,"href":"https:\/\/www.samsung-ese.al\/sq\/wp-json\/wp\/v2\/product_tag?post=28684"}],"curies":[{"name":"wp","href":"https:\/\/api.w.org\/{rel}","templated":true}]}}