{"id":28671,"date":"2025-07-09T19:56:36","date_gmt":"2025-07-09T19:56:36","guid":{"rendered":"https:\/\/www.samsung-ese.al\/?post_type=product&#038;p=28671"},"modified":"2025-08-27T14:31:39","modified_gmt":"2025-08-27T14:31:39","slug":"cebu-s2-multi-split","status":"publish","type":"product","link":"https:\/\/www.samsung-ese.al\/sq\/produkt\/cebu-s2-multi-split\/","title":{"rendered":"Cebu S2 \u2013 Multi Split"},"content":{"rendered":"<h3>Eficensa e Energjis\u00eb<\/h3>\n<p>A++\/ A+<\/p>\n<h3>Kapacitete t\u00eb disponueshme<\/h3>\n<p>7k, 9k, 12k, 15k, 18k, 24k<\/p>\n<h3>Detaje Teknike<\/h3>\n<p>P\u00ebrjetoni rehati maksimale dhe efikasitet me Cebu S2.<\/p>\n<p><a href=\"https:\/\/www.samsung-ese.al\/wp-content\/uploads\/2025\/07\/TDB-2025-AR9500T-RAC-for-Europe-R32-50Hz-HP_Ver.1.0_241212-2-2.pdf\" target=\"_blank\" rel=\"noopener\">Shiko Dokumentin Teknik<\/a><\/p>\n<h3>Broshura dhe Literatura<\/h3>\n<p><a href=\"https:\/\/www.samsung-ese.al\/wp-content\/uploads\/2025\/07\/CEBU.zip\">Vizatime DWG<\/a> \u00a0\u00a0 \u00a0\u00a0 \u00a0<a href=\"mailto:ese@samsung-ese.al\">P\u00ebr Q\u00ebllime Biznesi<\/a><\/p>\n<div>\n<h3>Ve\u00e7orit\u00eb AC<\/h3>\n<p>Sepse rehatia nuk duhet t\u00eb jet\u00eb e nd\u00ebrlikuar, ja \u00e7far\u00eb ofrohet n\u00eb t\u00eb.<\/p>\n<p>&nbsp;<\/p>\n<blockquote>\n<h6 style=\"text-align: center;\"><img decoding=\"async\" class=\"alignnone wp-image-28531\" src=\"https:\/\/www.samsung-ese.al\/wp-content\/uploads\/2025\/07\/AI-AUTO-COOLING-300x294.png\" alt=\"\" width=\"61\" height=\"60\" srcset=\"https:\/\/www.samsung-ese.al\/wp-content\/uploads\/2025\/07\/AI-AUTO-COOLING-300x294.png 300w, https:\/\/www.samsung-ese.al\/wp-content\/uploads\/2025\/07\/AI-AUTO-COOLING-150x150.png 150w, https:\/\/www.samsung-ese.al\/wp-content\/uploads\/2025\/07\/AI-AUTO-COOLING-370x370.png 370w, https:\/\/www.samsung-ese.al\/wp-content\/uploads\/2025\/07\/AI-AUTO-COOLING-120x120.png 120w, https:\/\/www.samsung-ese.al\/wp-content\/uploads\/2025\/07\/AI-AUTO-COOLING-410x402.png 410w, https:\/\/www.samsung-ese.al\/wp-content\/uploads\/2025\/07\/AI-AUTO-COOLING-200x196.png 200w, https:\/\/www.samsung-ese.al\/wp-content\/uploads\/2025\/07\/AI-AUTO-COOLING.png 533w\" sizes=\"(max-width: 61px) 100vw, 61px\" \/><\/h6>\n<p style=\"text-align: center;\"><strong style=\"color: #181818; letter-spacing: 0px;\">Ftohje Automatike me Inteligjenc\u00eb Artificiale (AI)<\/strong><\/p>\n<p style=\"text-align: center;\">P\u00ebrjetoni jetes\u00ebn inteligjente. AI analizon modelet tuaja t\u00eb p\u00ebrdorimit dhe kushtet e ambientit, n\u00eb m\u00ebnyr\u00eb q\u00eb t\u00eb aktivizoj\u00eb automatikisht Ftohjen e Shpejt\u00eb. Pas uljes s\u00eb temperatur\u00ebs, AI kalon n\u00eb Ftohjen WindFree\u2122 p\u00ebr t\u00eb ruajtur kushtet ideale. Sa m\u00eb shum\u00eb ta p\u00ebrdorni, aq m\u00eb mir\u00eb p\u00ebrshtatet me preferencat tuaja.<\/p>\n<\/blockquote>\n<p>&nbsp;<\/p>\n<\/div>\n<div>\n<blockquote>\n<h6 style=\"text-align: center;\"><img decoding=\"async\" class=\"alignnone wp-image-28531\" src=\"https:\/\/www.samsung-ese.al\/wp-content\/uploads\/2025\/07\/AI-AUTO-COOLING-300x294.png\" alt=\"\" width=\"61\" height=\"60\" srcset=\"https:\/\/www.samsung-ese.al\/wp-content\/uploads\/2025\/07\/AI-AUTO-COOLING-300x294.png 300w, https:\/\/www.samsung-ese.al\/wp-content\/uploads\/2025\/07\/AI-AUTO-COOLING-150x150.png 150w, https:\/\/www.samsung-ese.al\/wp-content\/uploads\/2025\/07\/AI-AUTO-COOLING-370x370.png 370w, https:\/\/www.samsung-ese.al\/wp-content\/uploads\/2025\/07\/AI-AUTO-COOLING-120x120.png 120w, https:\/\/www.samsung-ese.al\/wp-content\/uploads\/2025\/07\/AI-AUTO-COOLING-410x402.png 410w, https:\/\/www.samsung-ese.al\/wp-content\/uploads\/2025\/07\/AI-AUTO-COOLING-200x196.png 200w, https:\/\/www.samsung-ese.al\/wp-content\/uploads\/2025\/07\/AI-AUTO-COOLING.png 533w\" sizes=\"(max-width: 61px) 100vw, 61px\" \/><\/h6>\n<p style=\"text-align: center;\"><strong>Rehati Automatike me Inteligjenc\u00eb Artificiale (AI)<\/strong><\/p>\n<p style=\"text-align: center;\">AI Auto Comfort u ofron banor\u00ebve p\u00ebrvoj\u00ebn e kontrollit inteligjent t\u00eb klim\u00ebs. P\u00ebr ta b\u00ebr\u00eb jet\u00ebn m\u00eb t\u00eb thjesht\u00eb dhe m\u00eb efikase, ai optimizon automatikisht m\u00ebnyrat e funksionimit duke analizuar kushtet e ambientit dhe modelet e p\u00ebrdorimit. Bazuar n\u00eb temperatur\u00ebn e preferuar t\u00eb brendshme dhe temperatur\u00ebn aktuale t\u00eb jashtme, nj\u00ebsia kalon automatikisht n\u00eb modalitetin m\u00eb t\u00eb p\u00ebrshtatsh\u00ebm t\u00eb ftohjes ose ngrohjes p\u00ebr t\u00eb ruajtur kushte optimale dhe komode n\u00eb ambient. Kjo p\u00ebrfshin WindFree\u2122, Ftohje t\u00eb Shpejt\u00eb, Ftohje Normale dhe Ngrohje.<\/p>\n<\/blockquote>\n<p>&nbsp;<\/p>\n<blockquote>\n<h6 style=\"text-align: center;\"><img decoding=\"async\" class=\"alignnone wp-image-28532\" src=\"https:\/\/www.samsung-ese.al\/wp-content\/uploads\/2025\/07\/AI-ENERGY-MODE-300x300.png\" alt=\"\" width=\"61\" height=\"61\" srcset=\"https:\/\/www.samsung-ese.al\/wp-content\/uploads\/2025\/07\/AI-ENERGY-MODE-300x300.png 300w, https:\/\/www.samsung-ese.al\/wp-content\/uploads\/2025\/07\/AI-ENERGY-MODE-150x150.png 150w, https:\/\/www.samsung-ese.al\/wp-content\/uploads\/2025\/07\/AI-ENERGY-MODE-370x370.png 370w, https:\/\/www.samsung-ese.al\/wp-content\/uploads\/2025\/07\/AI-ENERGY-MODE-120x120.png 120w, https:\/\/www.samsung-ese.al\/wp-content\/uploads\/2025\/07\/AI-ENERGY-MODE-410x409.png 410w, https:\/\/www.samsung-ese.al\/wp-content\/uploads\/2025\/07\/AI-ENERGY-MODE-200x200.png 200w, https:\/\/www.samsung-ese.al\/wp-content\/uploads\/2025\/07\/AI-ENERGY-MODE.png 550w\" sizes=\"(max-width: 61px) 100vw, 61px\" \/><\/h6>\n<p style=\"text-align: center;\"><strong>Modaliteti i Energjis\u00eb me Inteligjenc\u00eb Artificiale (AI)<\/strong><\/p>\n<p style=\"text-align: center;\">Duke p\u00ebrdorur AI p\u00ebr t\u00eb analizuar m\u00ebnyr\u00ebn tuaj t\u00eb p\u00ebrdorimit dhe kushtet e jashtme, ai parandalon ndalesat ose rritjet e papritura t\u00eb frekuenc\u00ebs s\u00eb kompresorit, duke ulur p\u00ebrdorimin e energjis\u00eb deri n\u00eb 30%.<\/p>\n<\/blockquote>\n<p>&nbsp;<\/p>\n<\/div>\n<div>\n<blockquote>\n<h6 style=\"text-align: center;\"><img decoding=\"async\" class=\"alignnone wp-image-28536\" src=\"https:\/\/www.samsung-ese.al\/wp-content\/uploads\/2025\/07\/SmartThings_WWST_Blue_Mono_CMYK-1.png\" alt=\"\" width=\"60\" height=\"63\" srcset=\"https:\/\/www.samsung-ese.al\/wp-content\/uploads\/2025\/07\/SmartThings_WWST_Blue_Mono_CMYK-1.png 204w, https:\/\/www.samsung-ese.al\/wp-content\/uploads\/2025\/07\/SmartThings_WWST_Blue_Mono_CMYK-1-200x211.png 200w\" sizes=\"(max-width: 60px) 100vw, 60px\" \/><\/h6>\n<p style=\"text-align: center;\"><strong>Kontrolli SMART<\/strong><\/p>\n<p style=\"text-align: center;\">Kontrolli i temperatur\u00ebs n\u00eb sht\u00ebpi, n\u00eb \u00e7do koh\u00eb nga \u00e7do vend. Aplikacioni SmartThings u mund\u00ebson p\u00ebrdoruesve t\u00eb kontrollojn\u00eb n\u00eb distanc\u00eb kondicionerin e tyre. Me vet\u00ebm nj\u00eb prekje, mund ta ndizni ose fikni pajisjen, t\u00eb zgjidhni m\u00ebnyr\u00ebn e ftohjes, t\u00eb programoni funksionimin e saj dhe t\u00eb monitoroni konsumin e energjis\u00eb. Me sistemin e Inteligjenc\u00ebs Artificiale Bixby 2.0, mjafton q\u00eb p\u00ebrdoruesi t\u2019i flas\u00eb pajisjes p\u00ebr at\u00eb q\u00eb d\u00ebshiron, dhe ajo e realizon. Gjithashtu, ajo analizon ambientin, m\u00ebnyr\u00ebn e preferuar t\u00eb p\u00ebrdorimit dhe temperatur\u00ebn.<\/p>\n<\/blockquote>\n<p>&nbsp;<\/p>\n<div>\n<div>\n<blockquote>\n<h6 style=\"text-align: center;\"><img loading=\"lazy\" decoding=\"async\" class=\"alignnone wp-image-28534\" src=\"https:\/\/www.samsung-ese.al\/wp-content\/uploads\/2025\/07\/AUTO-CLEAN-300x298.png\" alt=\"\" width=\"61\" height=\"61\" srcset=\"https:\/\/www.samsung-ese.al\/wp-content\/uploads\/2025\/07\/AUTO-CLEAN-300x298.png 300w, https:\/\/www.samsung-ese.al\/wp-content\/uploads\/2025\/07\/AUTO-CLEAN-150x150.png 150w, https:\/\/www.samsung-ese.al\/wp-content\/uploads\/2025\/07\/AUTO-CLEAN-370x370.png 370w, https:\/\/www.samsung-ese.al\/wp-content\/uploads\/2025\/07\/AUTO-CLEAN-120x120.png 120w, https:\/\/www.samsung-ese.al\/wp-content\/uploads\/2025\/07\/AUTO-CLEAN-200x199.png 200w, https:\/\/www.samsung-ese.al\/wp-content\/uploads\/2025\/07\/AUTO-CLEAN.png 378w\" sizes=\"(max-width: 61px) 100vw, 61px\" \/><\/h6>\n<p style=\"text-align: center;\"><strong>Funksioni Auto Clean<\/strong><\/p>\n<p style=\"text-align: center;\">Funksioni Auto Clean mund\u00ebson pastrimin e shk\u00ebmbyesit t\u00eb nxeht\u00ebsis\u00eb n\u00eb \u00e7do koh\u00eb pas fikjes s\u00eb nj\u00ebsis\u00eb. Ky funksion thar\u00eb automatikisht shk\u00ebmbyesin e nxeht\u00ebsis\u00eb p\u00ebrmes nj\u00eb procesi me 3 hapa dhe parandalon grumbullimin e baktereve dhe er\u00ebrave t\u00eb pak\u00ebndshme. Mund t\u00eb aktivizohet ose \u00e7aktivizohet leht\u00ebsisht me nj\u00eb klikim n\u00eb telekomand\u00eb.<\/p>\n<\/blockquote>\n<p>&nbsp;<\/p>\n<div>\n<div>\n<div>\n<blockquote>\n<h6 style=\"text-align: center;\"><img loading=\"lazy\" decoding=\"async\" class=\"alignnone wp-image-28547\" src=\"https:\/\/www.samsung-ese.al\/wp-content\/uploads\/2025\/07\/EASYPLUS-FILTER-300x285.png\" alt=\"\" width=\"61\" height=\"58\" srcset=\"https:\/\/www.samsung-ese.al\/wp-content\/uploads\/2025\/07\/EASYPLUS-FILTER-300x285.png 300w, https:\/\/www.samsung-ese.al\/wp-content\/uploads\/2025\/07\/EASYPLUS-FILTER-370x351.png 370w, https:\/\/www.samsung-ese.al\/wp-content\/uploads\/2025\/07\/EASYPLUS-FILTER-410x389.png 410w, https:\/\/www.samsung-ese.al\/wp-content\/uploads\/2025\/07\/EASYPLUS-FILTER-200x190.png 200w, https:\/\/www.samsung-ese.al\/wp-content\/uploads\/2025\/07\/EASYPLUS-FILTER.png 415w\" sizes=\"(max-width: 61px) 100vw, 61px\" \/><\/h6>\n<p style=\"text-align: center;\"><strong>Filt\u00ebr Easy +<\/strong><\/p>\n<p style=\"text-align: center;\">N\u00eb ndryshim nga filtrat tradicional\u00eb q\u00eb mund t\u00eb jen\u00eb t\u00eb v\u00ebshtir\u00eb p\u00ebr t\u2019u aksesuar, Easy Filter + ndodhet jasht\u00eb, n\u00eb pjes\u00ebn e sip\u00ebrme t\u00eb nj\u00ebsis\u00eb. Kjo do t\u00eb thot\u00eb q\u00eb mund t\u00eb hiqet dhe pastrohet leht\u00ebsisht pa pasur nevoj\u00eb t\u00eb hapni kapakun ose t\u00eb b\u00ebni forc\u00eb p\u00ebr ta hequr. Fal\u00eb rrjet\u00ebs s\u00eb dendur t\u00eb filtrit, nj\u00ebsia \u00ebsht\u00eb n\u00eb gjendje t\u00eb kap\u00eb lloje t\u00eb caktuara pluhuri. Kjo ndihmon q\u00eb shk\u00ebmbyesi i nxeht\u00ebsis\u00eb t\u00eb mbetet i past\u00ebr dhe t\u00eb funksionoj\u00eb n\u00eb m\u00ebnyr\u00eb efikase. Shtresa speciale mbi filtrin ndihmon n\u00eb mbrojtjen e banor\u00ebve nga ndot\u00ebsit e caktuar n\u00eb aj\u00ebr.<\/p>\n<\/blockquote>\n<p>&nbsp;<\/p>\n<\/div>\n<\/div>\n<\/div>\n<div>\n<blockquote>\n<h6 style=\"text-align: center;\"><img loading=\"lazy\" decoding=\"async\" class=\"alignnone wp-image-28553\" src=\"https:\/\/www.samsung-ese.al\/wp-content\/uploads\/2025\/07\/KOMPRESORI-TWIN-300x297.png\" alt=\"\" width=\"61\" height=\"60\" srcset=\"https:\/\/www.samsung-ese.al\/wp-content\/uploads\/2025\/07\/KOMPRESORI-TWIN-300x297.png 300w, https:\/\/www.samsung-ese.al\/wp-content\/uploads\/2025\/07\/KOMPRESORI-TWIN-150x150.png 150w, https:\/\/www.samsung-ese.al\/wp-content\/uploads\/2025\/07\/KOMPRESORI-TWIN-370x370.png 370w, https:\/\/www.samsung-ese.al\/wp-content\/uploads\/2025\/07\/KOMPRESORI-TWIN-120x120.png 120w, https:\/\/www.samsung-ese.al\/wp-content\/uploads\/2025\/07\/KOMPRESORI-TWIN-200x198.png 200w, https:\/\/www.samsung-ese.al\/wp-content\/uploads\/2025\/07\/KOMPRESORI-TWIN.png 381w\" sizes=\"(max-width: 61px) 100vw, 61px\" \/><\/h6>\n<p style=\"text-align: center;\"><strong>Kompresor Twin Rotary<\/strong><\/p>\n<p style=\"text-align: center;\">Kompresori Twin Rotary krijon 20 her\u00eb m\u00eb pak vibrim se nj\u00eb kompresor i vet\u00ebm. Silenciatori i patentuar Twin i Samsung zvog\u00eblon gjithashtu zhurm\u00ebn e qarkullimit t\u00eb ftoh\u00ebsit. Magnet\u00ebt Neodymium t\u00eb motorit BLDC jan\u00eb 3 her\u00eb m\u00eb t\u00eb fuqish\u00ebm se normalisht, duke gjeneruar rrotullim m\u00eb t\u00eb fuqish\u00ebm dhe m\u00eb t\u00eb shpejt\u00eb.<\/p>\n<\/blockquote>\n<p>&nbsp;<\/p>\n<div>\n<div>\n<blockquote>\n<h6 style=\"text-align: center;\"><img loading=\"lazy\" decoding=\"async\" class=\"alignnone wp-image-28554\" src=\"https:\/\/www.samsung-ese.al\/wp-content\/uploads\/2025\/07\/INSTALATION-300x297.png\" alt=\"\" width=\"61\" height=\"60\" srcset=\"https:\/\/www.samsung-ese.al\/wp-content\/uploads\/2025\/07\/INSTALATION-300x297.png 300w, https:\/\/www.samsung-ese.al\/wp-content\/uploads\/2025\/07\/INSTALATION-150x150.png 150w, https:\/\/www.samsung-ese.al\/wp-content\/uploads\/2025\/07\/INSTALATION-370x370.png 370w, https:\/\/www.samsung-ese.al\/wp-content\/uploads\/2025\/07\/INSTALATION-120x120.png 120w, https:\/\/www.samsung-ese.al\/wp-content\/uploads\/2025\/07\/INSTALATION-200x198.png 200w, https:\/\/www.samsung-ese.al\/wp-content\/uploads\/2025\/07\/INSTALATION.png 384w\" sizes=\"(max-width: 61px) 100vw, 61px\" \/><\/h6>\n<p style=\"text-align: center;\"><strong>Instalim dhe Mir\u00ebmbajtje e Thjesht\u00eb<\/strong><\/p>\n<p style=\"text-align: center;\">Kondicioneri i murit WindFree\u2122 ka nj\u00eb kapak t\u00eb posht\u00ebm q\u00eb hapet dhe mbyllet leht\u00ebsisht me sistem \u201csnap-fit\u201d. Ka dy pika p\u00ebr vida q\u00eb e b\u00ebjn\u00eb instalimin dhe mir\u00ebmbajtjen m\u00eb t\u00eb p\u00ebrshtatshme. Ndryshe nga mbajt\u00ebset konvencionale q\u00eb vendosen n\u00eb dy kllapa fikse, nj\u00ebsia p\u00ebrdor nj\u00eb mbajt\u00ebse me rrota q\u00eb thjeshton procesin e instalimit. Kjo e b\u00ebn t\u00eb leht\u00eb montimin, duke vendosur mbajt\u00ebsen n\u00eb mur dhe duke e l\u00ebvizur leht\u00ebsisht n\u00eb pozicionin e sakt\u00eb q\u00eb d\u00ebshironi.<\/p>\n<\/blockquote>\n<p>&nbsp;<\/p>\n<\/div>\n<\/div>\n<\/div>\n<\/div>\n<\/div>\n<\/div>","protected":false},"excerpt":{"rendered":"<h5>I leht\u00eb p\u00ebr tu p\u00ebrdorur dhe p\u00ebr tu pastruar.<\/h5>\n<p data-start=\"43\" data-end=\"442\" data-is-last-node=\"\" data-is-only-node=\"\">Cebu S2 ofron p\u00ebrdoruesve rehati klimatike n\u00eb nj\u00eb m\u00ebnyr\u00eb t\u00eb thjesht\u00eb dhe efektive. Nj\u00ebsia p\u00ebrfshin nj\u00eb telekomand\u00eb t\u00eb leht\u00eb, t\u00eb karikueshme, me dizajn intuitiv dhe ekran t\u00eb madh OLED. N\u00eb m\u00ebnyr\u00eb alternative, p\u00ebrdoruesit mund t\u00eb kontrollojn\u00eb temperatur\u00ebn e sht\u00ebpis\u00eb n\u00eb distanc\u00eb duke p\u00ebrdorur aplikacionin SmartThings. Cebu S2 p\u00ebrmban filtrin Easy Filter Plus, i cili ndihmon n\u00eb p\u00ebrmir\u00ebsimin e cil\u00ebsis\u00eb s\u00eb ajrit t\u00eb brendsh\u00ebm. Vendndodhja e filtrit n\u00eb pjes\u00ebn e sip\u00ebrme t\u00eb nj\u00ebsis\u00eb e b\u00ebn at\u00eb t\u00eb leht\u00eb p\u00ebr t\u2019u aksesuar, hequr dhe pastruar.<\/p>","protected":false},"featured_media":28572,"template":"","meta":{"_eb_attr":""},"product_brand":[],"product_cat":[308,310,347,301],"product_tag":[313,314,312,315],"class_list":{"0":"post-28671","1":"product","2":"type-product","3":"status-publish","4":"has-post-thumbnail","6":"product_cat-indoor-units","7":"product_cat-residential","8":"product_cat-wall-type-units","9":"product_cat-multi-split-fjm","10":"product_tag-fjm-compatibility","11":"product_tag-r32","12":"product_tag-rac-category","13":"product_tag-wifi-integrated","15":"first","16":"instock","17":"shipping-taxable","18":"product-type-simple"},"_links":{"self":[{"href":"https:\/\/www.samsung-ese.al\/sq\/wp-json\/wp\/v2\/product\/28671","targetHints":{"allow":["GET"]}}],"collection":[{"href":"https:\/\/www.samsung-ese.al\/sq\/wp-json\/wp\/v2\/product"}],"about":[{"href":"https:\/\/www.samsung-ese.al\/sq\/wp-json\/wp\/v2\/types\/product"}],"wp:featuredmedia":[{"embeddable":true,"href":"https:\/\/www.samsung-ese.al\/sq\/wp-json\/wp\/v2\/media\/28572"}],"wp:attachment":[{"href":"https:\/\/www.samsung-ese.al\/sq\/wp-json\/wp\/v2\/media?parent=28671"}],"wp:term":[{"taxonomy":"product_brand","embeddable":true,"href":"https:\/\/www.samsung-ese.al\/sq\/wp-json\/wp\/v2\/product_brand?post=28671"},{"taxonomy":"product_cat","embeddable":true,"href":"https:\/\/www.samsung-ese.al\/sq\/wp-json\/wp\/v2\/product_cat?post=28671"},{"taxonomy":"product_tag","embeddable":true,"href":"https:\/\/www.samsung-ese.al\/sq\/wp-json\/wp\/v2\/product_tag?post=28671"}],"curies":[{"name":"wp","href":"https:\/\/api.w.org\/{rel}","templated":true}]}}