{"id":28657,"date":"2025-07-09T19:13:09","date_gmt":"2025-07-09T19:13:09","guid":{"rendered":"https:\/\/www.samsung-ese.al\/?post_type=product&#038;p=28657"},"modified":"2025-08-27T14:28:58","modified_gmt":"2025-08-27T14:28:58","slug":"windfree-comfort-s2-multi-split","status":"publish","type":"product","link":"https:\/\/www.samsung-ese.al\/sq\/produkt\/windfree-comfort-s2-multi-split\/","title":{"rendered":"WindFree\u2122 Comfort S2 \u2013 Multi Split"},"content":{"rendered":"<h3>Eficensa e Energjis\u00eb<\/h3>\n<p>A++\/ A++<\/p>\n<h3>Kapacitete t\u00eb disponueshme<\/h3>\n<p>9k, 12k, 18k, 24k<\/p>\n<h3>Detaje Teknike<\/h3>\n<p>P\u00ebrjetoni rehati dhe efikasitet maksimal me WindFree\u2122 Comfort S2.<\/p>\n<p><a href=\"https:\/\/www.samsung-ese.al\/wp-content\/uploads\/2025\/07\/TDB-2025-AR9500T-RAC-for-Europe-R32-50Hz-HP_Ver.1.0_241212-2-2.pdf\" target=\"_blank\" rel=\"noopener\">Shiko Dokumentin Teknik<\/a><\/p>\n<h3>Broshura dhe Literatura<\/h3>\n<p><a href=\"https:\/\/www.samsung-ese.al\/wp-content\/uploads\/2025\/07\/WINDFREE-ELITES2.zip\">Vizatime DWG<\/a> \u00a0\u00a0 \u00a0\u00a0 \u00a0<a href=\"mailto:ese@samsung-ese.al\">P\u00ebr Q\u00ebllime Biznesi<\/a><\/p>\n<div>\n<h3>Ve\u00e7orit\u00eb AC<\/h3>\n<p>Sepse rehatia nuk duhet t\u00eb jet\u00eb e nd\u00ebrlikuar, ja \u00e7far\u00eb ofrohet n\u00eb t\u00eb.<\/p>\n<p>&nbsp;<\/p>\n<blockquote>\n<h6 style=\"text-align: center;\"><img decoding=\"async\" class=\"alignnone wp-image-28531\" src=\"https:\/\/www.samsung-ese.al\/wp-content\/uploads\/2025\/07\/AI-AUTO-COOLING-300x294.png\" alt=\"\" width=\"61\" height=\"60\" srcset=\"https:\/\/www.samsung-ese.al\/wp-content\/uploads\/2025\/07\/AI-AUTO-COOLING-300x294.png 300w, https:\/\/www.samsung-ese.al\/wp-content\/uploads\/2025\/07\/AI-AUTO-COOLING-150x150.png 150w, https:\/\/www.samsung-ese.al\/wp-content\/uploads\/2025\/07\/AI-AUTO-COOLING-370x370.png 370w, https:\/\/www.samsung-ese.al\/wp-content\/uploads\/2025\/07\/AI-AUTO-COOLING-120x120.png 120w, https:\/\/www.samsung-ese.al\/wp-content\/uploads\/2025\/07\/AI-AUTO-COOLING-410x402.png 410w, https:\/\/www.samsung-ese.al\/wp-content\/uploads\/2025\/07\/AI-AUTO-COOLING-200x196.png 200w, https:\/\/www.samsung-ese.al\/wp-content\/uploads\/2025\/07\/AI-AUTO-COOLING.png 533w\" sizes=\"(max-width: 61px) 100vw, 61px\" \/><\/h6>\n<p style=\"text-align: center;\"><strong style=\"color: #181818; letter-spacing: 0px;\">Ftohje Automatike me Inteligjenc\u00eb Artificiale (AI)<\/strong><\/p>\n<p style=\"text-align: center;\">P\u00ebrjetoni jetes\u00ebn inteligjente. AI analizon modelet tuaja t\u00eb p\u00ebrdorimit dhe kushtet e ambientit, n\u00eb m\u00ebnyr\u00eb q\u00eb t\u00eb aktivizoj\u00eb automatikisht Ftohjen e Shpejt\u00eb. Pas uljes s\u00eb temperatur\u00ebs, AI kalon n\u00eb Ftohjen WindFree\u2122 p\u00ebr t\u00eb ruajtur kushtet ideale. Sa m\u00eb shum\u00eb ta p\u00ebrdorni, aq m\u00eb mir\u00eb p\u00ebrshtatet me preferencat tuaja.<\/p>\n<\/blockquote>\n<p>&nbsp;<\/p>\n<\/div>\n<div>\n<blockquote>\n<h6 style=\"text-align: center;\"><img decoding=\"async\" class=\"alignnone wp-image-28531\" src=\"https:\/\/www.samsung-ese.al\/wp-content\/uploads\/2025\/07\/AI-AUTO-COOLING-300x294.png\" alt=\"\" width=\"61\" height=\"60\" srcset=\"https:\/\/www.samsung-ese.al\/wp-content\/uploads\/2025\/07\/AI-AUTO-COOLING-300x294.png 300w, https:\/\/www.samsung-ese.al\/wp-content\/uploads\/2025\/07\/AI-AUTO-COOLING-150x150.png 150w, https:\/\/www.samsung-ese.al\/wp-content\/uploads\/2025\/07\/AI-AUTO-COOLING-370x370.png 370w, https:\/\/www.samsung-ese.al\/wp-content\/uploads\/2025\/07\/AI-AUTO-COOLING-120x120.png 120w, https:\/\/www.samsung-ese.al\/wp-content\/uploads\/2025\/07\/AI-AUTO-COOLING-410x402.png 410w, https:\/\/www.samsung-ese.al\/wp-content\/uploads\/2025\/07\/AI-AUTO-COOLING-200x196.png 200w, https:\/\/www.samsung-ese.al\/wp-content\/uploads\/2025\/07\/AI-AUTO-COOLING.png 533w\" sizes=\"(max-width: 61px) 100vw, 61px\" \/><\/h6>\n<p style=\"text-align: center;\"><strong>Rehati Automatike me Inteligjenc\u00eb Artificiale (AI)<\/strong><\/p>\n<p style=\"text-align: center;\">AI Auto Comfort u ofron banor\u00ebve p\u00ebrvoj\u00ebn e kontrollit inteligjent t\u00eb klim\u00ebs. P\u00ebr ta b\u00ebr\u00eb jet\u00ebn m\u00eb t\u00eb thjesht\u00eb dhe m\u00eb efikase, ai optimizon automatikisht m\u00ebnyrat e funksionimit duke analizuar kushtet e ambientit dhe modelet e p\u00ebrdorimit. Bazuar n\u00eb temperatur\u00ebn e preferuar t\u00eb brendshme dhe temperatur\u00ebn aktuale t\u00eb jashtme, nj\u00ebsia kalon automatikisht n\u00eb modalitetin m\u00eb t\u00eb p\u00ebrshtatsh\u00ebm t\u00eb ftohjes ose ngrohjes p\u00ebr t\u00eb ruajtur kushte optimale dhe komode n\u00eb ambient. Kjo p\u00ebrfshin WindFree\u2122, Ftohje t\u00eb Shpejt\u00eb, Ftohje Normale dhe Ngrohje.<\/p>\n<\/blockquote>\n<p>&nbsp;<\/p>\n<blockquote>\n<h6 style=\"text-align: center;\"><img decoding=\"async\" class=\"alignnone wp-image-28532\" src=\"https:\/\/www.samsung-ese.al\/wp-content\/uploads\/2025\/07\/AI-ENERGY-MODE-300x300.png\" alt=\"\" width=\"61\" height=\"61\" srcset=\"https:\/\/www.samsung-ese.al\/wp-content\/uploads\/2025\/07\/AI-ENERGY-MODE-300x300.png 300w, https:\/\/www.samsung-ese.al\/wp-content\/uploads\/2025\/07\/AI-ENERGY-MODE-150x150.png 150w, https:\/\/www.samsung-ese.al\/wp-content\/uploads\/2025\/07\/AI-ENERGY-MODE-370x370.png 370w, https:\/\/www.samsung-ese.al\/wp-content\/uploads\/2025\/07\/AI-ENERGY-MODE-120x120.png 120w, https:\/\/www.samsung-ese.al\/wp-content\/uploads\/2025\/07\/AI-ENERGY-MODE-410x409.png 410w, https:\/\/www.samsung-ese.al\/wp-content\/uploads\/2025\/07\/AI-ENERGY-MODE-200x200.png 200w, https:\/\/www.samsung-ese.al\/wp-content\/uploads\/2025\/07\/AI-ENERGY-MODE.png 550w\" sizes=\"(max-width: 61px) 100vw, 61px\" \/><\/h6>\n<p style=\"text-align: center;\"><strong>Modaliteti i Energjis\u00eb me Inteligjenc\u00eb Artificiale (AI)<\/strong><\/p>\n<p style=\"text-align: center;\">Duke p\u00ebrdorur AI p\u00ebr t\u00eb analizuar m\u00ebnyr\u00ebn tuaj t\u00eb p\u00ebrdorimit dhe kushtet e jashtme, ai parandalon ndalesat ose rritjet e papritura t\u00eb frekuenc\u00ebs s\u00eb kompresorit, duke ulur p\u00ebrdorimin e energjis\u00eb deri n\u00eb 30%.<\/p>\n<\/blockquote>\n<p>&nbsp;<\/p>\n<\/div>\n<div>\n<blockquote>\n<h6 style=\"text-align: center;\"><img decoding=\"async\" class=\"alignnone wp-image-28536\" src=\"https:\/\/www.samsung-ese.al\/wp-content\/uploads\/2025\/07\/SmartThings_WWST_Blue_Mono_CMYK-1.png\" alt=\"\" width=\"61\" height=\"64\" srcset=\"https:\/\/www.samsung-ese.al\/wp-content\/uploads\/2025\/07\/SmartThings_WWST_Blue_Mono_CMYK-1.png 204w, https:\/\/www.samsung-ese.al\/wp-content\/uploads\/2025\/07\/SmartThings_WWST_Blue_Mono_CMYK-1-200x211.png 200w\" sizes=\"(max-width: 61px) 100vw, 61px\" \/><\/h6>\n<p style=\"text-align: center;\"><strong>Kontrolli SMART<\/strong><\/p>\n<p style=\"text-align: center;\">Kontrolli i temperatur\u00ebs n\u00eb sht\u00ebpi, n\u00eb \u00e7do koh\u00eb nga \u00e7do vend. Aplikacioni SmartThings u mund\u00ebson p\u00ebrdoruesve t\u00eb kontrollojn\u00eb n\u00eb distanc\u00eb kondicionerin e tyre. Me vet\u00ebm nj\u00eb prekje, mund ta ndizni ose fikni pajisjen, t\u00eb zgjidhni m\u00ebnyr\u00ebn e ftohjes, t\u00eb programoni funksionimin e saj dhe t\u00eb monitoroni konsumin e energjis\u00eb. Me sistemin e Inteligjenc\u00ebs Artificiale Bixby 2.0, mjafton q\u00eb p\u00ebrdoruesi t\u2019i flas\u00eb pajisjes p\u00ebr at\u00eb q\u00eb d\u00ebshiron, dhe ajo e realizon. Gjithashtu, ajo analizon ambientin, m\u00ebnyr\u00ebn e preferuar t\u00eb p\u00ebrdorimit dhe temperatur\u00ebn.<\/p>\n<\/blockquote>\n<p>&nbsp;<\/p>\n<div>\n<blockquote>\n<h6 style=\"text-align: center;\"><img loading=\"lazy\" decoding=\"async\" class=\"alignnone wp-image-28537\" src=\"https:\/\/www.samsung-ese.al\/wp-content\/uploads\/2025\/07\/FREEZE-WASH-FUNCTION-300x285.png\" alt=\"\" width=\"61\" height=\"58\" srcset=\"https:\/\/www.samsung-ese.al\/wp-content\/uploads\/2025\/07\/FREEZE-WASH-FUNCTION-300x285.png 300w, https:\/\/www.samsung-ese.al\/wp-content\/uploads\/2025\/07\/FREEZE-WASH-FUNCTION-370x352.png 370w, https:\/\/www.samsung-ese.al\/wp-content\/uploads\/2025\/07\/FREEZE-WASH-FUNCTION-200x190.png 200w, https:\/\/www.samsung-ese.al\/wp-content\/uploads\/2025\/07\/FREEZE-WASH-FUNCTION.png 401w\" sizes=\"(max-width: 61px) 100vw, 61px\" \/><\/h6>\n<p style=\"text-align: center;\"><strong>Funksioni Freeze Wash<\/strong><\/p>\n<p style=\"text-align: center;\">Funksioni Fresh Wash e ngrin shk\u00ebmbyesin e nxeht\u00ebsis\u00eb t\u00eb nj\u00ebsis\u00eb s\u00eb brendshme n\u00eb -15\u00b0C p\u00ebr ta mbuluar me ngric\u00eb. Pasi nj\u00ebsia kalon n\u00eb modalitetin e shkrirjes, akulli shkrihet dhe k\u00ebshtu ndihmon n\u00eb largimin e disa ndot\u00ebsve brenda shk\u00ebmbyesit t\u00eb nxeht\u00ebsis\u00eb. \u00cbsht\u00eb i leht\u00eb p\u00ebr t'u mir\u00ebmbajtur, pa pasur nevoj\u00eb p\u00ebr nj\u00eb teknik sh\u00ebrbimi profesionist.<\/p>\n<\/blockquote>\n<p>&nbsp;<\/p>\n<div>\n<blockquote>\n<h6 style=\"text-align: center;\"><img loading=\"lazy\" decoding=\"async\" class=\"alignnone wp-image-28534\" src=\"https:\/\/www.samsung-ese.al\/wp-content\/uploads\/2025\/07\/AUTO-CLEAN-300x298.png\" alt=\"\" width=\"61\" height=\"61\" srcset=\"https:\/\/www.samsung-ese.al\/wp-content\/uploads\/2025\/07\/AUTO-CLEAN-300x298.png 300w, https:\/\/www.samsung-ese.al\/wp-content\/uploads\/2025\/07\/AUTO-CLEAN-150x150.png 150w, https:\/\/www.samsung-ese.al\/wp-content\/uploads\/2025\/07\/AUTO-CLEAN-370x370.png 370w, https:\/\/www.samsung-ese.al\/wp-content\/uploads\/2025\/07\/AUTO-CLEAN-120x120.png 120w, https:\/\/www.samsung-ese.al\/wp-content\/uploads\/2025\/07\/AUTO-CLEAN-200x199.png 200w, https:\/\/www.samsung-ese.al\/wp-content\/uploads\/2025\/07\/AUTO-CLEAN.png 378w\" sizes=\"(max-width: 61px) 100vw, 61px\" \/><\/h6>\n<p style=\"text-align: center;\"><strong>Funksioni Auto Clean<\/strong><\/p>\n<p style=\"text-align: center;\">Funksioni Auto Clean mund\u00ebson pastrimin e shk\u00ebmbyesit t\u00eb nxeht\u00ebsis\u00eb n\u00eb \u00e7do koh\u00eb pas fikjes s\u00eb nj\u00ebsis\u00eb. Ky funksion thar\u00eb automatikisht shk\u00ebmbyesin e nxeht\u00ebsis\u00eb p\u00ebrmes nj\u00eb procesi me 3 hapa dhe parandalon grumbullimin e baktereve dhe er\u00ebrave t\u00eb pak\u00ebndshme. Mund t\u00eb aktivizohet ose \u00e7aktivizohet leht\u00ebsisht me nj\u00eb klikim n\u00eb telekomand\u00eb.<\/p>\n<\/blockquote>\n<p>&nbsp;<\/p>\n<\/div>\n<\/div>\n<\/div>","protected":false},"excerpt":{"rendered":"<h5>Freski e k\u00ebndshme pa p\u00ebrhapjen e ajrit t\u00eb ftoht\u00eb.<\/h5>\n<p data-start=\"43\" data-end=\"442\" data-is-last-node=\"\" data-is-only-node=\"\">Modaliteti i ftohjes WindFree\u2122 e mban ambientin t\u00eb fresk\u00ebt n\u00eb nj\u00eb m\u00ebnyr\u00eb ve\u00e7an\u00ebrisht t\u00eb k\u00ebndshme. Ai shp\u00ebrndan ajrin but\u00ebsisht dhe n\u00eb heshtje p\u00ebrmes 23,000 mikro-vrimave, pa rryma t\u00eb ftohta. Rezultati \u00ebsht\u00eb nj\u00eb ambient \u201cajri i qet\u00eb\u201d me shpejt\u00ebsi t\u00eb ul\u00ebt t\u00eb ajrit dhe m\u00eb pak zhurm\u00eb. Fal\u00eb struktur\u00ebs s\u00eb avancuar t\u00eb qarkullimit t\u00eb ajrit, hap\u00ebsira m\u00eb t\u00eb m\u00ebdha dhe m\u00eb t\u00eb gjera ftohen n\u00eb m\u00ebnyr\u00eb t\u00eb barabart\u00eb.<\/p>","protected":false},"featured_media":28520,"template":"","meta":{"_eb_attr":""},"product_brand":[],"product_cat":[308,310,347,301],"product_tag":[313,314,312,315,311],"class_list":{"0":"post-28657","1":"product","2":"type-product","3":"status-publish","4":"has-post-thumbnail","6":"product_cat-indoor-units","7":"product_cat-residential","8":"product_cat-wall-type-units","9":"product_cat-multi-split-fjm","10":"product_tag-fjm-compatibility","11":"product_tag-r32","12":"product_tag-rac-category","13":"product_tag-wifi-integrated","14":"product_tag-windfree-technology","16":"first","17":"instock","18":"shipping-taxable","19":"product-type-simple"},"_links":{"self":[{"href":"https:\/\/www.samsung-ese.al\/sq\/wp-json\/wp\/v2\/product\/28657","targetHints":{"allow":["GET"]}}],"collection":[{"href":"https:\/\/www.samsung-ese.al\/sq\/wp-json\/wp\/v2\/product"}],"about":[{"href":"https:\/\/www.samsung-ese.al\/sq\/wp-json\/wp\/v2\/types\/product"}],"wp:featuredmedia":[{"embeddable":true,"href":"https:\/\/www.samsung-ese.al\/sq\/wp-json\/wp\/v2\/media\/28520"}],"wp:attachment":[{"href":"https:\/\/www.samsung-ese.al\/sq\/wp-json\/wp\/v2\/media?parent=28657"}],"wp:term":[{"taxonomy":"product_brand","embeddable":true,"href":"https:\/\/www.samsung-ese.al\/sq\/wp-json\/wp\/v2\/product_brand?post=28657"},{"taxonomy":"product_cat","embeddable":true,"href":"https:\/\/www.samsung-ese.al\/sq\/wp-json\/wp\/v2\/product_cat?post=28657"},{"taxonomy":"product_tag","embeddable":true,"href":"https:\/\/www.samsung-ese.al\/sq\/wp-json\/wp\/v2\/product_tag?post=28657"}],"curies":[{"name":"wp","href":"https:\/\/api.w.org\/{rel}","templated":true}]}}