{"id":28602,"date":"2025-07-08T17:06:12","date_gmt":"2025-07-08T17:06:12","guid":{"rendered":"https:\/\/www.samsung-ese.al\/?post_type=product&#038;p=28602"},"modified":"2025-09-02T15:16:57","modified_gmt":"2025-09-02T15:16:57","slug":"console-floor-standing-unit","status":"publish","type":"product","link":"https:\/\/www.samsung-ese.al\/sq\/produkt\/console-floor-standing-unit\/","title":{"rendered":"Nj\u00ebsi me q\u00ebndrim n\u00eb dysheme - Console"},"content":{"rendered":"<h3>Eficensa e Energjis\u00eb<\/h3>\n<p>A++\/ A+<\/p>\n<h3>Kapacitete t\u00eb disponueshme<\/h3>\n<p>9k, 12k, 18k<\/p>\n<h3>Detaje Teknike<\/h3>\n<p>P\u00ebrjetoni rehati dhe efikasitet maksimal me Nj\u00ebsin\u00eb me q\u00ebndrim n\u00eb dysheme - Console.<\/p>\n<p><a href=\"#\" target=\"_blank\" rel=\"noopener\">Shiko Dokumentin Teknik<\/a><\/p>\n<h3>Broshura dhe Literatura<\/h3>\n<p><a href=\"mailto:ese@samsung-ese.al\">P\u00ebr Q\u00ebllime Biznesi<\/a><\/p>\n<div>\n<h3>Ve\u00e7orit\u00eb AC<\/h3>\n<p>Sepse rehatia nuk duhet t\u00eb jet\u00eb e nd\u00ebrlikuar, ja \u00e7far\u00eb ofrohet n\u00eb t\u00eb.<\/p>\n<p>&nbsp;<\/p>\n<blockquote>\n<h6 style=\"text-align: center;\"><img decoding=\"async\" class=\"alignnone wp-image-28603\" src=\"https:\/\/www.samsung-ese.al\/wp-content\/uploads\/2025\/07\/Varietee-300x300.webp\" alt=\"\" width=\"61\" height=\"61\" srcset=\"https:\/\/www.samsung-ese.al\/wp-content\/uploads\/2025\/07\/Varietee-300x300.webp 300w, https:\/\/www.samsung-ese.al\/wp-content\/uploads\/2025\/07\/Varietee-1024x1024.webp 1024w, https:\/\/www.samsung-ese.al\/wp-content\/uploads\/2025\/07\/Varietee-150x150.webp 150w, https:\/\/www.samsung-ese.al\/wp-content\/uploads\/2025\/07\/Varietee-768x768.webp 768w, https:\/\/www.samsung-ese.al\/wp-content\/uploads\/2025\/07\/Varietee-1536x1536.webp 1536w, https:\/\/www.samsung-ese.al\/wp-content\/uploads\/2025\/07\/Varietee-370x370.webp 370w, https:\/\/www.samsung-ese.al\/wp-content\/uploads\/2025\/07\/Varietee-120x120.webp 120w, https:\/\/www.samsung-ese.al\/wp-content\/uploads\/2025\/07\/Varietee-840x840.webp 840w, https:\/\/www.samsung-ese.al\/wp-content\/uploads\/2025\/07\/Varietee-410x410.webp 410w, https:\/\/www.samsung-ese.al\/wp-content\/uploads\/2025\/07\/Varietee-200x200.webp 200w, https:\/\/www.samsung-ese.al\/wp-content\/uploads\/2025\/07\/Varietee-600x600.webp 600w, https:\/\/www.samsung-ese.al\/wp-content\/uploads\/2025\/07\/Varietee.webp 2000w\" sizes=\"(max-width: 61px) 100vw, 61px\" \/><\/h6>\n<p style=\"text-align: center;\"><strong style=\"color: #181818; letter-spacing: 0px;\">Pajisja jonizuese SPi (p\u00ebrfshihet)<\/strong><\/p>\n<\/blockquote>\n<p>&nbsp;<\/p>\n<\/div>\n<div>\n<blockquote>\n<h6 style=\"text-align: center;\"><img decoding=\"async\" class=\"alignnone wp-image-28603\" src=\"https:\/\/www.samsung-ese.al\/wp-content\/uploads\/2025\/07\/Varietee-300x300.webp\" alt=\"\" width=\"61\" height=\"61\" srcset=\"https:\/\/www.samsung-ese.al\/wp-content\/uploads\/2025\/07\/Varietee-300x300.webp 300w, https:\/\/www.samsung-ese.al\/wp-content\/uploads\/2025\/07\/Varietee-1024x1024.webp 1024w, https:\/\/www.samsung-ese.al\/wp-content\/uploads\/2025\/07\/Varietee-150x150.webp 150w, https:\/\/www.samsung-ese.al\/wp-content\/uploads\/2025\/07\/Varietee-768x768.webp 768w, https:\/\/www.samsung-ese.al\/wp-content\/uploads\/2025\/07\/Varietee-1536x1536.webp 1536w, https:\/\/www.samsung-ese.al\/wp-content\/uploads\/2025\/07\/Varietee-370x370.webp 370w, https:\/\/www.samsung-ese.al\/wp-content\/uploads\/2025\/07\/Varietee-120x120.webp 120w, https:\/\/www.samsung-ese.al\/wp-content\/uploads\/2025\/07\/Varietee-840x840.webp 840w, https:\/\/www.samsung-ese.al\/wp-content\/uploads\/2025\/07\/Varietee-410x410.webp 410w, https:\/\/www.samsung-ese.al\/wp-content\/uploads\/2025\/07\/Varietee-200x200.webp 200w, https:\/\/www.samsung-ese.al\/wp-content\/uploads\/2025\/07\/Varietee-600x600.webp 600w, https:\/\/www.samsung-ese.al\/wp-content\/uploads\/2025\/07\/Varietee.webp 2000w\" sizes=\"(max-width: 61px) 100vw, 61px\" \/><\/h6>\n<p style=\"text-align: center;\"><strong style=\"color: #181818; letter-spacing: 0px;\">Dizajn i holl\u00eb<\/strong><\/p>\n<\/blockquote>\n<p>&nbsp;<\/p>\n<div>\n<blockquote>\n<h6 style=\"text-align: center;\"><img decoding=\"async\" class=\"alignnone wp-image-28548\" src=\"https:\/\/www.samsung-ese.al\/wp-content\/uploads\/2025\/07\/SILENT-MODE-300x292.png\" alt=\"\" width=\"61\" height=\"59\" srcset=\"https:\/\/www.samsung-ese.al\/wp-content\/uploads\/2025\/07\/SILENT-MODE-300x292.png 300w, https:\/\/www.samsung-ese.al\/wp-content\/uploads\/2025\/07\/SILENT-MODE-370x360.png 370w, https:\/\/www.samsung-ese.al\/wp-content\/uploads\/2025\/07\/SILENT-MODE-200x195.png 200w, https:\/\/www.samsung-ese.al\/wp-content\/uploads\/2025\/07\/SILENT-MODE.png 380w\" sizes=\"(max-width: 61px) 100vw, 61px\" \/><\/h6>\n<p style=\"text-align: center;\"><strong>Funksioni pa Zhurm\u00eb<\/strong><\/p>\n<p style=\"text-align: center;\">P\u00ebr t\u00eb siguruar rehati sa m\u00eb komode, Samsung ka p\u00ebrmir\u00ebsuar shum\u00eb pjes\u00eb p\u00ebr t\u00eb zvog\u00ebluar dridhjet dhe zhurm\u00ebn q\u00eb vijn\u00eb nga kondicioneri. Me kondicionerin shum\u00eb inovativ t\u00eb Samsung, mund t\u00eb shijoni gjithmon\u00eb nj\u00eb jet\u00eb t\u00eb qet\u00eb dhe pa zhurm\u00eb, duke q\u00ebndruar n\u00eb rehati dhe freski.<\/p>\n<\/blockquote>\n<p>&nbsp;<\/p>\n<div>\n<blockquote>\n<h6 style=\"text-align: center;\"><img decoding=\"async\" class=\"alignnone wp-image-28603\" src=\"https:\/\/www.samsung-ese.al\/wp-content\/uploads\/2025\/07\/Varietee-300x300.webp\" alt=\"\" width=\"61\" height=\"61\" srcset=\"https:\/\/www.samsung-ese.al\/wp-content\/uploads\/2025\/07\/Varietee-300x300.webp 300w, https:\/\/www.samsung-ese.al\/wp-content\/uploads\/2025\/07\/Varietee-1024x1024.webp 1024w, https:\/\/www.samsung-ese.al\/wp-content\/uploads\/2025\/07\/Varietee-150x150.webp 150w, https:\/\/www.samsung-ese.al\/wp-content\/uploads\/2025\/07\/Varietee-768x768.webp 768w, https:\/\/www.samsung-ese.al\/wp-content\/uploads\/2025\/07\/Varietee-1536x1536.webp 1536w, https:\/\/www.samsung-ese.al\/wp-content\/uploads\/2025\/07\/Varietee-370x370.webp 370w, https:\/\/www.samsung-ese.al\/wp-content\/uploads\/2025\/07\/Varietee-120x120.webp 120w, https:\/\/www.samsung-ese.al\/wp-content\/uploads\/2025\/07\/Varietee-840x840.webp 840w, https:\/\/www.samsung-ese.al\/wp-content\/uploads\/2025\/07\/Varietee-410x410.webp 410w, https:\/\/www.samsung-ese.al\/wp-content\/uploads\/2025\/07\/Varietee-200x200.webp 200w, https:\/\/www.samsung-ese.al\/wp-content\/uploads\/2025\/07\/Varietee-600x600.webp 600w, https:\/\/www.samsung-ese.al\/wp-content\/uploads\/2025\/07\/Varietee.webp 2000w\" sizes=\"(max-width: 61px) 100vw, 61px\" \/><\/h6>\n<p style=\"text-align: center;\"><strong>Filt\u00ebr i P\u00ebrhersh\u00ebm<\/strong><\/p>\n<\/blockquote>\n<p>&nbsp;<\/p>\n<\/div>\n<\/div>\n<\/div>\n<div>\n<blockquote>\n<h6 style=\"text-align: center;\"><img decoding=\"async\" class=\"alignnone wp-image-28604\" src=\"https:\/\/www.samsung-ese.al\/wp-content\/uploads\/2025\/07\/Auto-restart-300x300.webp\" alt=\"\" width=\"61\" height=\"61\" srcset=\"https:\/\/www.samsung-ese.al\/wp-content\/uploads\/2025\/07\/Auto-restart-300x300.webp 300w, https:\/\/www.samsung-ese.al\/wp-content\/uploads\/2025\/07\/Auto-restart-150x150.webp 150w, https:\/\/www.samsung-ese.al\/wp-content\/uploads\/2025\/07\/Auto-restart-370x370.webp 370w, https:\/\/www.samsung-ese.al\/wp-content\/uploads\/2025\/07\/Auto-restart-120x120.webp 120w, https:\/\/www.samsung-ese.al\/wp-content\/uploads\/2025\/07\/Auto-restart-410x410.webp 410w, https:\/\/www.samsung-ese.al\/wp-content\/uploads\/2025\/07\/Auto-restart-200x200.webp 200w, https:\/\/www.samsung-ese.al\/wp-content\/uploads\/2025\/07\/Auto-restart.webp 500w\" sizes=\"(max-width: 61px) 100vw, 61px\" \/><\/h6>\n<p style=\"text-align: center;\"><strong>Funksion i Auto Restart<\/strong><\/p>\n<\/blockquote>\n<p>&nbsp;<\/p>\n<\/div>\n<div>\n<blockquote>\n<h6 style=\"text-align: center;\"><img loading=\"lazy\" decoding=\"async\" class=\"alignnone wp-image-28605\" src=\"https:\/\/www.samsung-ese.al\/wp-content\/uploads\/2025\/07\/Zoning_Solution-300x300.webp\" alt=\"\" width=\"61\" height=\"61\" srcset=\"https:\/\/www.samsung-ese.al\/wp-content\/uploads\/2025\/07\/Zoning_Solution-300x300.webp 300w, https:\/\/www.samsung-ese.al\/wp-content\/uploads\/2025\/07\/Zoning_Solution-1024x1024.webp 1024w, https:\/\/www.samsung-ese.al\/wp-content\/uploads\/2025\/07\/Zoning_Solution-150x150.webp 150w, https:\/\/www.samsung-ese.al\/wp-content\/uploads\/2025\/07\/Zoning_Solution-768x768.webp 768w, https:\/\/www.samsung-ese.al\/wp-content\/uploads\/2025\/07\/Zoning_Solution-1536x1536.webp 1536w, https:\/\/www.samsung-ese.al\/wp-content\/uploads\/2025\/07\/Zoning_Solution-370x370.webp 370w, https:\/\/www.samsung-ese.al\/wp-content\/uploads\/2025\/07\/Zoning_Solution-120x120.webp 120w, https:\/\/www.samsung-ese.al\/wp-content\/uploads\/2025\/07\/Zoning_Solution-840x840.webp 840w, https:\/\/www.samsung-ese.al\/wp-content\/uploads\/2025\/07\/Zoning_Solution-410x410.webp 410w, https:\/\/www.samsung-ese.al\/wp-content\/uploads\/2025\/07\/Zoning_Solution-200x200.webp 200w, https:\/\/www.samsung-ese.al\/wp-content\/uploads\/2025\/07\/Zoning_Solution-600x600.webp 600w, https:\/\/www.samsung-ese.al\/wp-content\/uploads\/2025\/07\/Zoning_Solution.webp 2000w\" sizes=\"(max-width: 61px) 100vw, 61px\" \/><\/h6>\n<p style=\"text-align: center;\"><strong>Dy Dalje t\u00eb Ndara t\u00eb Ajrit<\/strong><\/p>\n<p style=\"text-align: center;\">Dalja e sip\u00ebrme p\u00ebr ftohje dhe ajo e poshtme p\u00ebr ngrohje, p\u00ebr t\u00eb shmangur shtres\u00ebzimin e temperatur\u00ebs.<\/p>\n<\/blockquote>\n<p>&nbsp;<\/p>\n<\/div>","protected":false},"excerpt":{"rendered":"<h5>Komoditet i menj\u00ebhersh\u00ebm dhe i ngroht\u00eb.<\/h5>\n<p data-start=\"43\" data-end=\"442\" data-is-last-node=\"\" data-is-only-node=\"\">Nj\u00ebsit\u00eb me q\u00ebndrim n\u00eb dysheme shp\u00ebrndajn\u00eb aj\u00ebr t\u00eb ngroht\u00eb nga ventilimi i posht\u00ebm, duke ngrohur dhom\u00ebn ku jetojn\u00eb njer\u00ebzit.<\/p>","protected":false},"featured_media":28606,"template":"","meta":{"_eb_attr":""},"product_brand":[],"product_cat":[306,310,299],"product_tag":[313,417,312],"class_list":{"0":"post-28602","1":"product","2":"type-product","3":"status-publish","4":"has-post-thumbnail","6":"product_cat-console","7":"product_cat-residential","8":"product_cat-mono-split-rac","9":"product_tag-fjm-compatibility","10":"product_tag-r32-for-monosplit","11":"product_tag-rac-category","13":"first","14":"instock","15":"shipping-taxable","16":"product-type-simple"},"_links":{"self":[{"href":"https:\/\/www.samsung-ese.al\/sq\/wp-json\/wp\/v2\/product\/28602","targetHints":{"allow":["GET"]}}],"collection":[{"href":"https:\/\/www.samsung-ese.al\/sq\/wp-json\/wp\/v2\/product"}],"about":[{"href":"https:\/\/www.samsung-ese.al\/sq\/wp-json\/wp\/v2\/types\/product"}],"wp:featuredmedia":[{"embeddable":true,"href":"https:\/\/www.samsung-ese.al\/sq\/wp-json\/wp\/v2\/media\/28606"}],"wp:attachment":[{"href":"https:\/\/www.samsung-ese.al\/sq\/wp-json\/wp\/v2\/media?parent=28602"}],"wp:term":[{"taxonomy":"product_brand","embeddable":true,"href":"https:\/\/www.samsung-ese.al\/sq\/wp-json\/wp\/v2\/product_brand?post=28602"},{"taxonomy":"product_cat","embeddable":true,"href":"https:\/\/www.samsung-ese.al\/sq\/wp-json\/wp\/v2\/product_cat?post=28602"},{"taxonomy":"product_tag","embeddable":true,"href":"https:\/\/www.samsung-ese.al\/sq\/wp-json\/wp\/v2\/product_tag?post=28602"}],"curies":[{"name":"wp","href":"https:\/\/api.w.org\/{rel}","templated":true}]}}