{"id":28591,"date":"2025-07-07T17:38:55","date_gmt":"2025-07-07T17:38:55","guid":{"rendered":"https:\/\/www.samsung-ese.al\/?post_type=product&#038;p=28591"},"modified":"2025-09-01T17:43:42","modified_gmt":"2025-09-01T17:43:42","slug":"windfree-geo","status":"publish","type":"product","link":"https:\/\/www.samsung-ese.al\/sq\/produkt\/windfree-geo\/","title":{"rendered":"WindFree\u2122 GEO"},"content":{"rendered":"<h3>Energy Efficiency<\/h3>\n<p>A+++\/ A+++<\/p>\n<h3>Available Capacities (Btu\/h)<\/h3>\n<p>9k, 12k<\/p>\n<h3>Technical Details<\/h3>\n<p>Experience ultimate comfort and efficiency with WindFree\u2122 GEO.<\/p>\n<p><a href=\"https:\/\/www.samsung-ese.al\/wp-content\/uploads\/2025\/07\/[TDB] AR9500T RAC for Europe Nordic_Ver.1.0_200601.pdf\" target=\"_blank\" rel=\"noopener\">View Technical Document<\/a><\/p>\n<h3>Brochure and Literature<\/h3>\n<p><a href=\"mailto:ese@samsung-ese.al\">For Business Purposes<\/a><\/p>\n<div>\n<h3>AC Features<\/h3>\n<p>Because comfort shouldn&#8217;t be complicated \u2014 here\u2019s what\u2019s inside.<\/p>\n<p>&nbsp;<\/p>\n<\/div>\n<div><\/div>\n<div>\n<div>\n<div>\n<blockquote>\n<h6 style=\"text-align: center;\"><img decoding=\"async\" class=\"alignnone wp-image-28546\" src=\"https:\/\/www.samsung-ese.al\/wp-content\/uploads\/2025\/07\/FILTER-TRECARE-300x283.png\" alt=\"\" width=\"64\" height=\"60\" srcset=\"https:\/\/www.samsung-ese.al\/wp-content\/uploads\/2025\/07\/FILTER-TRECARE-300x283.png 300w, https:\/\/www.samsung-ese.al\/wp-content\/uploads\/2025\/07\/FILTER-TRECARE-370x349.png 370w, https:\/\/www.samsung-ese.al\/wp-content\/uploads\/2025\/07\/FILTER-TRECARE-200x188.png 200w, https:\/\/www.samsung-ese.al\/wp-content\/uploads\/2025\/07\/FILTER-TRECARE.png 399w\" sizes=\"(max-width: 64px) 100vw, 64px\" \/><\/h6>\n<p style=\"text-align: center;\"><strong>TRI-CARE FILTER<\/strong><\/p>\n<p style=\"text-align: center;\">The Tri-Care Filter keeps the air cleaner and sustains the performance of the Heat Exchanger. Its three layers include a high-density filter that extracts large household dust particles, fibers and animal hair. It also has a filter with Zeolite coating that captures fine dust, and helps to reduce certain types of viruses, bacteria and allergens in the air.<\/p>\n<\/blockquote>\n<p>&nbsp;<\/p>\n<\/div>\n<\/div>\n<\/div>\n<div>\n<blockquote>\n<h6 style=\"text-align: center;\"><img decoding=\"async\" class=\"alignnone wp-image-28536\" src=\"https:\/\/www.samsung-ese.al\/wp-content\/uploads\/2025\/07\/SmartThings_WWST_Blue_Mono_CMYK-1.png\" alt=\"\" width=\"60\" height=\"63\" srcset=\"https:\/\/www.samsung-ese.al\/wp-content\/uploads\/2025\/07\/SmartThings_WWST_Blue_Mono_CMYK-1.png 204w, https:\/\/www.samsung-ese.al\/wp-content\/uploads\/2025\/07\/SmartThings_WWST_Blue_Mono_CMYK-1-200x211.png 200w\" sizes=\"(max-width: 60px) 100vw, 60px\" \/><\/h6>\n<p style=\"text-align: center;\"><strong>SMART THING MANAGEMENT<\/strong><\/p>\n<p style=\"text-align: center;\">Control the temperature at home, anytime and anywhere. The SmartThings App enables users to remotely control their air conditioner. With just the touch of a button, users can turn the air conditioner on or off, select the cooling mode, schedule the air conditioner\u2019s operation and monitor its power consumption. With the Bixby 2.0 Artificial Intelligence (AI) system, a user can simply tell the device what they want\u00b2, and the device carries out their wishes. It even analyses the environment, preferred mode and temperature and suggests the best settings for inside the home.<\/p>\n<\/blockquote>\n<p>&nbsp;<\/p>\n<div>\n<div>\n<blockquote>\n<h6 style=\"text-align: center;\"><img decoding=\"async\" class=\"alignnone wp-image-28586\" src=\"https:\/\/www.samsung-ese.al\/wp-content\/uploads\/2025\/07\/VOICE-CONTROL-295x300.png\" alt=\"\" width=\"61\" height=\"62\" srcset=\"https:\/\/www.samsung-ese.al\/wp-content\/uploads\/2025\/07\/VOICE-CONTROL-295x300.png 295w, https:\/\/www.samsung-ese.al\/wp-content\/uploads\/2025\/07\/VOICE-CONTROL-150x150.png 150w, https:\/\/www.samsung-ese.al\/wp-content\/uploads\/2025\/07\/VOICE-CONTROL-370x370.png 370w, https:\/\/www.samsung-ese.al\/wp-content\/uploads\/2025\/07\/VOICE-CONTROL-120x120.png 120w, https:\/\/www.samsung-ese.al\/wp-content\/uploads\/2025\/07\/VOICE-CONTROL-200x203.png 200w, https:\/\/www.samsung-ese.al\/wp-content\/uploads\/2025\/07\/VOICE-CONTROL.png 381w\" sizes=\"(max-width: 61px) 100vw, 61px\" \/><\/h6>\n<p style=\"text-align: center;\"><strong>VOICE CONTROL<\/strong><\/p>\n<p style=\"text-align: center;\">Voice Control with Bixby, Amazon (Alexa), Google. Control your AC in your home anytime and anywhere with the Bixby, Alexa or Google voice command. You can simply tell it what you want, and it does it.<\/p>\n<\/blockquote>\n<p>&nbsp;<\/p>\n<\/div>\n<\/div>\n<\/div>\n<div>\n<div>\n<blockquote>\n<h6 style=\"text-align: center;\"><img loading=\"lazy\" decoding=\"async\" class=\"alignnone wp-image-28588\" src=\"https:\/\/www.samsung-ese.al\/wp-content\/uploads\/2025\/07\/SILENT-MODE-1-300x292.png\" alt=\"\" width=\"61\" height=\"59\" srcset=\"https:\/\/www.samsung-ese.al\/wp-content\/uploads\/2025\/07\/SILENT-MODE-1-300x292.png 300w, https:\/\/www.samsung-ese.al\/wp-content\/uploads\/2025\/07\/SILENT-MODE-1-370x360.png 370w, https:\/\/www.samsung-ese.al\/wp-content\/uploads\/2025\/07\/SILENT-MODE-1-200x195.png 200w, https:\/\/www.samsung-ese.al\/wp-content\/uploads\/2025\/07\/SILENT-MODE-1.png 380w\" sizes=\"(max-width: 61px) 100vw, 61px\" \/><\/h6>\n<p style=\"text-align: center;\"><strong>QUIET FUNCTION<\/strong><\/p>\n<p style=\"text-align: center;\">To ensure greater comfort, Samsung has improved many parts to reduce vibration and noise coming from the air conditioner. With Samsung&#8217;s highly innovative air conditioner, you can always have a quiet, peaceful life while staying comfortably cool.<\/p>\n<\/blockquote>\n<p>&nbsp;<\/p>\n<\/div>\n<div>\n<div>\n<div>\n<blockquote>\n<h6 style=\"text-align: center;\"><img loading=\"lazy\" decoding=\"async\" class=\"alignnone wp-image-28547\" src=\"https:\/\/www.samsung-ese.al\/wp-content\/uploads\/2025\/07\/EASYPLUS-FILTER-300x285.png\" alt=\"\" width=\"61\" height=\"58\" srcset=\"https:\/\/www.samsung-ese.al\/wp-content\/uploads\/2025\/07\/EASYPLUS-FILTER-300x285.png 300w, https:\/\/www.samsung-ese.al\/wp-content\/uploads\/2025\/07\/EASYPLUS-FILTER-370x351.png 370w, https:\/\/www.samsung-ese.al\/wp-content\/uploads\/2025\/07\/EASYPLUS-FILTER-410x389.png 410w, https:\/\/www.samsung-ese.al\/wp-content\/uploads\/2025\/07\/EASYPLUS-FILTER-200x190.png 200w, https:\/\/www.samsung-ese.al\/wp-content\/uploads\/2025\/07\/EASYPLUS-FILTER.png 415w\" sizes=\"(max-width: 61px) 100vw, 61px\" \/><\/h6>\n<p style=\"text-align: center;\"><strong>EASY FILTER +<\/strong><\/p>\n<p style=\"text-align: center;\">Unlike conventional filters that may be difficult to access the Easy Filter Plus is located externally on the top of the unit. This means it can be easily removed and cleaned without needing to open a cover or pull hard on it. Thanks to the filter\u2019s dense mesh the unit is able to capture certain types of dust. This helps keep the Heat Exchanger clean and working efficiently. The special coating on the filter helps protect residents from certain airborne contaminants.<\/p>\n<\/blockquote>\n<p>&nbsp;<\/p>\n<\/div>\n<\/div>\n<\/div>\n<\/div>\n<div>\n<blockquote>\n<h6 style=\"text-align: center;\"><img loading=\"lazy\" decoding=\"async\" class=\"alignnone wp-image-28587\" src=\"https:\/\/www.samsung-ese.al\/wp-content\/uploads\/2025\/07\/digital_inverter-300x291.png\" alt=\"\" width=\"61\" height=\"59\" srcset=\"https:\/\/www.samsung-ese.al\/wp-content\/uploads\/2025\/07\/digital_inverter-300x291.png 300w, https:\/\/www.samsung-ese.al\/wp-content\/uploads\/2025\/07\/digital_inverter-370x359.png 370w, https:\/\/www.samsung-ese.al\/wp-content\/uploads\/2025\/07\/digital_inverter-410x398.png 410w, https:\/\/www.samsung-ese.al\/wp-content\/uploads\/2025\/07\/digital_inverter-200x194.png 200w, https:\/\/www.samsung-ese.al\/wp-content\/uploads\/2025\/07\/digital_inverter.png 527w\" sizes=\"(max-width: 61px) 100vw, 61px\" \/><\/h6>\n<p style=\"text-align: center;\"><strong>DIGITAL INVERTER BOOST COMPRESSOR<\/strong><\/p>\n<p style=\"text-align: center;\">Digital Inverter Technology ensures precise temperature control, energy efficiency, and quieter HVAC operation.<\/p>\n<\/blockquote>\n<p>&nbsp;<\/p>\n<div>\n<div>\n<div>\n<blockquote>\n<h6 style=\"text-align: center;\"><img loading=\"lazy\" decoding=\"async\" class=\"alignnone wp-image-28554\" src=\"https:\/\/www.samsung-ese.al\/wp-content\/uploads\/2025\/07\/INSTALATION-300x297.png\" alt=\"\" width=\"61\" height=\"60\" srcset=\"https:\/\/www.samsung-ese.al\/wp-content\/uploads\/2025\/07\/INSTALATION-300x297.png 300w, https:\/\/www.samsung-ese.al\/wp-content\/uploads\/2025\/07\/INSTALATION-150x150.png 150w, https:\/\/www.samsung-ese.al\/wp-content\/uploads\/2025\/07\/INSTALATION-370x370.png 370w, https:\/\/www.samsung-ese.al\/wp-content\/uploads\/2025\/07\/INSTALATION-120x120.png 120w, https:\/\/www.samsung-ese.al\/wp-content\/uploads\/2025\/07\/INSTALATION-200x198.png 200w, https:\/\/www.samsung-ese.al\/wp-content\/uploads\/2025\/07\/INSTALATION.png 384w\" sizes=\"(max-width: 61px) 100vw, 61px\" \/><\/h6>\n<p style=\"text-align: center;\"><strong>EASY INSTALLATION AND SERVICING<\/strong><\/p>\n<p style=\"text-align: center;\">The WindFree\u2122 wall-mounted air conditioner features a snap-fit bottom cover that can be easily opened and closed. There are two screw points which allows for convenient installation and servicing. Unlike conventional brackets that can be fitted on two fixed hooks, the unit uses a roller type bracket that simplifies the installation process. This makes it easy to mount by installing the bracket on the wall and sliding it effortlessly into the exact position you want.<\/p>\n<\/blockquote>\n<p>&nbsp;<\/p>\n<\/div>\n<\/div>\n<\/div>\n<\/div>\n","protected":false},"excerpt":{"rendered":"<h5>Nj\u00eb zgjidhje e p\u00ebrsosur p\u00ebr temperatura ekstreme.<\/h5>\n<p data-start=\"43\" data-end=\"442\" data-is-last-node=\"\" data-is-only-node=\"\">Kondicioner ideal, i dizajnuar p\u00ebr nevojat e qyteteve me nj\u00eb dim\u00ebr t\u00eb ftoht\u00eb dhe ver\u00eb t\u00eb nxeht\u00eb. Modaliteti i ftohjes WindFree\u2122 mban dhom\u00ebn freskuese n\u00eb nj\u00eb m\u00ebnyr\u00eb t\u00eb k\u00ebndshme. Geo shp\u00ebrndan ajrin but\u00ebsisht dhe qet\u00ebsisht p\u00ebrmes 23,000 mikro-vrimave, pa er\u00ebra t\u00eb ftohta. Modaliteti Geo siguron nj\u00eb kapacitet t\u00eb p\u00ebrsosur ngrohjeje deri n\u00eb temperatur\u00eb -30\u00b0C t\u00eb ambientit t\u00eb jasht\u00ebm.<\/p>","protected":false},"featured_media":28594,"template":"","meta":{"_eb_attr":""},"product_brand":[],"product_cat":[305,310,299],"product_tag":[317,417,312,315,311],"class_list":{"0":"post-28591","1":"product","2":"type-product","3":"status-publish","4":"has-post-thumbnail","6":"product_cat-nordic","7":"product_cat-residential","8":"product_cat-mono-split-rac","9":"product_tag-nasa-protocol","10":"product_tag-r32-for-monosplit","11":"product_tag-rac-category","12":"product_tag-wifi-integrated","13":"product_tag-windfree-technology","15":"first","16":"instock","17":"shipping-taxable","18":"product-type-simple"},"_links":{"self":[{"href":"https:\/\/www.samsung-ese.al\/sq\/wp-json\/wp\/v2\/product\/28591","targetHints":{"allow":["GET"]}}],"collection":[{"href":"https:\/\/www.samsung-ese.al\/sq\/wp-json\/wp\/v2\/product"}],"about":[{"href":"https:\/\/www.samsung-ese.al\/sq\/wp-json\/wp\/v2\/types\/product"}],"wp:featuredmedia":[{"embeddable":true,"href":"https:\/\/www.samsung-ese.al\/sq\/wp-json\/wp\/v2\/media\/28594"}],"wp:attachment":[{"href":"https:\/\/www.samsung-ese.al\/sq\/wp-json\/wp\/v2\/media?parent=28591"}],"wp:term":[{"taxonomy":"product_brand","embeddable":true,"href":"https:\/\/www.samsung-ese.al\/sq\/wp-json\/wp\/v2\/product_brand?post=28591"},{"taxonomy":"product_cat","embeddable":true,"href":"https:\/\/www.samsung-ese.al\/sq\/wp-json\/wp\/v2\/product_cat?post=28591"},{"taxonomy":"product_tag","embeddable":true,"href":"https:\/\/www.samsung-ese.al\/sq\/wp-json\/wp\/v2\/product_tag?post=28591"}],"curies":[{"name":"wp","href":"https:\/\/api.w.org\/{rel}","templated":true}]}}