{"id":28558,"date":"2025-07-02T09:11:00","date_gmt":"2025-07-02T09:11:00","guid":{"rendered":"https:\/\/www.samsung-ese.al\/?post_type=product&#038;p=28558"},"modified":"2025-09-01T17:44:40","modified_gmt":"2025-09-01T17:44:40","slug":"ar-35","status":"publish","type":"product","link":"https:\/\/www.samsung-ese.al\/sq\/produkt\/ar-35\/","title":{"rendered":"AR 35"},"content":{"rendered":"<h3>Eficensa e Energjis\u00eb<\/h3>\n<p>A++\/ A+<\/p>\n<h3>Kapacitete t\u00eb disponueshme<\/h3>\n<p>9k, 12k<\/p>\n<h3>Detaje Teknike<\/h3>\n<p>P\u00ebrjetoni rehati dhe efikasitet maksimal me AR 35.<\/p>\n<p><a href=\"https:\/\/www.samsung-ese.al\/wp-content\/uploads\/2025\/07\/TDB-AF-RAC-for-Europe-Inverter-R32-50Hz_Ver.1.0.pdf\" target=\"_blank\" rel=\"noopener\">Shiko Dokumentin Teknik<\/a><\/p>\n<h3>Broshura dhe Literatura<\/h3>\n<p><a href=\"mailto:ese@samsung-ese.al\">P\u00ebr Q\u00ebllime Biznesi<\/a><\/p>\n<div>\n<h3>Ve\u00e7orit\u00eb AC<\/h3>\n<p>Sepse rehatia nuk duhet t\u00eb jet\u00eb e nd\u00ebrlikuar, ja \u00e7far\u00eb ofrohet n\u00eb t\u00eb.<\/p>\n<p>&nbsp;<\/p>\n<\/div>\n<div>\n<div>\n<div>\n<div>\n<blockquote>\n<h6 style=\"text-align: center;\"><img decoding=\"async\" class=\"alignnone wp-image-28553\" src=\"https:\/\/www.samsung-ese.al\/wp-content\/uploads\/2025\/07\/KOMPRESORI-TWIN-300x297.png\" alt=\"\" width=\"61\" height=\"60\" srcset=\"https:\/\/www.samsung-ese.al\/wp-content\/uploads\/2025\/07\/KOMPRESORI-TWIN-300x297.png 300w, https:\/\/www.samsung-ese.al\/wp-content\/uploads\/2025\/07\/KOMPRESORI-TWIN-150x150.png 150w, https:\/\/www.samsung-ese.al\/wp-content\/uploads\/2025\/07\/KOMPRESORI-TWIN-370x370.png 370w, https:\/\/www.samsung-ese.al\/wp-content\/uploads\/2025\/07\/KOMPRESORI-TWIN-120x120.png 120w, https:\/\/www.samsung-ese.al\/wp-content\/uploads\/2025\/07\/KOMPRESORI-TWIN-200x198.png 200w, https:\/\/www.samsung-ese.al\/wp-content\/uploads\/2025\/07\/KOMPRESORI-TWIN.png 381w\" sizes=\"(max-width: 61px) 100vw, 61px\" \/><\/h6>\n<p style=\"text-align: center;\"><strong>Kompresor Twin Rotary<\/strong><\/p>\n<p style=\"text-align: center;\">Kompresori Twin Rotary krijon 20 her\u00eb m\u00eb pak vibrim se nj\u00eb kompresor i vet\u00ebm. Silenciatori i patentuar Twin i Samsung zvog\u00eblon gjithashtu zhurm\u00ebn e qarkullimit t\u00eb ftoh\u00ebsit. Magnet\u00ebt Neodymium t\u00eb motorit BLDC jan\u00eb 3 her\u00eb m\u00eb t\u00eb fuqish\u00ebm se normalisht, duke gjeneruar rrotullim m\u00eb t\u00eb fuqish\u00ebm dhe m\u00eb t\u00eb shpejt\u00eb.<\/p>\n<\/blockquote>\n<\/div>\n<\/div>\n<\/div>\n<\/div>","protected":false},"excerpt":{"rendered":"<h5>Model Inverteri Ekonomik.<\/h5>\n<p data-start=\"43\" data-end=\"442\" data-is-last-node=\"\" data-is-only-node=\"\">Kursen para me teknologjin\u00eb Digital Inverter. Ruhet temperatura q\u00eb d\u00ebshironi pa pasur nevoj\u00eb ta ndizni dhe fikni shpesh, duke reduktuar ndryshimet e papritura. P\u00ebr m\u00eb tep\u00ebr, magnet\u00ebt e fuqish\u00ebm dhe amortizatori i zhurm\u00ebs sigurojn\u00eb nj\u00eb funksionim m\u00eb t\u00eb qet\u00eb, m\u00eb t\u00eb q\u00ebndruesh\u00ebm dhe me konsum m\u00eb t\u00eb ul\u00ebt t\u00eb energjis\u00eb.<\/p>","protected":false},"featured_media":28582,"template":"","meta":{"_eb_attr":""},"product_brand":[],"product_cat":[304,310,299],"product_tag":[417,312],"class_list":{"0":"post-28558","1":"product","2":"type-product","3":"status-publish","4":"has-post-thumbnail","6":"product_cat-non-wind-free","7":"product_cat-residential","8":"product_cat-mono-split-rac","9":"product_tag-r32-for-monosplit","10":"product_tag-rac-category","12":"first","13":"instock","14":"shipping-taxable","15":"product-type-simple"},"_links":{"self":[{"href":"https:\/\/www.samsung-ese.al\/sq\/wp-json\/wp\/v2\/product\/28558","targetHints":{"allow":["GET"]}}],"collection":[{"href":"https:\/\/www.samsung-ese.al\/sq\/wp-json\/wp\/v2\/product"}],"about":[{"href":"https:\/\/www.samsung-ese.al\/sq\/wp-json\/wp\/v2\/types\/product"}],"wp:featuredmedia":[{"embeddable":true,"href":"https:\/\/www.samsung-ese.al\/sq\/wp-json\/wp\/v2\/media\/28582"}],"wp:attachment":[{"href":"https:\/\/www.samsung-ese.al\/sq\/wp-json\/wp\/v2\/media?parent=28558"}],"wp:term":[{"taxonomy":"product_brand","embeddable":true,"href":"https:\/\/www.samsung-ese.al\/sq\/wp-json\/wp\/v2\/product_brand?post=28558"},{"taxonomy":"product_cat","embeddable":true,"href":"https:\/\/www.samsung-ese.al\/sq\/wp-json\/wp\/v2\/product_cat?post=28558"},{"taxonomy":"product_tag","embeddable":true,"href":"https:\/\/www.samsung-ese.al\/sq\/wp-json\/wp\/v2\/product_tag?post=28558"}],"curies":[{"name":"wp","href":"https:\/\/api.w.org\/{rel}","templated":true}]}}