{"id":29597,"date":"2025-09-06T13:34:13","date_gmt":"2025-09-06T13:34:13","guid":{"rendered":"https:\/\/www.samsung-ese.al\/?post_type=product&#038;p=29597"},"modified":"2025-09-08T14:39:26","modified_gmt":"2025-09-08T14:39:26","slug":"y-joint-outdoor-unit","status":"publish","type":"product","link":"http:\/\/www.samsung-ese.al\/sq\/produkt\/y-joint-outdoor-unit\/","title":{"rendered":"Fuga Y (Nj\u00ebsi t\u00eb Jashtme)"},"content":{"rendered":"<h3>Kapaciteti (kW)<\/h3>\n<p>135.2, 140.2 kW dhe m\u00eb shum\u00eb.<\/p>\n<h3>Detaje Teknike<\/h3>\n<p>Shkarkoni k\u00ebtu manualet e instalimit p\u00ebr aksesor\u00ebt tuaj HVAC.<\/p>\n<p><a href=\"https:\/\/www.samsung-ese.al\/wp-content\/uploads\/2025\/09\/DB68-03340A-06_IM_JOINT_EU_EN_250428-D04-4.pdf\">Manual Instalimi<\/a><\/p>\n<h3>Broshura dhe Literatura<\/h3>\n<p><a href=\"mailto:ese@samsung-ese.al\">P\u00ebr Q\u00ebllime Biznesi<\/a><\/p>\n<h3><\/h3>","protected":false},"excerpt":{"rendered":"<p data-start=\"43\" data-end=\"442\">Fuga-Y e nj\u00ebsis\u00eb s\u00eb jashtme Samsung (seria MXJ-TA), nj\u00eb lidh\u00ebs deg\u00ebzues n\u00eb form\u00eb Y, i nd\u00ebrtuar prej bakri, i dizajnuar posa\u00e7\u00ebrisht p\u00ebr tubacionet e ftoh\u00ebsit VRF t\u00eb nj\u00ebsive t\u00eb jashtme.<\/p>","protected":false},"featured_media":29600,"template":"","meta":{"_eb_attr":""},"product_brand":[],"product_cat":[419],"product_tag":[],"class_list":{"0":"post-29597","1":"product","2":"type-product","3":"status-publish","4":"has-post-thumbnail","6":"product_cat-accessories","8":"first","9":"instock","10":"shipping-taxable","11":"product-type-simple"},"_links":{"self":[{"href":"http:\/\/www.samsung-ese.al\/sq\/wp-json\/wp\/v2\/product\/29597","targetHints":{"allow":["GET"]}}],"collection":[{"href":"http:\/\/www.samsung-ese.al\/sq\/wp-json\/wp\/v2\/product"}],"about":[{"href":"http:\/\/www.samsung-ese.al\/sq\/wp-json\/wp\/v2\/types\/product"}],"wp:featuredmedia":[{"embeddable":true,"href":"http:\/\/www.samsung-ese.al\/sq\/wp-json\/wp\/v2\/media\/29600"}],"wp:attachment":[{"href":"http:\/\/www.samsung-ese.al\/sq\/wp-json\/wp\/v2\/media?parent=29597"}],"wp:term":[{"taxonomy":"product_brand","embeddable":true,"href":"http:\/\/www.samsung-ese.al\/sq\/wp-json\/wp\/v2\/product_brand?post=29597"},{"taxonomy":"product_cat","embeddable":true,"href":"http:\/\/www.samsung-ese.al\/sq\/wp-json\/wp\/v2\/product_cat?post=29597"},{"taxonomy":"product_tag","embeddable":true,"href":"http:\/\/www.samsung-ese.al\/sq\/wp-json\/wp\/v2\/product_tag?post=29597"}],"curies":[{"name":"wp","href":"https:\/\/api.w.org\/{rel}","templated":true}]}}