{"id":29581,"date":"2025-09-06T13:09:22","date_gmt":"2025-09-06T13:09:22","guid":{"rendered":"https:\/\/www.samsung-ese.al\/?post_type=product&#038;p=29581"},"modified":"2025-09-22T13:08:24","modified_gmt":"2025-09-22T13:08:24","slug":"y-joint-hr-only","status":"publish","type":"product","link":"http:\/\/www.samsung-ese.al\/sq\/produkt\/y-joint-hr-only\/","title":{"rendered":"Fuga-Y (vet\u00ebm p\u00ebr HR)"},"content":{"rendered":"<h3>Kapaciteti (kW)<\/h3>\n<p>22.4, 70.3, 135.2 kW dhe m\u00eb posht\u00eb.<\/p>\n<h3>Detaje Teknike<\/h3>\n<p>Shkarkoni k\u00ebtu manualet e instalimit p\u00ebr aksesor\u00ebt tuaj HVAC.<\/p>\n<p><a href=\"https:\/\/www.samsung-ese.al\/wp-content\/uploads\/2025\/09\/DB68-03340A-06_IM_JOINT_EU_EN_250428-D04-1.pdf\">Manual Instalimi<\/a><\/p>\n<h3>Broshura dhe Literatura<\/h3>\n<p><a href=\"mailto:ese@samsung-ese.al\">P\u00ebr Q\u00ebllime Biznesi<\/a><\/p>\n<div>\n<div>\n<div>\n<div>\n<p>&nbsp;<\/p>\n<\/div>\n<\/div>\n<\/div>\n<\/div>","protected":false},"excerpt":{"rendered":"<p data-start=\"43\" data-end=\"442\" data-is-last-node=\"\" data-is-only-node=\"\">Fuga-Y t\u00eb Samsung (vet\u00ebm HR) \u00ebsht\u00eb dizajnuar p\u00ebr aplikime Heat Recovery n\u00eb pajisjet HVAC t\u00eb Samsung. \u00c7do nj\u00ebsi p\u00ebrfshin nj\u00eb fug\u00eb Y prej bakri t\u00eb salduar me reduktor\u00eb t\u00eb integruar (sasia ndryshon sipas modelit), duke mund\u00ebsuar ndarje t\u00eb qet\u00eb t\u00eb deg\u00ebzimit t\u00eb ftoh\u00ebsit dhe lidhje t\u00eb sigurta.<\/p>","protected":false},"featured_media":29582,"template":"","meta":{"_eb_attr":""},"product_brand":[],"product_cat":[419],"product_tag":[],"class_list":{"0":"post-29581","1":"product","2":"type-product","3":"status-publish","4":"has-post-thumbnail","6":"product_cat-accessories","8":"first","9":"instock","10":"shipping-taxable","11":"product-type-simple"},"_links":{"self":[{"href":"http:\/\/www.samsung-ese.al\/sq\/wp-json\/wp\/v2\/product\/29581","targetHints":{"allow":["GET"]}}],"collection":[{"href":"http:\/\/www.samsung-ese.al\/sq\/wp-json\/wp\/v2\/product"}],"about":[{"href":"http:\/\/www.samsung-ese.al\/sq\/wp-json\/wp\/v2\/types\/product"}],"wp:featuredmedia":[{"embeddable":true,"href":"http:\/\/www.samsung-ese.al\/sq\/wp-json\/wp\/v2\/media\/29582"}],"wp:attachment":[{"href":"http:\/\/www.samsung-ese.al\/sq\/wp-json\/wp\/v2\/media?parent=29581"}],"wp:term":[{"taxonomy":"product_brand","embeddable":true,"href":"http:\/\/www.samsung-ese.al\/sq\/wp-json\/wp\/v2\/product_brand?post=29581"},{"taxonomy":"product_cat","embeddable":true,"href":"http:\/\/www.samsung-ese.al\/sq\/wp-json\/wp\/v2\/product_cat?post=29581"},{"taxonomy":"product_tag","embeddable":true,"href":"http:\/\/www.samsung-ese.al\/sq\/wp-json\/wp\/v2\/product_tag?post=29581"}],"curies":[{"name":"wp","href":"https:\/\/api.w.org\/{rel}","templated":true}]}}