{"id":29578,"date":"2025-09-06T12:21:09","date_gmt":"2025-09-06T12:21:09","guid":{"rendered":"https:\/\/www.samsung-ese.al\/?post_type=product&#038;p=29578"},"modified":"2025-09-06T13:08:25","modified_gmt":"2025-09-06T13:08:25","slug":"y-joint-for-mcu","status":"publish","type":"product","link":"http:\/\/www.samsung-ese.al\/sq\/produkt\/y-joint-for-mcu\/","title":{"rendered":"Fuga Y (MCU)"},"content":{"rendered":"<h3>Kapaciteti (kW)<\/h3>\n<p>6, 14, 16, 28 kW and below.<\/p>\n<h3>Detaje Teknike<\/h3>\n<p>Shkarkoni k\u00ebtu manualet e instalimit p\u00ebr aksesor\u00ebt tuaj HVAC.<\/p>\n<p><a href=\"https:\/\/www.samsung-ese.al\/wp-content\/uploads\/2025\/09\/DB68-03340A-06_IM_JOINT_EU_EN_250428-D04-1.pdf\">Manual Instalimi<\/a><\/p>\n<h3>Broshura dhe Literatura<\/h3>\n<p><a href=\"mailto:ese@samsung-ese.al\">P\u00ebr Q\u00ebllime Biznesi<\/a><\/p>\n<div>\n<div>\n<div>\n<div>\n<p>&nbsp;<\/p>\n<\/div>\n<\/div>\n<\/div>\n<\/div>","protected":false},"excerpt":{"rendered":"<p data-start=\"43\" data-end=\"442\" data-is-last-node=\"\" data-is-only-node=\"\">Samsung&#8217;s Y\u2011Joint series designed for use in HVAC systems, particularly those utilizing the Mode Control Unit (MCU) configuration.<\/p>","protected":false},"featured_media":29579,"template":"","meta":{"_eb_attr":""},"product_brand":[],"product_cat":[419],"product_tag":[],"class_list":{"0":"post-29578","1":"product","2":"type-product","3":"status-publish","4":"has-post-thumbnail","6":"product_cat-accessories","8":"first","9":"instock","10":"shipping-taxable","11":"product-type-simple"},"_links":{"self":[{"href":"http:\/\/www.samsung-ese.al\/sq\/wp-json\/wp\/v2\/product\/29578","targetHints":{"allow":["GET"]}}],"collection":[{"href":"http:\/\/www.samsung-ese.al\/sq\/wp-json\/wp\/v2\/product"}],"about":[{"href":"http:\/\/www.samsung-ese.al\/sq\/wp-json\/wp\/v2\/types\/product"}],"wp:featuredmedia":[{"embeddable":true,"href":"http:\/\/www.samsung-ese.al\/sq\/wp-json\/wp\/v2\/media\/29579"}],"wp:attachment":[{"href":"http:\/\/www.samsung-ese.al\/sq\/wp-json\/wp\/v2\/media?parent=29578"}],"wp:term":[{"taxonomy":"product_brand","embeddable":true,"href":"http:\/\/www.samsung-ese.al\/sq\/wp-json\/wp\/v2\/product_brand?post=29578"},{"taxonomy":"product_cat","embeddable":true,"href":"http:\/\/www.samsung-ese.al\/sq\/wp-json\/wp\/v2\/product_cat?post=29578"},{"taxonomy":"product_tag","embeddable":true,"href":"http:\/\/www.samsung-ese.al\/sq\/wp-json\/wp\/v2\/product_tag?post=29578"}],"curies":[{"name":"wp","href":"https:\/\/api.w.org\/{rel}","templated":true}]}}