{"id":29574,"date":"2025-09-06T11:59:05","date_gmt":"2025-09-06T11:59:05","guid":{"rendered":"https:\/\/www.samsung-ese.al\/?post_type=product&#038;p=29574"},"modified":"2025-09-06T12:12:20","modified_gmt":"2025-09-06T12:12:20","slug":"distribution-header","status":"publish","type":"product","link":"http:\/\/www.samsung-ese.al\/sq\/produkt\/distribution-header\/","title":{"rendered":"Distribution Header"},"content":{"rendered":"<h3>Kapaciteti (kW)<\/h3>\n<p>45.0, 70.3, 135.2 kW and below.<\/p>\n<h3>Detaje Teknike<\/h3>\n<p>Shkarkoni k\u00ebtu manualet e instalimit p\u00ebr aksesor\u00ebt tuaj HVAC.<\/p>\n<p><a href=\"https:\/\/www.samsung-ese.al\/wp-content\/uploads\/2025\/09\/DB68-03340A-06_IM_JOINT_EU_EN_250428-D04.pdf\">Manual Instalimi<\/a><\/p>\n<h3>Broshura dhe Literatura<\/h3>\n<p><a href=\"https:\/\/www.samsung-ese.al\/wp-content\/uploads\/2025\/09\/Distribution-Header.zip\">Modelet BIM<\/a>\u00a0 \u00a0 <a href=\"mailto:ese@samsung-ese.al\">P\u00ebr Q\u00ebllime Biznesi<\/a><\/p>\n<div>\n<div>\n<div>\n<div>\n<p>&nbsp;<\/p>\n<\/div>\n<\/div>\n<\/div>\n<\/div>","protected":false},"excerpt":{"rendered":"<h5>Nyjet shp\u00ebrndar\u00ebse t\u00eb Samsung VRF (Variable Refrigerant Flow), t\u00eb dizajnuara p\u00ebr t\u00eb ndar\u00eb rrjedh\u00ebn e ftoh\u00ebsit nga nj\u00ebsi e jashtme e vetme drejt disa nj\u00ebsive t\u00eb brendshme!<\/h5>\n<p data-start=\"43\" data-end=\"442\" data-is-last-node=\"\" data-is-only-node=\"\">Seria e Samsung MXJ-HA Distribution Headers \u2014 q\u00eb p\u00ebrfshin modelet MXJ-HA2512M, MXJ-HA3115M dhe MXJ-HA3819M \u2014 \u00ebsht\u00eb projektuar p\u00ebr t\u00eb shp\u00ebrndar\u00eb n\u00eb m\u00ebnyr\u00eb t\u00eb p\u00ebrsosur ftoh\u00ebsin nga nj\u00eb nj\u00ebsi e jashtme VRF drejt disa nj\u00ebsive t\u00eb brendshme, duke ofruar nj\u00ebkoh\u00ebsisht fleksibilitet dhe besueshm\u00ebri.\n\nZgjidhni modelin e duhur sipas nevoj\u00ebs s\u00eb sistemit tuaj: nga konfigurimet kompakte p\u00ebr banesa (4 nj\u00ebsi, 45 kW) deri te instalimet m\u00eb t\u00eb fuqishme (8 nj\u00ebsi, me kapacitet m\u00eb t\u00eb lart\u00eb kW) q\u00eb p\u00ebrshtaten me madh\u00ebsin\u00eb dhe shkall\u00ebn e projektit.<\/p>","protected":false},"featured_media":29577,"template":"","meta":{"_eb_attr":""},"product_brand":[],"product_cat":[419],"product_tag":[],"class_list":{"0":"post-29574","1":"product","2":"type-product","3":"status-publish","4":"has-post-thumbnail","6":"product_cat-accessories","8":"first","9":"instock","10":"shipping-taxable","11":"product-type-simple"},"_links":{"self":[{"href":"http:\/\/www.samsung-ese.al\/sq\/wp-json\/wp\/v2\/product\/29574","targetHints":{"allow":["GET"]}}],"collection":[{"href":"http:\/\/www.samsung-ese.al\/sq\/wp-json\/wp\/v2\/product"}],"about":[{"href":"http:\/\/www.samsung-ese.al\/sq\/wp-json\/wp\/v2\/types\/product"}],"wp:featuredmedia":[{"embeddable":true,"href":"http:\/\/www.samsung-ese.al\/sq\/wp-json\/wp\/v2\/media\/29577"}],"wp:attachment":[{"href":"http:\/\/www.samsung-ese.al\/sq\/wp-json\/wp\/v2\/media?parent=29574"}],"wp:term":[{"taxonomy":"product_brand","embeddable":true,"href":"http:\/\/www.samsung-ese.al\/sq\/wp-json\/wp\/v2\/product_brand?post=29574"},{"taxonomy":"product_cat","embeddable":true,"href":"http:\/\/www.samsung-ese.al\/sq\/wp-json\/wp\/v2\/product_cat?post=29574"},{"taxonomy":"product_tag","embeddable":true,"href":"http:\/\/www.samsung-ese.al\/sq\/wp-json\/wp\/v2\/product_tag?post=29574"}],"curies":[{"name":"wp","href":"https:\/\/api.w.org\/{rel}","templated":true}]}}