{"id":29549,"date":"2025-09-06T10:52:19","date_gmt":"2025-09-06T10:52:19","guid":{"rendered":"https:\/\/www.samsung-ese.al\/?post_type=product&#038;p=29549"},"modified":"2025-09-06T12:00:41","modified_gmt":"2025-09-06T12:00:41","slug":"mode-control-unit-mcu","status":"publish","type":"product","link":"http:\/\/www.samsung-ese.al\/sq\/produkt\/mode-control-unit-mcu\/","title":{"rendered":"Mode Control Unit"},"content":{"rendered":"<h3>Kapaciteti Maksimal (kW)<\/h3>\n<p>16.0 kW, 22.4kW, 32.0 kW, 61.6 kW, 85.0 kW.<\/p>\n<h3>Detaje Teknike<\/h3>\n<p>Shkarkoni k\u00ebtu manualet e instalimit p\u00ebr aksesor\u00ebt tuaj HVAC.<\/p>\n<p><a href=\"https:\/\/www.samsung-ese.al\/wp-content\/uploads\/2025\/09\/ACC_MCU_kit_IM_EN_DB68-07753A-00_180117.pdf\">Manual Instalimi (Heat Recovery Changer)<\/a> \u00a0\u00a0 <a href=\"https:\/\/www.samsung-ese.al\/wp-content\/uploads\/2025\/09\/DB68-06903A-02_IM_ACC_MCU_Kit_GB_EN_FR_200506.pdf\">Manual Instalimi (MCU)<\/a><\/p>\n<h3>Broshura dhe Literatura<\/h3>\n<p><a href=\"https:\/\/www.samsung-ese.al\/wp-content\/uploads\/2025\/09\/MCU.zip\">Modelet BIM &amp; Vizatimet Dwg<\/a>\u00a0 \u00a0 <a href=\"mailto:ese@samsung-ese.al\">P\u00ebr Q\u00ebllime Biznesi<\/a><\/p>\n<div>\n<div>\n<div>\n<div>\n<p>&nbsp;<\/p>\n<\/div>\n<\/div>\n<\/div>\n<\/div>","protected":false},"excerpt":{"rendered":"<h5>Ngrohje dhe ftohje n\u00eb m\u00ebnyr\u00eb t\u00eb pavarur n\u00eb disa hap\u00ebsira duke p\u00ebrdorur MCU.<\/h5>\n<p data-start=\"43\" data-end=\"442\" data-is-last-node=\"\" data-is-only-node=\"\">MCU-t\u00eb mund\u00ebsojn\u00eb ngrohje dhe ftohje nj\u00ebkoh\u00ebsisht p\u00ebr modelet DVM &amp; DVM Heat Recovery. Ato ofrohen n\u00eb konfigurime nga 1 deri n\u00eb 12 porta (~16 kW\/port) &amp; (16 \u2013 61.6 kW) dhe mund t\u00eb lidhen me nj\u00ebra-tjetr\u00ebn.<\/p>","protected":false},"featured_media":29564,"template":"","meta":{"_eb_attr":""},"product_brand":[],"product_cat":[419],"product_tag":[],"class_list":{"0":"post-29549","1":"product","2":"type-product","3":"status-publish","4":"has-post-thumbnail","6":"product_cat-accessories","8":"first","9":"instock","10":"shipping-taxable","11":"product-type-simple"},"_links":{"self":[{"href":"http:\/\/www.samsung-ese.al\/sq\/wp-json\/wp\/v2\/product\/29549","targetHints":{"allow":["GET"]}}],"collection":[{"href":"http:\/\/www.samsung-ese.al\/sq\/wp-json\/wp\/v2\/product"}],"about":[{"href":"http:\/\/www.samsung-ese.al\/sq\/wp-json\/wp\/v2\/types\/product"}],"wp:featuredmedia":[{"embeddable":true,"href":"http:\/\/www.samsung-ese.al\/sq\/wp-json\/wp\/v2\/media\/29564"}],"wp:attachment":[{"href":"http:\/\/www.samsung-ese.al\/sq\/wp-json\/wp\/v2\/media?parent=29549"}],"wp:term":[{"taxonomy":"product_brand","embeddable":true,"href":"http:\/\/www.samsung-ese.al\/sq\/wp-json\/wp\/v2\/product_brand?post=29549"},{"taxonomy":"product_cat","embeddable":true,"href":"http:\/\/www.samsung-ese.al\/sq\/wp-json\/wp\/v2\/product_cat?post=29549"},{"taxonomy":"product_tag","embeddable":true,"href":"http:\/\/www.samsung-ese.al\/sq\/wp-json\/wp\/v2\/product_tag?post=29549"}],"curies":[{"name":"wp","href":"https:\/\/api.w.org\/{rel}","templated":true}]}}