{"id":29354,"date":"2025-08-26T12:43:43","date_gmt":"2025-08-26T12:43:43","guid":{"rendered":"https:\/\/www.samsung-ese.al\/?post_type=product&#038;p=29354"},"modified":"2025-09-01T17:23:18","modified_gmt":"2025-09-01T17:23:18","slug":"dvm-s2-essential-heat-pump-2-pipe","status":"publish","type":"product","link":"http:\/\/www.samsung-ese.al\/sq\/produkt\/dvm-s2-essential-heat-pump-2-pipe\/","title":{"rendered":"Pomp\u00eb ngrohjeje esenciale DVM S2 (2 tuba)"},"content":{"rendered":"<h3>Kapacitete t\u00eb disponueshme (HP)<\/h3>\n<p>10, 12, 14, 16, 18<\/p>\n<h3>Detaje Teknike<\/h3>\n<p>P\u00ebrjetoni rehati dhe efikasitet maksimal me  Pomp\u00ebn e Ngrohjes Esenciale DVM S2.<\/p>\n<p><a href=\"https:\/\/www.samsung-ese.al\/wp-content\/uploads\/2025\/08\/TDB-VRF-ODU-DVM-S2-R410A-50Hz-Essential-for-Europe_Ver.3.1_220329.pdf\">Shiko Dokumentin Teknik<\/a><\/p>\n<h3>Broshura dhe Literatura<\/h3>\n<p><a href=\"https:\/\/www.samsung-ese.al\/wp-content\/uploads\/2025\/08\/DVM-S2-Essential-Heat-Pump-2-Pipe-R410.zip\">Vizatime DWG<\/a> \u00a0 \u00a0<a href=\"mailto:ese@samsung-ese.al\">P\u00ebr Q\u00ebllime Biznesi<\/a><\/p>\n<div>\n<h3>Ve\u00e7orit\u00eb AC<\/h3>\n<p>Sepse rehatia nuk duhet t\u00eb jet\u00eb e nd\u00ebrlikuar, ja \u00e7far\u00eb ofrohet n\u00eb t\u00eb.<\/p>\n<p>&nbsp;<\/p>\n<blockquote>\n<h6 style=\"text-align: center;\"><img decoding=\"async\" class=\"alignnone wp-image-28603\" src=\"https:\/\/www.samsung-ese.al\/wp-content\/uploads\/2025\/07\/Varietee-300x300.webp\" alt=\"\" width=\"61\" height=\"61\" srcset=\"https:\/\/www.samsung-ese.al\/wp-content\/uploads\/2025\/07\/Varietee-300x300.webp 300w, https:\/\/www.samsung-ese.al\/wp-content\/uploads\/2025\/07\/Varietee-1024x1024.webp 1024w, https:\/\/www.samsung-ese.al\/wp-content\/uploads\/2025\/07\/Varietee-150x150.webp 150w, https:\/\/www.samsung-ese.al\/wp-content\/uploads\/2025\/07\/Varietee-768x768.webp 768w, https:\/\/www.samsung-ese.al\/wp-content\/uploads\/2025\/07\/Varietee-1536x1536.webp 1536w, https:\/\/www.samsung-ese.al\/wp-content\/uploads\/2025\/07\/Varietee-370x370.webp 370w, https:\/\/www.samsung-ese.al\/wp-content\/uploads\/2025\/07\/Varietee-120x120.webp 120w, https:\/\/www.samsung-ese.al\/wp-content\/uploads\/2025\/07\/Varietee-840x840.webp 840w, https:\/\/www.samsung-ese.al\/wp-content\/uploads\/2025\/07\/Varietee-410x410.webp 410w, https:\/\/www.samsung-ese.al\/wp-content\/uploads\/2025\/07\/Varietee-200x200.webp 200w, https:\/\/www.samsung-ese.al\/wp-content\/uploads\/2025\/07\/Varietee-600x600.webp 600w, https:\/\/www.samsung-ese.al\/wp-content\/uploads\/2025\/07\/Varietee.webp 2000w\" sizes=\"(max-width: 61px) 100vw, 61px\" \/><\/h6>\n<p style=\"text-align: center;\"><strong>I Certifikuar nga EUROVENT dhe n\u00eb P\u00ebrputhje me ErP (Ecodesign)<\/strong><\/p>\n<\/blockquote>\n<p>&nbsp;<\/p>\n<\/div>\n<div>\n<blockquote>\n<h6 style=\"text-align: center;\"><img decoding=\"async\" class=\"alignnone wp-image-28603\" src=\"https:\/\/www.samsung-ese.al\/wp-content\/uploads\/2025\/07\/Varietee-300x300.webp\" alt=\"\" width=\"61\" height=\"61\" srcset=\"https:\/\/www.samsung-ese.al\/wp-content\/uploads\/2025\/07\/Varietee-300x300.webp 300w, https:\/\/www.samsung-ese.al\/wp-content\/uploads\/2025\/07\/Varietee-1024x1024.webp 1024w, https:\/\/www.samsung-ese.al\/wp-content\/uploads\/2025\/07\/Varietee-150x150.webp 150w, https:\/\/www.samsung-ese.al\/wp-content\/uploads\/2025\/07\/Varietee-768x768.webp 768w, https:\/\/www.samsung-ese.al\/wp-content\/uploads\/2025\/07\/Varietee-1536x1536.webp 1536w, https:\/\/www.samsung-ese.al\/wp-content\/uploads\/2025\/07\/Varietee-370x370.webp 370w, https:\/\/www.samsung-ese.al\/wp-content\/uploads\/2025\/07\/Varietee-120x120.webp 120w, https:\/\/www.samsung-ese.al\/wp-content\/uploads\/2025\/07\/Varietee-840x840.webp 840w, https:\/\/www.samsung-ese.al\/wp-content\/uploads\/2025\/07\/Varietee-410x410.webp 410w, https:\/\/www.samsung-ese.al\/wp-content\/uploads\/2025\/07\/Varietee-200x200.webp 200w, https:\/\/www.samsung-ese.al\/wp-content\/uploads\/2025\/07\/Varietee-600x600.webp 600w, https:\/\/www.samsung-ese.al\/wp-content\/uploads\/2025\/07\/Varietee.webp 2000w\" sizes=\"(max-width: 61px) 100vw, 61px\" \/><\/h6>\n<p style=\"text-align: center;\"><strong> Teknologji e avancuar FLASH INJECTION\u2122<\/strong><\/p>\n<\/blockquote>\n<p>&nbsp;<\/p>\n<blockquote>\n<h6 style=\"text-align: center;\"><img decoding=\"async\" class=\"alignnone wp-image-28603\" src=\"https:\/\/www.samsung-ese.al\/wp-content\/uploads\/2025\/07\/Varietee-300x300.webp\" alt=\"\" width=\"61\" height=\"61\" srcset=\"https:\/\/www.samsung-ese.al\/wp-content\/uploads\/2025\/07\/Varietee-300x300.webp 300w, https:\/\/www.samsung-ese.al\/wp-content\/uploads\/2025\/07\/Varietee-1024x1024.webp 1024w, https:\/\/www.samsung-ese.al\/wp-content\/uploads\/2025\/07\/Varietee-150x150.webp 150w, https:\/\/www.samsung-ese.al\/wp-content\/uploads\/2025\/07\/Varietee-768x768.webp 768w, https:\/\/www.samsung-ese.al\/wp-content\/uploads\/2025\/07\/Varietee-1536x1536.webp 1536w, https:\/\/www.samsung-ese.al\/wp-content\/uploads\/2025\/07\/Varietee-370x370.webp 370w, https:\/\/www.samsung-ese.al\/wp-content\/uploads\/2025\/07\/Varietee-120x120.webp 120w, https:\/\/www.samsung-ese.al\/wp-content\/uploads\/2025\/07\/Varietee-840x840.webp 840w, https:\/\/www.samsung-ese.al\/wp-content\/uploads\/2025\/07\/Varietee-410x410.webp 410w, https:\/\/www.samsung-ese.al\/wp-content\/uploads\/2025\/07\/Varietee-200x200.webp 200w, https:\/\/www.samsung-ese.al\/wp-content\/uploads\/2025\/07\/Varietee-600x600.webp 600w, https:\/\/www.samsung-ese.al\/wp-content\/uploads\/2025\/07\/Varietee.webp 2000w\" sizes=\"(max-width: 61px) 100vw, 61px\" \/><\/h6>\n<p style=\"text-align: center;\"><strong>Kontrolli i presionit n\u00ebp\u00ebrmjet Inteligjenc\u00ebs Artificiale (AI)<\/strong><\/p>\n<\/blockquote>\n<p>&nbsp;<\/p>\n<blockquote>\n<h6 style=\"text-align: center;\"><img decoding=\"async\" class=\"alignnone wp-image-28603\" src=\"https:\/\/www.samsung-ese.al\/wp-content\/uploads\/2025\/07\/Varietee-300x300.webp\" alt=\"\" width=\"61\" height=\"61\" srcset=\"https:\/\/www.samsung-ese.al\/wp-content\/uploads\/2025\/07\/Varietee-300x300.webp 300w, https:\/\/www.samsung-ese.al\/wp-content\/uploads\/2025\/07\/Varietee-1024x1024.webp 1024w, https:\/\/www.samsung-ese.al\/wp-content\/uploads\/2025\/07\/Varietee-150x150.webp 150w, https:\/\/www.samsung-ese.al\/wp-content\/uploads\/2025\/07\/Varietee-768x768.webp 768w, https:\/\/www.samsung-ese.al\/wp-content\/uploads\/2025\/07\/Varietee-1536x1536.webp 1536w, https:\/\/www.samsung-ese.al\/wp-content\/uploads\/2025\/07\/Varietee-370x370.webp 370w, https:\/\/www.samsung-ese.al\/wp-content\/uploads\/2025\/07\/Varietee-120x120.webp 120w, https:\/\/www.samsung-ese.al\/wp-content\/uploads\/2025\/07\/Varietee-840x840.webp 840w, https:\/\/www.samsung-ese.al\/wp-content\/uploads\/2025\/07\/Varietee-410x410.webp 410w, https:\/\/www.samsung-ese.al\/wp-content\/uploads\/2025\/07\/Varietee-200x200.webp 200w, https:\/\/www.samsung-ese.al\/wp-content\/uploads\/2025\/07\/Varietee-600x600.webp 600w, https:\/\/www.samsung-ese.al\/wp-content\/uploads\/2025\/07\/Varietee.webp 2000w\" sizes=\"(max-width: 61px) 100vw, 61px\" \/><\/h6>\n<p style=\"text-align: center;\"><strong>Shkrirje aktive n\u00ebp\u00ebrmjet Inteligjenc\u00ebs Artificiale (AI)<\/strong><\/p>\n<\/blockquote>\n<p>&nbsp;<\/p>\n<\/div>\n<div>\n<blockquote>\n<h6 style=\"text-align: center;\"><img decoding=\"async\" class=\"alignnone wp-image-28603\" src=\"https:\/\/www.samsung-ese.al\/wp-content\/uploads\/2025\/07\/Varietee-300x300.webp\" alt=\"\" width=\"61\" height=\"61\" srcset=\"https:\/\/www.samsung-ese.al\/wp-content\/uploads\/2025\/07\/Varietee-300x300.webp 300w, https:\/\/www.samsung-ese.al\/wp-content\/uploads\/2025\/07\/Varietee-1024x1024.webp 1024w, https:\/\/www.samsung-ese.al\/wp-content\/uploads\/2025\/07\/Varietee-150x150.webp 150w, https:\/\/www.samsung-ese.al\/wp-content\/uploads\/2025\/07\/Varietee-768x768.webp 768w, https:\/\/www.samsung-ese.al\/wp-content\/uploads\/2025\/07\/Varietee-1536x1536.webp 1536w, https:\/\/www.samsung-ese.al\/wp-content\/uploads\/2025\/07\/Varietee-370x370.webp 370w, https:\/\/www.samsung-ese.al\/wp-content\/uploads\/2025\/07\/Varietee-120x120.webp 120w, https:\/\/www.samsung-ese.al\/wp-content\/uploads\/2025\/07\/Varietee-840x840.webp 840w, https:\/\/www.samsung-ese.al\/wp-content\/uploads\/2025\/07\/Varietee-410x410.webp 410w, https:\/\/www.samsung-ese.al\/wp-content\/uploads\/2025\/07\/Varietee-200x200.webp 200w, https:\/\/www.samsung-ese.al\/wp-content\/uploads\/2025\/07\/Varietee-600x600.webp 600w, https:\/\/www.samsung-ese.al\/wp-content\/uploads\/2025\/07\/Varietee.webp 2000w\" sizes=\"(max-width: 61px) 100vw, 61px\" \/><\/h6>\n<p style=\"text-align: center;\"><strong>Analiz\u00eb Aktive AI e Ftoh\u00ebsit<\/strong><\/p>\n<\/blockquote>\n<p>&nbsp;<\/p>\n<div>\n<blockquote>\n<h6 style=\"text-align: center;\"><img decoding=\"async\" class=\"alignnone wp-image-28603\" src=\"https:\/\/www.samsung-ese.al\/wp-content\/uploads\/2025\/07\/Varietee-300x300.webp\" alt=\"\" width=\"61\" height=\"61\" srcset=\"https:\/\/www.samsung-ese.al\/wp-content\/uploads\/2025\/07\/Varietee-300x300.webp 300w, https:\/\/www.samsung-ese.al\/wp-content\/uploads\/2025\/07\/Varietee-1024x1024.webp 1024w, https:\/\/www.samsung-ese.al\/wp-content\/uploads\/2025\/07\/Varietee-150x150.webp 150w, https:\/\/www.samsung-ese.al\/wp-content\/uploads\/2025\/07\/Varietee-768x768.webp 768w, https:\/\/www.samsung-ese.al\/wp-content\/uploads\/2025\/07\/Varietee-1536x1536.webp 1536w, https:\/\/www.samsung-ese.al\/wp-content\/uploads\/2025\/07\/Varietee-370x370.webp 370w, https:\/\/www.samsung-ese.al\/wp-content\/uploads\/2025\/07\/Varietee-120x120.webp 120w, https:\/\/www.samsung-ese.al\/wp-content\/uploads\/2025\/07\/Varietee-840x840.webp 840w, https:\/\/www.samsung-ese.al\/wp-content\/uploads\/2025\/07\/Varietee-410x410.webp 410w, https:\/\/www.samsung-ese.al\/wp-content\/uploads\/2025\/07\/Varietee-200x200.webp 200w, https:\/\/www.samsung-ese.al\/wp-content\/uploads\/2025\/07\/Varietee-600x600.webp 600w, https:\/\/www.samsung-ese.al\/wp-content\/uploads\/2025\/07\/Varietee.webp 2000w\" sizes=\"(max-width: 61px) 100vw, 61px\" \/><\/h6>\n<p style=\"text-align: center;\"><strong>Pjes\u00eb ultra e avancuar e shk\u00ebmbyesit t\u00eb nxeht\u00ebsis\u00eb DURAFIN\u2122<\/strong><\/p>\n<\/blockquote>\n<p>&nbsp;<\/p>\n<div>\n<blockquote>\n<h6 style=\"text-align: center;\"><img decoding=\"async\" class=\"alignnone wp-image-28603\" src=\"https:\/\/www.samsung-ese.al\/wp-content\/uploads\/2025\/07\/Varietee-300x300.webp\" alt=\"\" width=\"61\" height=\"61\" srcset=\"https:\/\/www.samsung-ese.al\/wp-content\/uploads\/2025\/07\/Varietee-300x300.webp 300w, https:\/\/www.samsung-ese.al\/wp-content\/uploads\/2025\/07\/Varietee-1024x1024.webp 1024w, https:\/\/www.samsung-ese.al\/wp-content\/uploads\/2025\/07\/Varietee-150x150.webp 150w, https:\/\/www.samsung-ese.al\/wp-content\/uploads\/2025\/07\/Varietee-768x768.webp 768w, https:\/\/www.samsung-ese.al\/wp-content\/uploads\/2025\/07\/Varietee-1536x1536.webp 1536w, https:\/\/www.samsung-ese.al\/wp-content\/uploads\/2025\/07\/Varietee-370x370.webp 370w, https:\/\/www.samsung-ese.al\/wp-content\/uploads\/2025\/07\/Varietee-120x120.webp 120w, https:\/\/www.samsung-ese.al\/wp-content\/uploads\/2025\/07\/Varietee-840x840.webp 840w, https:\/\/www.samsung-ese.al\/wp-content\/uploads\/2025\/07\/Varietee-410x410.webp 410w, https:\/\/www.samsung-ese.al\/wp-content\/uploads\/2025\/07\/Varietee-200x200.webp 200w, https:\/\/www.samsung-ese.al\/wp-content\/uploads\/2025\/07\/Varietee-600x600.webp 600w, https:\/\/www.samsung-ese.al\/wp-content\/uploads\/2025\/07\/Varietee.webp 2000w\" sizes=\"(max-width: 61px) 100vw, 61px\" \/><\/h6>\n<p style=\"text-align: center;\"><strong>Tub i l\u00ebngsh\u00ebm opsional m\u00eb i holl\u00eb<\/strong><\/p>\n<\/blockquote>\n<p>&nbsp;<\/p>\n<div>\n<blockquote>\n<h6 style=\"text-align: center;\"><img decoding=\"async\" class=\"alignnone wp-image-28603\" src=\"https:\/\/www.samsung-ese.al\/wp-content\/uploads\/2025\/07\/Varietee-300x300.webp\" alt=\"\" width=\"61\" height=\"61\" srcset=\"https:\/\/www.samsung-ese.al\/wp-content\/uploads\/2025\/07\/Varietee-300x300.webp 300w, https:\/\/www.samsung-ese.al\/wp-content\/uploads\/2025\/07\/Varietee-1024x1024.webp 1024w, https:\/\/www.samsung-ese.al\/wp-content\/uploads\/2025\/07\/Varietee-150x150.webp 150w, https:\/\/www.samsung-ese.al\/wp-content\/uploads\/2025\/07\/Varietee-768x768.webp 768w, https:\/\/www.samsung-ese.al\/wp-content\/uploads\/2025\/07\/Varietee-1536x1536.webp 1536w, https:\/\/www.samsung-ese.al\/wp-content\/uploads\/2025\/07\/Varietee-370x370.webp 370w, https:\/\/www.samsung-ese.al\/wp-content\/uploads\/2025\/07\/Varietee-120x120.webp 120w, https:\/\/www.samsung-ese.al\/wp-content\/uploads\/2025\/07\/Varietee-840x840.webp 840w, https:\/\/www.samsung-ese.al\/wp-content\/uploads\/2025\/07\/Varietee-410x410.webp 410w, https:\/\/www.samsung-ese.al\/wp-content\/uploads\/2025\/07\/Varietee-200x200.webp 200w, https:\/\/www.samsung-ese.al\/wp-content\/uploads\/2025\/07\/Varietee-600x600.webp 600w, https:\/\/www.samsung-ese.al\/wp-content\/uploads\/2025\/07\/Varietee.webp 2000w\" sizes=\"(max-width: 61px) 100vw, 61px\" \/><\/h6>\n<p style=\"text-align: center;\"><strong>Inverter Checker\u2122 i integruar n\u00eb pajisje<\/strong><\/p>\n<\/blockquote>\n<p>&nbsp;<\/p>\n<\/div>\n<\/div>\n<\/div>\n<\/div>","protected":false},"excerpt":{"rendered":"<h5>Komoditet efikas, i thjeshtuar!<\/h5>\n<p data-start=\"43\" data-end=\"442\" data-is-last-node=\"\" data-is-only-node=\"\">DVM S2 Essential \u00ebsht\u00eb pika hyr\u00ebse perfekte n\u00eb teknologjin\u00eb VRF t\u00eb gjenerat\u00ebs s\u00eb re t\u00eb Samsung. I dizajnuar p\u00ebr hap\u00ebsira komerciale t\u00eb vogla deri mesatare, ai ofron performanc\u00eb t\u00eb besueshme ngrohjeje dhe ftohjeje me nj\u00eb paket\u00eb me kosto efektive. Me ve\u00e7orit\u00eb baz\u00eb t\u00eb fuqizuara nga AI dhe efikasitetin e p\u00ebrmir\u00ebsuar energjetik, modeli Essential arrin ekuilibrin e p\u00ebrsosur mes aksesueshm\u00ebris\u00eb dhe inovacionit, ideal p\u00ebr projekte me k\u00ebrkesa standarde t\u00eb kontrollit t\u00eb klim\u00ebs, pa b\u00ebr\u00eb kompromis me cil\u00ebsin\u00eb.<\/p>","protected":false},"featured_media":29357,"template":"","meta":{"_eb_attr":""},"product_brand":[],"product_cat":[351,392],"product_tag":[400,398],"class_list":{"0":"post-29354","1":"product","2":"type-product","3":"status-publish","4":"has-post-thumbnail","6":"product_cat-dvm","7":"product_cat-heat-pump","8":"product_tag-r410-refrigerant-for-commercial","9":"product_tag-vrf-solution","11":"first","12":"instock","13":"shipping-taxable","14":"product-type-simple"},"_links":{"self":[{"href":"http:\/\/www.samsung-ese.al\/sq\/wp-json\/wp\/v2\/product\/29354","targetHints":{"allow":["GET"]}}],"collection":[{"href":"http:\/\/www.samsung-ese.al\/sq\/wp-json\/wp\/v2\/product"}],"about":[{"href":"http:\/\/www.samsung-ese.al\/sq\/wp-json\/wp\/v2\/types\/product"}],"wp:featuredmedia":[{"embeddable":true,"href":"http:\/\/www.samsung-ese.al\/sq\/wp-json\/wp\/v2\/media\/29357"}],"wp:attachment":[{"href":"http:\/\/www.samsung-ese.al\/sq\/wp-json\/wp\/v2\/media?parent=29354"}],"wp:term":[{"taxonomy":"product_brand","embeddable":true,"href":"http:\/\/www.samsung-ese.al\/sq\/wp-json\/wp\/v2\/product_brand?post=29354"},{"taxonomy":"product_cat","embeddable":true,"href":"http:\/\/www.samsung-ese.al\/sq\/wp-json\/wp\/v2\/product_cat?post=29354"},{"taxonomy":"product_tag","embeddable":true,"href":"http:\/\/www.samsung-ese.al\/sq\/wp-json\/wp\/v2\/product_tag?post=29354"}],"curies":[{"name":"wp","href":"https:\/\/api.w.org\/{rel}","templated":true}]}}