{"id":29312,"date":"2025-08-25T16:30:45","date_gmt":"2025-08-25T16:30:45","guid":{"rendered":"https:\/\/www.samsung-ese.al\/?post_type=product&#038;p=29312"},"modified":"2025-09-01T17:26:18","modified_gmt":"2025-09-01T17:26:18","slug":"dvm-s-eco-heat-recovery","status":"publish","type":"product","link":"http:\/\/www.samsung-ese.al\/sq\/produkt\/dvm-s-eco-heat-recovery\/","title":{"rendered":"Rikuperimi i nxeht\u00ebsis\u00eb DVM S Eco (HR)"},"content":{"rendered":"<h3>Kapacitete t\u00eb disponueshme (HP)<\/h3>\n<p>4, 5, 6<\/p>\n<h3>Detaje Teknike<\/h3>\n<p>P\u00ebrjetoni rehati dhe efikasitet maksimal me Rikuperimi i nxheht\u00ebsis\u00eb DVM S Eco (HR).<\/p>\n<p><a href=\"https:\/\/www.samsung-ese.al\/wp-content\/uploads\/2025\/08\/TDB-2022-VRF-DVM-S-Eco-For-Europe-R410A-50Hz-HR-Ver.1.1_221128.pdf\">Shiko Dokumentin Teknik<\/a><\/p>\n<h3>Broshura dhe Literatura<\/h3>\n<p><a href=\"https:\/\/www.samsung-ese.al\/wp-content\/uploads\/2025\/08\/DVM-S-R410A-Heat-Recovery-.zip\">Vizatime DWG<\/a> \u00a0 \u00a0<a href=\"mailto:ese@samsung-ese.al\">P\u00ebr Q\u00ebllime Biznesi<\/a><\/p>\n<div>\n<h3>Ve\u00e7orit\u00eb AC<\/h3>\n<p>Sepse rehatia nuk duhet t\u00eb jet\u00eb e nd\u00ebrlikuar, ja \u00e7far\u00eb ofrohet n\u00eb t\u00eb.<\/p>\n<p>&nbsp;<\/p>\n<blockquote>\n<h6 style=\"text-align: center;\"><img decoding=\"async\" class=\"alignnone wp-image-28603\" src=\"https:\/\/www.samsung-ese.al\/wp-content\/uploads\/2025\/07\/Varietee-300x300.webp\" alt=\"\" width=\"61\" height=\"61\" srcset=\"https:\/\/www.samsung-ese.al\/wp-content\/uploads\/2025\/07\/Varietee-300x300.webp 300w, https:\/\/www.samsung-ese.al\/wp-content\/uploads\/2025\/07\/Varietee-1024x1024.webp 1024w, https:\/\/www.samsung-ese.al\/wp-content\/uploads\/2025\/07\/Varietee-150x150.webp 150w, https:\/\/www.samsung-ese.al\/wp-content\/uploads\/2025\/07\/Varietee-768x768.webp 768w, https:\/\/www.samsung-ese.al\/wp-content\/uploads\/2025\/07\/Varietee-1536x1536.webp 1536w, https:\/\/www.samsung-ese.al\/wp-content\/uploads\/2025\/07\/Varietee-370x370.webp 370w, https:\/\/www.samsung-ese.al\/wp-content\/uploads\/2025\/07\/Varietee-120x120.webp 120w, https:\/\/www.samsung-ese.al\/wp-content\/uploads\/2025\/07\/Varietee-840x840.webp 840w, https:\/\/www.samsung-ese.al\/wp-content\/uploads\/2025\/07\/Varietee-410x410.webp 410w, https:\/\/www.samsung-ese.al\/wp-content\/uploads\/2025\/07\/Varietee-200x200.webp 200w, https:\/\/www.samsung-ese.al\/wp-content\/uploads\/2025\/07\/Varietee-600x600.webp 600w, https:\/\/www.samsung-ese.al\/wp-content\/uploads\/2025\/07\/Varietee.webp 2000w\" sizes=\"(max-width: 61px) 100vw, 61px\" \/><\/h6>\n<p style=\"text-align: center;\"><strong>Dalje horizontale dhe thithje n\u00eb pjes\u00ebn e pasme p\u00ebrmes dy ventilator\u00ebve helik\u00eb BLDC Inverter<\/strong><\/p>\n<\/blockquote>\n<p>&nbsp;<\/p>\n<\/div>\n<div>\n<blockquote>\n<h6 style=\"text-align: center;\"><img decoding=\"async\" class=\"alignnone wp-image-28603\" src=\"https:\/\/www.samsung-ese.al\/wp-content\/uploads\/2025\/07\/Varietee-300x300.webp\" alt=\"\" width=\"61\" height=\"61\" srcset=\"https:\/\/www.samsung-ese.al\/wp-content\/uploads\/2025\/07\/Varietee-300x300.webp 300w, https:\/\/www.samsung-ese.al\/wp-content\/uploads\/2025\/07\/Varietee-1024x1024.webp 1024w, https:\/\/www.samsung-ese.al\/wp-content\/uploads\/2025\/07\/Varietee-150x150.webp 150w, https:\/\/www.samsung-ese.al\/wp-content\/uploads\/2025\/07\/Varietee-768x768.webp 768w, https:\/\/www.samsung-ese.al\/wp-content\/uploads\/2025\/07\/Varietee-1536x1536.webp 1536w, https:\/\/www.samsung-ese.al\/wp-content\/uploads\/2025\/07\/Varietee-370x370.webp 370w, https:\/\/www.samsung-ese.al\/wp-content\/uploads\/2025\/07\/Varietee-120x120.webp 120w, https:\/\/www.samsung-ese.al\/wp-content\/uploads\/2025\/07\/Varietee-840x840.webp 840w, https:\/\/www.samsung-ese.al\/wp-content\/uploads\/2025\/07\/Varietee-410x410.webp 410w, https:\/\/www.samsung-ese.al\/wp-content\/uploads\/2025\/07\/Varietee-200x200.webp 200w, https:\/\/www.samsung-ese.al\/wp-content\/uploads\/2025\/07\/Varietee-600x600.webp 600w, https:\/\/www.samsung-ese.al\/wp-content\/uploads\/2025\/07\/Varietee.webp 2000w\" sizes=\"(max-width: 61px) 100vw, 61px\" \/><\/h6>\n<p style=\"text-align: center;\"><strong>\u00c7do modul p\u00ebrmban nj\u00eb kompresorin TWIN BLDC ROTATORY<\/strong><\/p>\n<\/blockquote>\n<p>&nbsp;<\/p>\n<blockquote>\n<h6 style=\"text-align: center;\"><img decoding=\"async\" class=\"alignnone wp-image-28603\" src=\"https:\/\/www.samsung-ese.al\/wp-content\/uploads\/2025\/07\/Varietee-300x300.webp\" alt=\"\" width=\"61\" height=\"61\" srcset=\"https:\/\/www.samsung-ese.al\/wp-content\/uploads\/2025\/07\/Varietee-300x300.webp 300w, https:\/\/www.samsung-ese.al\/wp-content\/uploads\/2025\/07\/Varietee-1024x1024.webp 1024w, https:\/\/www.samsung-ese.al\/wp-content\/uploads\/2025\/07\/Varietee-150x150.webp 150w, https:\/\/www.samsung-ese.al\/wp-content\/uploads\/2025\/07\/Varietee-768x768.webp 768w, https:\/\/www.samsung-ese.al\/wp-content\/uploads\/2025\/07\/Varietee-1536x1536.webp 1536w, https:\/\/www.samsung-ese.al\/wp-content\/uploads\/2025\/07\/Varietee-370x370.webp 370w, https:\/\/www.samsung-ese.al\/wp-content\/uploads\/2025\/07\/Varietee-120x120.webp 120w, https:\/\/www.samsung-ese.al\/wp-content\/uploads\/2025\/07\/Varietee-840x840.webp 840w, https:\/\/www.samsung-ese.al\/wp-content\/uploads\/2025\/07\/Varietee-410x410.webp 410w, https:\/\/www.samsung-ese.al\/wp-content\/uploads\/2025\/07\/Varietee-200x200.webp 200w, https:\/\/www.samsung-ese.al\/wp-content\/uploads\/2025\/07\/Varietee-600x600.webp 600w, https:\/\/www.samsung-ese.al\/wp-content\/uploads\/2025\/07\/Varietee.webp 2000w\" sizes=\"(max-width: 61px) 100vw, 61px\" \/><\/h6>\n<p style=\"text-align: center;\"><strong>I Certifikuar nga EUROVENT dhe n\u00eb P\u00ebrputhje me ErP (Ecodesign)<\/strong><\/p>\n<\/blockquote>\n<p>&nbsp;<\/p>\n<blockquote>\n<h6 style=\"text-align: center;\"><img decoding=\"async\" class=\"alignnone wp-image-28603\" src=\"https:\/\/www.samsung-ese.al\/wp-content\/uploads\/2025\/07\/Varietee-300x300.webp\" alt=\"\" width=\"61\" height=\"61\" srcset=\"https:\/\/www.samsung-ese.al\/wp-content\/uploads\/2025\/07\/Varietee-300x300.webp 300w, https:\/\/www.samsung-ese.al\/wp-content\/uploads\/2025\/07\/Varietee-1024x1024.webp 1024w, https:\/\/www.samsung-ese.al\/wp-content\/uploads\/2025\/07\/Varietee-150x150.webp 150w, https:\/\/www.samsung-ese.al\/wp-content\/uploads\/2025\/07\/Varietee-768x768.webp 768w, https:\/\/www.samsung-ese.al\/wp-content\/uploads\/2025\/07\/Varietee-1536x1536.webp 1536w, https:\/\/www.samsung-ese.al\/wp-content\/uploads\/2025\/07\/Varietee-370x370.webp 370w, https:\/\/www.samsung-ese.al\/wp-content\/uploads\/2025\/07\/Varietee-120x120.webp 120w, https:\/\/www.samsung-ese.al\/wp-content\/uploads\/2025\/07\/Varietee-840x840.webp 840w, https:\/\/www.samsung-ese.al\/wp-content\/uploads\/2025\/07\/Varietee-410x410.webp 410w, https:\/\/www.samsung-ese.al\/wp-content\/uploads\/2025\/07\/Varietee-200x200.webp 200w, https:\/\/www.samsung-ese.al\/wp-content\/uploads\/2025\/07\/Varietee-600x600.webp 600w, https:\/\/www.samsung-ese.al\/wp-content\/uploads\/2025\/07\/Varietee.webp 2000w\" sizes=\"(max-width: 61px) 100vw, 61px\" \/><\/h6>\n<p style=\"text-align: center;\"><strong> Modaliteti i heshtur gjat\u00eb nat\u00ebs (Disponuesh\u00ebm)<\/strong><\/p>\n<\/blockquote>\n<p>&nbsp;<\/p>\n<\/div>\n<div>\n<blockquote>\n<h6 style=\"text-align: center;\"><img decoding=\"async\" class=\"alignnone wp-image-28603\" src=\"https:\/\/www.samsung-ese.al\/wp-content\/uploads\/2025\/07\/Varietee-300x300.webp\" alt=\"\" width=\"61\" height=\"61\" srcset=\"https:\/\/www.samsung-ese.al\/wp-content\/uploads\/2025\/07\/Varietee-300x300.webp 300w, https:\/\/www.samsung-ese.al\/wp-content\/uploads\/2025\/07\/Varietee-1024x1024.webp 1024w, https:\/\/www.samsung-ese.al\/wp-content\/uploads\/2025\/07\/Varietee-150x150.webp 150w, https:\/\/www.samsung-ese.al\/wp-content\/uploads\/2025\/07\/Varietee-768x768.webp 768w, https:\/\/www.samsung-ese.al\/wp-content\/uploads\/2025\/07\/Varietee-1536x1536.webp 1536w, https:\/\/www.samsung-ese.al\/wp-content\/uploads\/2025\/07\/Varietee-370x370.webp 370w, https:\/\/www.samsung-ese.al\/wp-content\/uploads\/2025\/07\/Varietee-120x120.webp 120w, https:\/\/www.samsung-ese.al\/wp-content\/uploads\/2025\/07\/Varietee-840x840.webp 840w, https:\/\/www.samsung-ese.al\/wp-content\/uploads\/2025\/07\/Varietee-410x410.webp 410w, https:\/\/www.samsung-ese.al\/wp-content\/uploads\/2025\/07\/Varietee-200x200.webp 200w, https:\/\/www.samsung-ese.al\/wp-content\/uploads\/2025\/07\/Varietee-600x600.webp 600w, https:\/\/www.samsung-ese.al\/wp-content\/uploads\/2025\/07\/Varietee.webp 2000w\" sizes=\"(max-width: 61px) 100vw, 61px\" \/><\/h6>\n<p style=\"text-align: center;\"><strong>Lidhja e tubacionit n\u00eb kat\u00ebr drejtime<\/strong><\/p>\n<\/blockquote>\n<p>&nbsp;<\/p>\n<\/div>","protected":false},"excerpt":{"rendered":"<h5>Zgjidhje kompakte p\u00ebr rikuperimin e nxeht\u00ebsis\u00eb!<\/h5>\n<p data-start=\"43\" data-end=\"442\" data-is-last-node=\"\" data-is-only-node=\"\">Funksioni i Rikuperimit t\u00eb Nxeht\u00ebsis\u00eb (HR) p\u00ebr Samsung DVM S dhe DVM S2 \u00ebsht\u00eb dizajnuar p\u00ebr t\u00eb kontrolluar temperaturat n\u00eb disa hap\u00ebsira nj\u00ebkoh\u00ebsisht. I optimizuar p\u00ebr hotele, zyra dhe nd\u00ebrtesa rezidenciale, ai mund t\u00eb ofroj\u00eb ftohje dhe ngrohje p\u00ebr deri n\u00eb 12 nj\u00ebsit\u00eb e brendshme nj\u00ebkoh\u00ebsisht.<br \/>\nNj\u00eb HR Changer p\u00ebrdoret p\u00ebr t\u00eb konvertuar nj\u00eb pomp\u00eb nxeht\u00ebsie DVM S (4, 5 dhe 6 HP) n\u00eb nj\u00eb model me Rikuperim Nxeht\u00ebsie (HR), i cili mund t\u00eb lidhet me nj\u00eb Nj\u00ebsi Kontrolli Multiport (MCU).<\/p>","protected":false},"featured_media":29315,"template":"","meta":{"_eb_attr":""},"product_brand":[],"product_cat":[351,391],"product_tag":[400,401,402],"class_list":{"0":"post-29312","1":"product","2":"type-product","3":"status-publish","4":"has-post-thumbnail","6":"product_cat-dvm","7":"product_cat-heat-recovery","8":"product_tag-r410-refrigerant-for-commercial","9":"product_tag-single-phase-for-commercial","10":"product_tag-tri-phase-for-commercial","12":"first","13":"instock","14":"shipping-taxable","15":"product-type-simple"},"_links":{"self":[{"href":"http:\/\/www.samsung-ese.al\/sq\/wp-json\/wp\/v2\/product\/29312","targetHints":{"allow":["GET"]}}],"collection":[{"href":"http:\/\/www.samsung-ese.al\/sq\/wp-json\/wp\/v2\/product"}],"about":[{"href":"http:\/\/www.samsung-ese.al\/sq\/wp-json\/wp\/v2\/types\/product"}],"wp:featuredmedia":[{"embeddable":true,"href":"http:\/\/www.samsung-ese.al\/sq\/wp-json\/wp\/v2\/media\/29315"}],"wp:attachment":[{"href":"http:\/\/www.samsung-ese.al\/sq\/wp-json\/wp\/v2\/media?parent=29312"}],"wp:term":[{"taxonomy":"product_brand","embeddable":true,"href":"http:\/\/www.samsung-ese.al\/sq\/wp-json\/wp\/v2\/product_brand?post=29312"},{"taxonomy":"product_cat","embeddable":true,"href":"http:\/\/www.samsung-ese.al\/sq\/wp-json\/wp\/v2\/product_cat?post=29312"},{"taxonomy":"product_tag","embeddable":true,"href":"http:\/\/www.samsung-ese.al\/sq\/wp-json\/wp\/v2\/product_tag?post=29312"}],"curies":[{"name":"wp","href":"https:\/\/api.w.org\/{rel}","templated":true}]}}