{"id":29111,"date":"2025-07-24T14:07:29","date_gmt":"2025-07-24T14:07:29","guid":{"rendered":"https:\/\/www.samsung-ese.al\/?post_type=product&#038;p=29111"},"modified":"2025-09-01T17:38:48","modified_gmt":"2025-09-01T17:38:48","slug":"ehs-mono-r290-with-pump","status":"publish","type":"product","link":"http:\/\/www.samsung-ese.al\/sq\/produkt\/ehs-mono-r290-with-pump\/","title":{"rendered":"EHS Mono R290 me pomp\u00eb t\u00eb integruar"},"content":{"rendered":"<h3>Kapacitete t\u00eb disponueshme (kW)<\/h3>\n<p>5, 8, 12, 16<\/p>\n<h3>Detaje Teknike<\/h3>\n<p>P\u00ebrjetoni rehati dhe efikasitet maksimal me EHS Mono R290 me pomp\u00eb t\u00eb integruar.<\/p>\n<p><a href=\"https:\/\/www.samsung-ese.al\/wp-content\/uploads\/2025\/07\/TDB-EHS-Mono-R290-Pump-for-Europe-R290-50Hz-HP-Ver.1.1_231019.pdf\" target=\"_blank\" rel=\"noopener\">Shiko Dokumentin Teknik<\/a><\/p>\n<h3>Broshura dhe Literatura<\/h3>\n<p><a href=\"https:\/\/www.samsung-ese.al\/wp-content\/uploads\/2025\/07\/SINGLE-PHASE-MODELS.zip\" target=\"_blank\" rel=\"noopener\">Modelet nj\u00eb-fazore<\/a>\u00a0 \u00a0 \u00a0<a href=\"https:\/\/www.samsung-ese.al\/wp-content\/uploads\/2025\/07\/THREE-PHASE-MODELS.zip\" target=\"_blank\" rel=\"noopener\">Modelet tri-fazore<\/a>\u00a0 \u00a0 \u00a0 \u00a0<a href=\"mailto:ese@samsung-ese.al\">P\u00ebr Q\u00ebllime Biznesi<\/a><\/p>\n<div>\n<h3>Ve\u00e7orit\u00eb AC<\/h3>\n<p>Sepse rehatia nuk duhet t\u00eb jet\u00eb e nd\u00ebrlikuar, ja \u00e7far\u00eb ofrohet n\u00eb t\u00eb.<\/p>\n<p>&nbsp;<\/p>\n<blockquote>\n<h6 style=\"text-align: center;\"><img decoding=\"async\" class=\"alignnone wp-image-27725\" src=\"https:\/\/www.samsung-ese.al\/wp-content\/uploads\/2025\/05\/Smart-Heat-Source-Management-Icon-300x300.webp\" alt=\"\" width=\"61\" height=\"61\" srcset=\"https:\/\/www.samsung-ese.al\/wp-content\/uploads\/2025\/05\/Smart-Heat-Source-Management-Icon-300x300.webp 300w, https:\/\/www.samsung-ese.al\/wp-content\/uploads\/2025\/05\/Smart-Heat-Source-Management-Icon-1024x1024.webp 1024w, https:\/\/www.samsung-ese.al\/wp-content\/uploads\/2025\/05\/Smart-Heat-Source-Management-Icon-150x150.webp 150w, https:\/\/www.samsung-ese.al\/wp-content\/uploads\/2025\/05\/Smart-Heat-Source-Management-Icon-768x769.webp 768w, https:\/\/www.samsung-ese.al\/wp-content\/uploads\/2025\/05\/Smart-Heat-Source-Management-Icon-370x370.webp 370w, https:\/\/www.samsung-ese.al\/wp-content\/uploads\/2025\/05\/Smart-Heat-Source-Management-Icon-120x120.webp 120w, https:\/\/www.samsung-ese.al\/wp-content\/uploads\/2025\/05\/Smart-Heat-Source-Management-Icon-840x841.webp 840w, https:\/\/www.samsung-ese.al\/wp-content\/uploads\/2025\/05\/Smart-Heat-Source-Management-Icon-410x410.webp 410w, https:\/\/www.samsung-ese.al\/wp-content\/uploads\/2025\/05\/Smart-Heat-Source-Management-Icon-200x200.webp 200w, https:\/\/www.samsung-ese.al\/wp-content\/uploads\/2025\/05\/Smart-Heat-Source-Management-Icon-600x600.webp 600w, https:\/\/www.samsung-ese.al\/wp-content\/uploads\/2025\/05\/Smart-Heat-Source-Management-Icon.webp 1450w\" sizes=\"(max-width: 61px) 100vw, 61px\" \/><\/h6>\n<p style=\"text-align: center;\"><strong>Prodhimi i ujit t\u00eb nxeht\u00eb n\u00eb nj\u00eb temperatur\u00eb maksimale 75 \u00b0C<\/strong><\/p>\n<\/blockquote>\n<p>&nbsp;<\/p>\n<\/div>\n<div>\n<blockquote>\n<h6 style=\"text-align: center;\"><img decoding=\"async\" class=\"alignnone wp-image-28603\" src=\"https:\/\/www.samsung-ese.al\/wp-content\/uploads\/2025\/07\/Varietee-300x300.webp\" alt=\"\" width=\"61\" height=\"61\" srcset=\"https:\/\/www.samsung-ese.al\/wp-content\/uploads\/2025\/07\/Varietee-300x300.webp 300w, https:\/\/www.samsung-ese.al\/wp-content\/uploads\/2025\/07\/Varietee-1024x1024.webp 1024w, https:\/\/www.samsung-ese.al\/wp-content\/uploads\/2025\/07\/Varietee-150x150.webp 150w, https:\/\/www.samsung-ese.al\/wp-content\/uploads\/2025\/07\/Varietee-768x768.webp 768w, https:\/\/www.samsung-ese.al\/wp-content\/uploads\/2025\/07\/Varietee-1536x1536.webp 1536w, https:\/\/www.samsung-ese.al\/wp-content\/uploads\/2025\/07\/Varietee-370x370.webp 370w, https:\/\/www.samsung-ese.al\/wp-content\/uploads\/2025\/07\/Varietee-120x120.webp 120w, https:\/\/www.samsung-ese.al\/wp-content\/uploads\/2025\/07\/Varietee-840x840.webp 840w, https:\/\/www.samsung-ese.al\/wp-content\/uploads\/2025\/07\/Varietee-410x410.webp 410w, https:\/\/www.samsung-ese.al\/wp-content\/uploads\/2025\/07\/Varietee-200x200.webp 200w, https:\/\/www.samsung-ese.al\/wp-content\/uploads\/2025\/07\/Varietee-600x600.webp 600w, https:\/\/www.samsung-ese.al\/wp-content\/uploads\/2025\/07\/Varietee.webp 2000w\" sizes=\"(max-width: 61px) 100vw, 61px\" \/><\/h6>\n<p style=\"text-align: center;\"><strong>Dizajn Premium<\/strong><\/p>\n<\/blockquote>\n<p>&nbsp;<\/p>\n<blockquote>\n<h6 style=\"text-align: center;\"><img decoding=\"async\" class=\"alignnone wp-image-28603\" src=\"https:\/\/www.samsung-ese.al\/wp-content\/uploads\/2025\/07\/Varietee-300x300.webp\" alt=\"\" width=\"61\" height=\"61\" srcset=\"https:\/\/www.samsung-ese.al\/wp-content\/uploads\/2025\/07\/Varietee-300x300.webp 300w, https:\/\/www.samsung-ese.al\/wp-content\/uploads\/2025\/07\/Varietee-1024x1024.webp 1024w, https:\/\/www.samsung-ese.al\/wp-content\/uploads\/2025\/07\/Varietee-150x150.webp 150w, https:\/\/www.samsung-ese.al\/wp-content\/uploads\/2025\/07\/Varietee-768x768.webp 768w, https:\/\/www.samsung-ese.al\/wp-content\/uploads\/2025\/07\/Varietee-1536x1536.webp 1536w, https:\/\/www.samsung-ese.al\/wp-content\/uploads\/2025\/07\/Varietee-370x370.webp 370w, https:\/\/www.samsung-ese.al\/wp-content\/uploads\/2025\/07\/Varietee-120x120.webp 120w, https:\/\/www.samsung-ese.al\/wp-content\/uploads\/2025\/07\/Varietee-840x840.webp 840w, https:\/\/www.samsung-ese.al\/wp-content\/uploads\/2025\/07\/Varietee-410x410.webp 410w, https:\/\/www.samsung-ese.al\/wp-content\/uploads\/2025\/07\/Varietee-200x200.webp 200w, https:\/\/www.samsung-ese.al\/wp-content\/uploads\/2025\/07\/Varietee-600x600.webp 600w, https:\/\/www.samsung-ese.al\/wp-content\/uploads\/2025\/07\/Varietee.webp 2000w\" sizes=\"(max-width: 61px) 100vw, 61px\" \/><\/h6>\n<p style=\"text-align: center;\"><strong>Ideal p\u00ebr Zbatimet e Rinovimit<\/strong><\/p>\n<\/blockquote>\n<p>&nbsp;<\/p>\n<\/div>\n<div>\n<blockquote>\n<h6 style=\"text-align: center;\"><img decoding=\"async\" class=\"alignnone wp-image-28548\" src=\"https:\/\/www.samsung-ese.al\/wp-content\/uploads\/2025\/07\/SILENT-MODE-300x292.png\" alt=\"\" width=\"61\" height=\"59\" srcset=\"https:\/\/www.samsung-ese.al\/wp-content\/uploads\/2025\/07\/SILENT-MODE-300x292.png 300w, https:\/\/www.samsung-ese.al\/wp-content\/uploads\/2025\/07\/SILENT-MODE-370x360.png 370w, https:\/\/www.samsung-ese.al\/wp-content\/uploads\/2025\/07\/SILENT-MODE-200x195.png 200w, https:\/\/www.samsung-ese.al\/wp-content\/uploads\/2025\/07\/SILENT-MODE.png 380w\" sizes=\"(max-width: 61px) 100vw, 61px\" \/><\/h6>\n<p style=\"text-align: center;\"><strong>Gjeneron nj\u00eb Nivel t\u00eb Ul\u00ebt Zhurme (35dB)<\/strong><\/p>\n<\/blockquote>\n<p>&nbsp;<\/p>\n<div>\n<blockquote>\n<h6 style=\"text-align: center;\"><img decoding=\"async\" class=\"alignnone wp-image-28603\" src=\"https:\/\/www.samsung-ese.al\/wp-content\/uploads\/2025\/07\/Varietee-300x300.webp\" alt=\"\" width=\"61\" height=\"61\" srcset=\"https:\/\/www.samsung-ese.al\/wp-content\/uploads\/2025\/07\/Varietee-300x300.webp 300w, https:\/\/www.samsung-ese.al\/wp-content\/uploads\/2025\/07\/Varietee-1024x1024.webp 1024w, https:\/\/www.samsung-ese.al\/wp-content\/uploads\/2025\/07\/Varietee-150x150.webp 150w, https:\/\/www.samsung-ese.al\/wp-content\/uploads\/2025\/07\/Varietee-768x768.webp 768w, https:\/\/www.samsung-ese.al\/wp-content\/uploads\/2025\/07\/Varietee-1536x1536.webp 1536w, https:\/\/www.samsung-ese.al\/wp-content\/uploads\/2025\/07\/Varietee-370x370.webp 370w, https:\/\/www.samsung-ese.al\/wp-content\/uploads\/2025\/07\/Varietee-120x120.webp 120w, https:\/\/www.samsung-ese.al\/wp-content\/uploads\/2025\/07\/Varietee-840x840.webp 840w, https:\/\/www.samsung-ese.al\/wp-content\/uploads\/2025\/07\/Varietee-410x410.webp 410w, https:\/\/www.samsung-ese.al\/wp-content\/uploads\/2025\/07\/Varietee-200x200.webp 200w, https:\/\/www.samsung-ese.al\/wp-content\/uploads\/2025\/07\/Varietee-600x600.webp 600w, https:\/\/www.samsung-ese.al\/wp-content\/uploads\/2025\/07\/Varietee.webp 2000w\" sizes=\"(max-width: 61px) 100vw, 61px\" \/><\/h6>\n<p style=\"text-align: center;\"><strong>100% Kapacitet Ngrohjeje n\u00eb -10\u00b0C<\/strong><\/p>\n<p style=\"text-align: center;\">Gjithashtu, mund t\u00eb furnizoj\u00eb uj\u00eb t\u00eb ngroht\u00eb sanitar deri n\u00eb 70\u00b0C edhe kur temperatura e jashtme \u00ebsht\u00eb deri n\u00eb -10\u00b0C, pa p\u00ebrdorur ngroh\u00ebsin ndihm\u00ebs.<\/p>\n<\/blockquote>\n<p>&nbsp;<\/p>\n<div>\n<blockquote>\n<h6 style=\"text-align: center;\"><img loading=\"lazy\" decoding=\"async\" class=\"alignnone wp-image-28536\" src=\"https:\/\/www.samsung-ese.al\/wp-content\/uploads\/2025\/07\/SmartThings_WWST_Blue_Mono_CMYK-1.png\" alt=\"\" width=\"64\" height=\"67\" srcset=\"https:\/\/www.samsung-ese.al\/wp-content\/uploads\/2025\/07\/SmartThings_WWST_Blue_Mono_CMYK-1.png 204w, https:\/\/www.samsung-ese.al\/wp-content\/uploads\/2025\/07\/SmartThings_WWST_Blue_Mono_CMYK-1-200x211.png 200w\" sizes=\"(max-width: 64px) 100vw, 64px\" \/><\/h6>\n<p style=\"text-align: center;\"><strong>Pajtohet me SmartThings<\/strong><\/p>\n<p style=\"text-align: center;\">SmartThings Energy ofron sistemet m\u00eb t\u00eb avancuara p\u00ebr menaxhimin e energjis\u00eb n\u00eb sht\u00ebpi dhe kursime reale t\u00eb energjis\u00eb p\u00ebrmes analizave t\u00eb detajuara, automatizimeve p\u00ebr kursim energjie dhe mb\u00ebshtetjes p\u00ebr p\u00ebrdoruesit n\u00eb drejtim t\u00eb nj\u00eb sht\u00ebpie me konsum neto zero.<\/p>\n<\/blockquote>\n<p>&nbsp;<\/p>\n<div>\n<blockquote>\n<h6 style=\"text-align: center;\"><img loading=\"lazy\" decoding=\"async\" class=\"alignnone wp-image-28537\" src=\"https:\/\/www.samsung-ese.al\/wp-content\/uploads\/2025\/07\/FREEZE-WASH-FUNCTION-300x285.png\" alt=\"\" width=\"63\" height=\"60\" srcset=\"https:\/\/www.samsung-ese.al\/wp-content\/uploads\/2025\/07\/FREEZE-WASH-FUNCTION-300x285.png 300w, https:\/\/www.samsung-ese.al\/wp-content\/uploads\/2025\/07\/FREEZE-WASH-FUNCTION-370x352.png 370w, https:\/\/www.samsung-ese.al\/wp-content\/uploads\/2025\/07\/FREEZE-WASH-FUNCTION-200x190.png 200w, https:\/\/www.samsung-ese.al\/wp-content\/uploads\/2025\/07\/FREEZE-WASH-FUNCTION.png 401w\" sizes=\"(max-width: 63px) 100vw, 63px\" \/><\/h6>\n<p style=\"text-align: center;\"><strong>\u00a0Operim n\u00eb Temperatur\u00eb t\u00eb Ul\u00ebt Ambienti<\/strong><\/p>\n<\/blockquote>\n<p>&nbsp;<\/p>\n<div>\n<blockquote>\n<h6 style=\"text-align: center;\"><img loading=\"lazy\" decoding=\"async\" class=\"alignnone wp-image-28695\" src=\"https:\/\/www.samsung-ese.al\/wp-content\/uploads\/2025\/07\/Smart-install-1-300x300.webp\" alt=\"\" width=\"61\" height=\"61\" srcset=\"https:\/\/www.samsung-ese.al\/wp-content\/uploads\/2025\/07\/Smart-install-1-300x300.webp 300w, https:\/\/www.samsung-ese.al\/wp-content\/uploads\/2025\/07\/Smart-install-1-150x150.webp 150w, https:\/\/www.samsung-ese.al\/wp-content\/uploads\/2025\/07\/Smart-install-1-370x370.webp 370w, https:\/\/www.samsung-ese.al\/wp-content\/uploads\/2025\/07\/Smart-install-1-120x120.webp 120w, https:\/\/www.samsung-ese.al\/wp-content\/uploads\/2025\/07\/Smart-install-1-410x410.webp 410w, https:\/\/www.samsung-ese.al\/wp-content\/uploads\/2025\/07\/Smart-install-1-200x200.webp 200w, https:\/\/www.samsung-ese.al\/wp-content\/uploads\/2025\/07\/Smart-install-1.webp 500w\" sizes=\"(max-width: 61px) 100vw, 61px\" \/><\/h6>\n<p style=\"text-align: center;\"><strong>Instalim dhe Mir\u00ebmbajtje e Leht\u00eb<\/strong><\/p>\n<p style=\"text-align: center;\">Instalimi dhe mir\u00ebmbajtja e EHS Mono R290 mund t\u00eb b\u00ebhen pa pasur nevoj\u00eb p\u00ebr certifikim F-gas. P\u00ebr m\u00eb tep\u00ebr, nj\u00ebsia e jashtme e EHS Mono R290 \u00ebsht\u00eb projektuar q\u00eb t\u00eb jet\u00eb e thjesht\u00eb p\u00ebr instalim dhe mir\u00ebmbajtje. Pjes\u00ebt e brendshme t\u00eb pomp\u00ebs s\u00eb nxeht\u00ebsis\u00eb jan\u00eb leht\u00ebsisht t\u00eb aksesueshme p\u00ebrmes panelit an\u00ebsor, i cili mund t\u00eb hiqet thjesht duke liruar 3 vida. Kjo kursen ndjesh\u00ebm koh\u00eb dhe p\u00ebrpjekje si gjat\u00eb instalimit ashtu edhe gjat\u00eb procesit t\u00eb sh\u00ebrbimit.<\/p>\n<\/blockquote>\n<p>&nbsp;<\/p>\n<div>\n<blockquote>\n<h6 style=\"text-align: center;\"><img decoding=\"async\" class=\"alignnone wp-image-28603\" src=\"https:\/\/www.samsung-ese.al\/wp-content\/uploads\/2025\/07\/Varietee-300x300.webp\" alt=\"\" width=\"61\" height=\"61\" srcset=\"https:\/\/www.samsung-ese.al\/wp-content\/uploads\/2025\/07\/Varietee-300x300.webp 300w, https:\/\/www.samsung-ese.al\/wp-content\/uploads\/2025\/07\/Varietee-1024x1024.webp 1024w, https:\/\/www.samsung-ese.al\/wp-content\/uploads\/2025\/07\/Varietee-150x150.webp 150w, https:\/\/www.samsung-ese.al\/wp-content\/uploads\/2025\/07\/Varietee-768x768.webp 768w, https:\/\/www.samsung-ese.al\/wp-content\/uploads\/2025\/07\/Varietee-1536x1536.webp 1536w, https:\/\/www.samsung-ese.al\/wp-content\/uploads\/2025\/07\/Varietee-370x370.webp 370w, https:\/\/www.samsung-ese.al\/wp-content\/uploads\/2025\/07\/Varietee-120x120.webp 120w, https:\/\/www.samsung-ese.al\/wp-content\/uploads\/2025\/07\/Varietee-840x840.webp 840w, https:\/\/www.samsung-ese.al\/wp-content\/uploads\/2025\/07\/Varietee-410x410.webp 410w, https:\/\/www.samsung-ese.al\/wp-content\/uploads\/2025\/07\/Varietee-200x200.webp 200w, https:\/\/www.samsung-ese.al\/wp-content\/uploads\/2025\/07\/Varietee-600x600.webp 600w, https:\/\/www.samsung-ese.al\/wp-content\/uploads\/2025\/07\/Varietee.webp 2000w\" sizes=\"(max-width: 61px) 100vw, 61px\" \/><\/h6>\n<p style=\"text-align: center;\"><strong>I krijuar p\u00ebr t\u00eb punuar me gazin R290<\/strong><\/p>\n<p style=\"text-align: center;\">EHS Mono R290 p\u00ebrdor gazin R290 si ftoh\u00ebs n\u00eb vend t\u00eb ftoh\u00ebsit t\u00eb zakonsh\u00ebm R32. Duke p\u00ebrdorur ftoh\u00ebsin R290, komponent\u00ebt e brendsh\u00ebm t\u00eb nj\u00ebsis\u00eb jan\u00eb p\u00ebrshtatur krahasuar me nj\u00eb pomp\u00eb nxeht\u00ebsie mono t\u00eb zakonshme. P\u00ebrshtatjet, si parandalimi i rrjedhjeve, zbulimi i rrjedhjeve, sistemi i shkarkimit dhe parandalimi i ndezjes, mb\u00ebshtesin ndarjen e ftoh\u00ebsit R290 nga pjesa tjet\u00ebr e sistemit.<\/p>\n<\/blockquote>\n<p>&nbsp;<\/p>\n<\/div>\n<\/div>\n<\/div>\n<\/div>\n<\/div>\n<\/div>","protected":false},"excerpt":{"rendered":"<h5>E gjitha n\u00eb nj\u00eb.<\/h5>\n<p data-start=\"43\" data-end=\"442\" data-is-last-node=\"\" data-is-only-node=\"\">T\u00eb gjitha pjes\u00ebt p\u00ebr tubacionin e ujit (Pjes\u00ebt Hidraulike) si pompa, ena e zgjerimit, ndar\u00ebsi i gazit, valvula e shkarkimit t\u00eb presionit, sensori i rrjedh\u00ebs, sensori i presionit t\u00eb ujit jan\u00eb t\u00eb montuara brenda nj\u00ebsis\u00eb, gj\u00eb q\u00eb ul koh\u00ebn dhe hap\u00ebsir\u00ebn e instalimit. Instaloni sistemin dhe kontrolloni leht\u00ebsisht presionin e ujit. Nj\u00eb sensor presioni uji ju lejon t\u00eb monitoroni n\u00eb m\u00ebnyr\u00eb t\u00eb p\u00ebrshtatshme presionin e ujit nga nj\u00eb kontrollues n\u00eb distanc\u00eb.<\/p>","protected":false},"featured_media":29112,"template":"","meta":{"_eb_attr":""},"product_brand":[],"product_cat":[356,296],"product_tag":[415,413,414],"class_list":{"0":"post-29111","1":"product","2":"type-product","3":"status-publish","4":"has-post-thumbnail","6":"product_cat-ehs-mono-r290-with-pump","7":"product_cat-residential-ehs-heat-pumps","8":"product_tag-r290-refrigerant-for-ehs","9":"product_tag-single-phase-for-ehs","10":"product_tag-tri-phase-for-ehs","12":"first","13":"instock","14":"shipping-taxable","15":"product-type-simple"},"_links":{"self":[{"href":"http:\/\/www.samsung-ese.al\/sq\/wp-json\/wp\/v2\/product\/29111","targetHints":{"allow":["GET"]}}],"collection":[{"href":"http:\/\/www.samsung-ese.al\/sq\/wp-json\/wp\/v2\/product"}],"about":[{"href":"http:\/\/www.samsung-ese.al\/sq\/wp-json\/wp\/v2\/types\/product"}],"wp:featuredmedia":[{"embeddable":true,"href":"http:\/\/www.samsung-ese.al\/sq\/wp-json\/wp\/v2\/media\/29112"}],"wp:attachment":[{"href":"http:\/\/www.samsung-ese.al\/sq\/wp-json\/wp\/v2\/media?parent=29111"}],"wp:term":[{"taxonomy":"product_brand","embeddable":true,"href":"http:\/\/www.samsung-ese.al\/sq\/wp-json\/wp\/v2\/product_brand?post=29111"},{"taxonomy":"product_cat","embeddable":true,"href":"http:\/\/www.samsung-ese.al\/sq\/wp-json\/wp\/v2\/product_cat?post=29111"},{"taxonomy":"product_tag","embeddable":true,"href":"http:\/\/www.samsung-ese.al\/sq\/wp-json\/wp\/v2\/product_tag?post=29111"}],"curies":[{"name":"wp","href":"https:\/\/api.w.org\/{rel}","templated":true}]}}