{"id":28989,"date":"2025-07-15T18:39:18","date_gmt":"2025-07-15T18:39:18","guid":{"rendered":"https:\/\/www.samsung-ese.al\/?post_type=product&#038;p=28989"},"modified":"2025-09-08T14:42:12","modified_gmt":"2025-09-08T14:42:12","slug":"windfree-4-way-cassette-fcu","status":"publish","type":"product","link":"http:\/\/www.samsung-ese.al\/sq\/produkt\/windfree-4-way-cassette-fcu\/","title":{"rendered":"WindFree\u2122 Nj\u00ebsia Fan-Coil Kaset\u00eb me Kat\u00ebr Drejtime"},"content":{"rendered":"<h3>Kapacitete t\u00eb disponueshme (kW)<\/h3>\n<p>6, 7.2, 9, 10<\/p>\n<h3>Detaje Teknike<\/h3>\n<p>P\u00ebrjetoni rehati maksimale dhe efikasitet me WindFree\u2122 Nj\u00ebsia Fan-Coil kaset\u00eb me kat\u00ebr drejtime.<\/p>\n<p><a href=\"https:\/\/www.samsung-ese.al\/wp-content\/uploads\/2025\/07\/TDB-2021-Fan-Coil-Unit-for-Europe-Water-50Hz_Ver.1.1_211116.pdf\">Libri Teknik i t\u00eb Dh\u00ebnave p\u00ebr FCU Pjesa 1<\/a>\u00a0 \u00a0 \u00a0 \u00a0 \u00a0<a href=\"https:\/\/www.samsung-ese.al\/wp-content\/uploads\/2025\/07\/TDB-Fan-Coil-Unit-for-Europe-Water-50Hz_Ver.1.6_201020.pdf\" target=\"_blank\" rel=\"noopener\">Libri Teknik i t\u00eb Dh\u00ebnave p\u00ebr FCU Pjesa 2<\/a><\/p>\n<h3>Broshura dhe Literatura<\/h3>\n<p><a href=\"https:\/\/www.samsung-ese.al\/wp-content\/uploads\/2025\/07\/WindFree\u2122-4-Way-Cassette-FCU.zip\">Vizatime DWG<\/a> \u00a0\u00a0 \u00a0\u00a0 \u00a0<a href=\"mailto:ese@samsung-ese.al\">P\u00ebr Q\u00ebllime Biznesi<\/a><\/p>\n<div>\n<h3>Ve\u00e7orit\u00eb AC<\/h3>\n<p>Sepse rehatia nuk duhet t\u00eb jet\u00eb e nd\u00ebrlikuar, ja \u00e7far\u00eb ofrohet n\u00eb t\u00eb.<\/p>\n<p>&nbsp;<\/p>\n<blockquote>\n<h6 style=\"text-align: center;\"><img decoding=\"async\" class=\"alignnone wp-image-28696\" src=\"https:\/\/www.samsung-ese.al\/wp-content\/uploads\/2025\/07\/bladeless_design-300x300.webp\" alt=\"\" width=\"61\" height=\"61\" srcset=\"https:\/\/www.samsung-ese.al\/wp-content\/uploads\/2025\/07\/bladeless_design-300x300.webp 300w, https:\/\/www.samsung-ese.al\/wp-content\/uploads\/2025\/07\/bladeless_design-1024x1024.webp 1024w, https:\/\/www.samsung-ese.al\/wp-content\/uploads\/2025\/07\/bladeless_design-150x150.webp 150w, https:\/\/www.samsung-ese.al\/wp-content\/uploads\/2025\/07\/bladeless_design-768x768.webp 768w, https:\/\/www.samsung-ese.al\/wp-content\/uploads\/2025\/07\/bladeless_design-1536x1536.webp 1536w, https:\/\/www.samsung-ese.al\/wp-content\/uploads\/2025\/07\/bladeless_design-370x370.webp 370w, https:\/\/www.samsung-ese.al\/wp-content\/uploads\/2025\/07\/bladeless_design-120x120.webp 120w, https:\/\/www.samsung-ese.al\/wp-content\/uploads\/2025\/07\/bladeless_design-840x840.webp 840w, https:\/\/www.samsung-ese.al\/wp-content\/uploads\/2025\/07\/bladeless_design-410x410.webp 410w, https:\/\/www.samsung-ese.al\/wp-content\/uploads\/2025\/07\/bladeless_design-200x200.webp 200w, https:\/\/www.samsung-ese.al\/wp-content\/uploads\/2025\/07\/bladeless_design-600x600.webp 600w, https:\/\/www.samsung-ese.al\/wp-content\/uploads\/2025\/07\/bladeless_design.webp 2000w\" sizes=\"(max-width: 61px) 100vw, 61px\" \/><\/h6>\n<p style=\"text-align: center;\"><strong>Furnizim me aj\u00ebr n\u00eb kat\u00ebr drejtime p\u00ebrmes flet\u00ebve t\u00eb rregullueshme n\u00eb m\u00ebnyr\u00eb t\u00eb pavarur<\/strong><\/p>\n<\/blockquote>\n<p>&nbsp;<\/p>\n<\/div>\n<div>\n<blockquote>\n<h6 style=\"text-align: center;\"><img decoding=\"async\" class=\"alignnone wp-image-28603\" src=\"https:\/\/www.samsung-ese.al\/wp-content\/uploads\/2025\/07\/Varietee-300x300.webp\" alt=\"\" width=\"61\" height=\"61\" srcset=\"https:\/\/www.samsung-ese.al\/wp-content\/uploads\/2025\/07\/Varietee-300x300.webp 300w, https:\/\/www.samsung-ese.al\/wp-content\/uploads\/2025\/07\/Varietee-1024x1024.webp 1024w, https:\/\/www.samsung-ese.al\/wp-content\/uploads\/2025\/07\/Varietee-150x150.webp 150w, https:\/\/www.samsung-ese.al\/wp-content\/uploads\/2025\/07\/Varietee-768x768.webp 768w, https:\/\/www.samsung-ese.al\/wp-content\/uploads\/2025\/07\/Varietee-1536x1536.webp 1536w, https:\/\/www.samsung-ese.al\/wp-content\/uploads\/2025\/07\/Varietee-370x370.webp 370w, https:\/\/www.samsung-ese.al\/wp-content\/uploads\/2025\/07\/Varietee-120x120.webp 120w, https:\/\/www.samsung-ese.al\/wp-content\/uploads\/2025\/07\/Varietee-840x840.webp 840w, https:\/\/www.samsung-ese.al\/wp-content\/uploads\/2025\/07\/Varietee-410x410.webp 410w, https:\/\/www.samsung-ese.al\/wp-content\/uploads\/2025\/07\/Varietee-200x200.webp 200w, https:\/\/www.samsung-ese.al\/wp-content\/uploads\/2025\/07\/Varietee-600x600.webp 600w, https:\/\/www.samsung-ese.al\/wp-content\/uploads\/2025\/07\/Varietee.webp 2000w\" sizes=\"(max-width: 61px) 100vw, 61px\" \/><\/h6>\n<p style=\"text-align: center;\"><strong>Ventilator me drejtim t\u00eb drejtp\u00ebrdrejt\u00eb, i fuqizuar nga nj\u00eb motor BLDC<\/strong><\/p>\n<\/blockquote>\n<p>&nbsp;<\/p>\n<blockquote>\n<h6 style=\"text-align: center;\"><img decoding=\"async\" class=\"alignnone wp-image-28603\" src=\"https:\/\/www.samsung-ese.al\/wp-content\/uploads\/2025\/07\/Varietee-300x300.webp\" alt=\"\" width=\"61\" height=\"61\" srcset=\"https:\/\/www.samsung-ese.al\/wp-content\/uploads\/2025\/07\/Varietee-300x300.webp 300w, https:\/\/www.samsung-ese.al\/wp-content\/uploads\/2025\/07\/Varietee-1024x1024.webp 1024w, https:\/\/www.samsung-ese.al\/wp-content\/uploads\/2025\/07\/Varietee-150x150.webp 150w, https:\/\/www.samsung-ese.al\/wp-content\/uploads\/2025\/07\/Varietee-768x768.webp 768w, https:\/\/www.samsung-ese.al\/wp-content\/uploads\/2025\/07\/Varietee-1536x1536.webp 1536w, https:\/\/www.samsung-ese.al\/wp-content\/uploads\/2025\/07\/Varietee-370x370.webp 370w, https:\/\/www.samsung-ese.al\/wp-content\/uploads\/2025\/07\/Varietee-120x120.webp 120w, https:\/\/www.samsung-ese.al\/wp-content\/uploads\/2025\/07\/Varietee-840x840.webp 840w, https:\/\/www.samsung-ese.al\/wp-content\/uploads\/2025\/07\/Varietee-410x410.webp 410w, https:\/\/www.samsung-ese.al\/wp-content\/uploads\/2025\/07\/Varietee-200x200.webp 200w, https:\/\/www.samsung-ese.al\/wp-content\/uploads\/2025\/07\/Varietee-600x600.webp 600w, https:\/\/www.samsung-ese.al\/wp-content\/uploads\/2025\/07\/Varietee.webp 2000w\" sizes=\"(max-width: 61px) 100vw, 61px\" \/><\/h6>\n<p style=\"text-align: center;\"><strong>Pomp\u00eb Kulluese e Kondesimit e Integruar<\/strong><\/p>\n<\/blockquote>\n<p>&nbsp;<\/p>\n<\/div>\n<div>\n<blockquote>\n<h6 style=\"text-align: center;\"><img decoding=\"async\" class=\"alignnone wp-image-28603\" src=\"https:\/\/www.samsung-ese.al\/wp-content\/uploads\/2025\/07\/Varietee-300x300.webp\" alt=\"\" width=\"61\" height=\"61\" srcset=\"https:\/\/www.samsung-ese.al\/wp-content\/uploads\/2025\/07\/Varietee-300x300.webp 300w, https:\/\/www.samsung-ese.al\/wp-content\/uploads\/2025\/07\/Varietee-1024x1024.webp 1024w, https:\/\/www.samsung-ese.al\/wp-content\/uploads\/2025\/07\/Varietee-150x150.webp 150w, https:\/\/www.samsung-ese.al\/wp-content\/uploads\/2025\/07\/Varietee-768x768.webp 768w, https:\/\/www.samsung-ese.al\/wp-content\/uploads\/2025\/07\/Varietee-1536x1536.webp 1536w, https:\/\/www.samsung-ese.al\/wp-content\/uploads\/2025\/07\/Varietee-370x370.webp 370w, https:\/\/www.samsung-ese.al\/wp-content\/uploads\/2025\/07\/Varietee-120x120.webp 120w, https:\/\/www.samsung-ese.al\/wp-content\/uploads\/2025\/07\/Varietee-840x840.webp 840w, https:\/\/www.samsung-ese.al\/wp-content\/uploads\/2025\/07\/Varietee-410x410.webp 410w, https:\/\/www.samsung-ese.al\/wp-content\/uploads\/2025\/07\/Varietee-200x200.webp 200w, https:\/\/www.samsung-ese.al\/wp-content\/uploads\/2025\/07\/Varietee-600x600.webp 600w, https:\/\/www.samsung-ese.al\/wp-content\/uploads\/2025\/07\/Varietee.webp 2000w\" sizes=\"(max-width: 61px) 100vw, 61px\" \/><\/h6>\n<p style=\"text-align: center;\"><strong>Komplet valvula tre-drejtimshe (opsionale)<\/strong><\/p>\n<\/blockquote>\n<p>&nbsp;<\/p>\n<div>\n<div>\n<blockquote>\n<h6 style=\"text-align: center;\">\u00a0\u00a0<img decoding=\"async\" class=\"alignnone wp-image-28697\" src=\"https:\/\/www.samsung-ese.al\/wp-content\/uploads\/2025\/07\/total-control-300x300.webp\" alt=\"\" width=\"61\" height=\"61\" srcset=\"https:\/\/www.samsung-ese.al\/wp-content\/uploads\/2025\/07\/total-control-300x300.webp 300w, https:\/\/www.samsung-ese.al\/wp-content\/uploads\/2025\/07\/total-control-150x150.webp 150w, https:\/\/www.samsung-ese.al\/wp-content\/uploads\/2025\/07\/total-control-370x370.webp 370w, https:\/\/www.samsung-ese.al\/wp-content\/uploads\/2025\/07\/total-control-120x120.webp 120w, https:\/\/www.samsung-ese.al\/wp-content\/uploads\/2025\/07\/total-control-410x410.webp 410w, https:\/\/www.samsung-ese.al\/wp-content\/uploads\/2025\/07\/total-control-200x200.webp 200w, https:\/\/www.samsung-ese.al\/wp-content\/uploads\/2025\/07\/total-control.webp 500w\" sizes=\"(max-width: 61px) 100vw, 61px\" \/><\/h6>\n<p style=\"text-align: center;\"><strong>Kontroll nga SmartPhone n\u00ebp\u00ebrmjet kitit Wi-Fi<\/strong><\/p>\n<p style=\"text-align: center;\">T\u00eb gjitha komponent\u00ebt e brendsh\u00ebm dhe lidhjet elektrike n\u00eb terren jan\u00eb t\u00eb aksesueshme nga pjesa e poshtme e nj\u00ebsive.<\/p>\n<\/blockquote>\n<\/div>\n<\/div>\n<div>\n<div>\n<p>&nbsp;<\/p>\n<\/div>\n<\/div>\n<\/div>","protected":false},"excerpt":{"rendered":"<h5>Ndjeni rehatin\u00eb.<\/h5>\n<p data-start=\"43\" data-end=\"442\" data-is-last-node=\"\" data-is-only-node=\"\">WindFree\u2122 Nj\u00ebsia Fan-Coil Kaset\u00eb me kat\u00ebr drejtime riformulon konceptin e rehatis\u00eb s\u00eb brendshme \u2014 pa mundim, tep\u00ebr e qet\u00eb dhe inteligjentisht efikase. Imagjinoni nj\u00eb performanc\u00eb t\u00eb fuqishme ftohjeje t\u00eb kombinuar me nj\u00eb rrjedh\u00eb ajri t\u00eb but\u00eb, t\u00eb ngjashme me konveksonin natyral, q\u00eb e b\u00ebn ambientin t\u00eb ndihet i fresk\u00ebt n\u00eb m\u00ebnyr\u00eb t\u00eb natyrshme. Me mbi 15,000 mikrovrima t\u00eb integruara n\u00eb panelin e saj, WindFree\u2122 shp\u00ebrndan ajrin aq but\u00eb sa imiton \u201cajrin e pal\u00ebvizsh\u00ebm\u201d \u2014 duke mbajtur dhomat t\u00eb fresk\u00ebta dhe t\u00eb rehatshme, pa shp\u00ebrthime t\u00eb ftohta t\u00eb pak\u00ebndshme.<\/p>","protected":false},"featured_media":28992,"template":"","meta":{"_eb_attr":""},"product_brand":[],"product_cat":[353,354,298],"product_tag":[363,360,358,359,312],"class_list":{"0":"post-28989","1":"product","2":"type-product","3":"status-publish","4":"has-post-thumbnail","6":"product_cat-hvm-chiller","7":"product_cat-indoor-unit-fancoils","8":"product_cat-commercial","9":"product_tag-cac","10":"product_tag-dvm","11":"product_tag-ehs","12":"product_tag-hvm-chiller","13":"product_tag-rac-category","15":"first","16":"instock","17":"shipping-taxable","18":"product-type-simple"},"_links":{"self":[{"href":"http:\/\/www.samsung-ese.al\/sq\/wp-json\/wp\/v2\/product\/28989","targetHints":{"allow":["GET"]}}],"collection":[{"href":"http:\/\/www.samsung-ese.al\/sq\/wp-json\/wp\/v2\/product"}],"about":[{"href":"http:\/\/www.samsung-ese.al\/sq\/wp-json\/wp\/v2\/types\/product"}],"wp:featuredmedia":[{"embeddable":true,"href":"http:\/\/www.samsung-ese.al\/sq\/wp-json\/wp\/v2\/media\/28992"}],"wp:attachment":[{"href":"http:\/\/www.samsung-ese.al\/sq\/wp-json\/wp\/v2\/media?parent=28989"}],"wp:term":[{"taxonomy":"product_brand","embeddable":true,"href":"http:\/\/www.samsung-ese.al\/sq\/wp-json\/wp\/v2\/product_brand?post=28989"},{"taxonomy":"product_cat","embeddable":true,"href":"http:\/\/www.samsung-ese.al\/sq\/wp-json\/wp\/v2\/product_cat?post=28989"},{"taxonomy":"product_tag","embeddable":true,"href":"http:\/\/www.samsung-ese.al\/sq\/wp-json\/wp\/v2\/product_tag?post=28989"}],"curies":[{"name":"wp","href":"https:\/\/api.w.org\/{rel}","templated":true}]}}