{"id":28960,"date":"2025-07-15T17:25:11","date_gmt":"2025-07-15T17:25:11","guid":{"rendered":"https:\/\/www.samsung-ese.al\/?post_type=product&#038;p=28960"},"modified":"2025-09-22T13:23:56","modified_gmt":"2025-09-22T13:23:56","slug":"360-cassette-fcu","status":"publish","type":"product","link":"http:\/\/www.samsung-ese.al\/sq\/produkt\/360-cassette-fcu\/","title":{"rendered":"Nj\u00ebsi Fan-Coil Kaset\u00eb 360"},"content":{"rendered":"<h3>Kapacitete t\u00eb disponueshme (kW)<\/h3>\n<p>6, 7.2, 9, 10.5<\/p>\n<h3>Detaje Teknike<\/h3>\n<p>Experience ultimate comfort and efficiency <strong>with the World&#8217;s First trully Circular <\/strong>360 Cassette FCU.<\/p>\n<p><a href=\"https:\/\/www.samsung-ese.al\/wp-content\/uploads\/2025\/07\/TDB-Fan-Coil-Unit-for-Europe-Water-50Hz_Ver.1.6_201020.pdf\" target=\"_blank\" rel=\"noopener\">Shiko Dokumentin Teknik<\/a><\/p>\n<h3>Broshura dhe Literatura<\/h3>\n<p><a href=\"https:\/\/www.samsung-ese.al\/wp-content\/uploads\/2025\/07\/360-Cassette-FCU.zip\">Vizatime DWG<\/a> \u00a0\u00a0 \u00a0\u00a0 \u00a0<a href=\"mailto:ese@samsung-ese.al\">P\u00ebr Q\u00ebllime Biznesi<\/a><\/p>\n<div>\n<h3>Ve\u00e7orit\u00eb AC<\/h3>\n<p>Sepse rehatia nuk duhet t\u00eb jet\u00eb e nd\u00ebrlikuar, ja \u00e7far\u00eb ofrohet n\u00eb t\u00eb.<\/p>\n<p>&nbsp;<\/p>\n<blockquote>\n<h6 style=\"text-align: center;\"><img decoding=\"async\" class=\"alignnone wp-image-28531\" src=\"https:\/\/www.samsung-ese.al\/wp-content\/uploads\/2025\/07\/AI-AUTO-COOLING-300x294.png\" alt=\"\" width=\"61\" height=\"60\" srcset=\"https:\/\/www.samsung-ese.al\/wp-content\/uploads\/2025\/07\/AI-AUTO-COOLING-300x294.png 300w, https:\/\/www.samsung-ese.al\/wp-content\/uploads\/2025\/07\/AI-AUTO-COOLING-150x150.png 150w, https:\/\/www.samsung-ese.al\/wp-content\/uploads\/2025\/07\/AI-AUTO-COOLING-370x370.png 370w, https:\/\/www.samsung-ese.al\/wp-content\/uploads\/2025\/07\/AI-AUTO-COOLING-120x120.png 120w, https:\/\/www.samsung-ese.al\/wp-content\/uploads\/2025\/07\/AI-AUTO-COOLING-410x402.png 410w, https:\/\/www.samsung-ese.al\/wp-content\/uploads\/2025\/07\/AI-AUTO-COOLING-200x196.png 200w, https:\/\/www.samsung-ese.al\/wp-content\/uploads\/2025\/07\/AI-AUTO-COOLING.png 533w\" sizes=\"(max-width: 61px) 100vw, 61px\" \/><\/h6>\n<p style=\"text-align: center;\"><strong>Furnizim me aj\u00ebr n\u00eb 360 grad\u00eb<\/strong><\/p>\n<\/blockquote>\n<p>&nbsp;<\/p>\n<\/div>\n<div>\n<blockquote>\n<h6 style=\"text-align: center;\"><img decoding=\"async\" class=\"alignnone wp-image-28696\" src=\"https:\/\/www.samsung-ese.al\/wp-content\/uploads\/2025\/07\/bladeless_design-300x300.webp\" alt=\"\" width=\"61\" height=\"61\" srcset=\"https:\/\/www.samsung-ese.al\/wp-content\/uploads\/2025\/07\/bladeless_design-300x300.webp 300w, https:\/\/www.samsung-ese.al\/wp-content\/uploads\/2025\/07\/bladeless_design-1024x1024.webp 1024w, https:\/\/www.samsung-ese.al\/wp-content\/uploads\/2025\/07\/bladeless_design-150x150.webp 150w, https:\/\/www.samsung-ese.al\/wp-content\/uploads\/2025\/07\/bladeless_design-768x768.webp 768w, https:\/\/www.samsung-ese.al\/wp-content\/uploads\/2025\/07\/bladeless_design-1536x1536.webp 1536w, https:\/\/www.samsung-ese.al\/wp-content\/uploads\/2025\/07\/bladeless_design-370x370.webp 370w, https:\/\/www.samsung-ese.al\/wp-content\/uploads\/2025\/07\/bladeless_design-120x120.webp 120w, https:\/\/www.samsung-ese.al\/wp-content\/uploads\/2025\/07\/bladeless_design-840x840.webp 840w, https:\/\/www.samsung-ese.al\/wp-content\/uploads\/2025\/07\/bladeless_design-410x410.webp 410w, https:\/\/www.samsung-ese.al\/wp-content\/uploads\/2025\/07\/bladeless_design-200x200.webp 200w, https:\/\/www.samsung-ese.al\/wp-content\/uploads\/2025\/07\/bladeless_design-600x600.webp 600w, https:\/\/www.samsung-ese.al\/wp-content\/uploads\/2025\/07\/bladeless_design.webp 2000w\" sizes=\"(max-width: 61px) 100vw, 61px\" \/><\/h6>\n<p style=\"text-align: center;\"><strong>Dalje pa Flet\u00eb<\/strong><\/p>\n<p style=\"text-align: center;\">Ventilator\u00ebt ndihm\u00ebs mund t\u00eb kontrollohen individualisht, duke lejuar nj\u00eb dalje t\u00ebr\u00ebsisht horizontale t\u00eb rrjedh\u00ebs s\u00eb ajrit. Efekti Coand\u0103 krijohet edhe pa tavan.<\/p>\n<\/blockquote>\n<p>&nbsp;<\/p>\n<blockquote>\n<h6 style=\"text-align: center;\"><img decoding=\"async\" class=\"alignnone wp-image-28603\" src=\"https:\/\/www.samsung-ese.al\/wp-content\/uploads\/2025\/07\/Varietee-300x300.webp\" alt=\"\" width=\"61\" height=\"61\" srcset=\"https:\/\/www.samsung-ese.al\/wp-content\/uploads\/2025\/07\/Varietee-300x300.webp 300w, https:\/\/www.samsung-ese.al\/wp-content\/uploads\/2025\/07\/Varietee-1024x1024.webp 1024w, https:\/\/www.samsung-ese.al\/wp-content\/uploads\/2025\/07\/Varietee-150x150.webp 150w, https:\/\/www.samsung-ese.al\/wp-content\/uploads\/2025\/07\/Varietee-768x768.webp 768w, https:\/\/www.samsung-ese.al\/wp-content\/uploads\/2025\/07\/Varietee-1536x1536.webp 1536w, https:\/\/www.samsung-ese.al\/wp-content\/uploads\/2025\/07\/Varietee-370x370.webp 370w, https:\/\/www.samsung-ese.al\/wp-content\/uploads\/2025\/07\/Varietee-120x120.webp 120w, https:\/\/www.samsung-ese.al\/wp-content\/uploads\/2025\/07\/Varietee-840x840.webp 840w, https:\/\/www.samsung-ese.al\/wp-content\/uploads\/2025\/07\/Varietee-410x410.webp 410w, https:\/\/www.samsung-ese.al\/wp-content\/uploads\/2025\/07\/Varietee-200x200.webp 200w, https:\/\/www.samsung-ese.al\/wp-content\/uploads\/2025\/07\/Varietee-600x600.webp 600w, https:\/\/www.samsung-ese.al\/wp-content\/uploads\/2025\/07\/Varietee.webp 2000w\" sizes=\"(max-width: 61px) 100vw, 61px\" \/><\/h6>\n<p style=\"text-align: center;\"><strong>Pomp\u00eb Kulluese e Kondesimit e Integruar<\/strong><\/p>\n<\/blockquote>\n<p>&nbsp;<\/p>\n<\/div>\n<div>\n<blockquote>\n<h6 style=\"text-align: center;\"><img loading=\"lazy\" decoding=\"async\" class=\"alignnone wp-image-28967\" src=\"https:\/\/www.samsung-ese.al\/wp-content\/uploads\/2025\/07\/fresh_air-300x300.webp\" alt=\"\" width=\"61\" height=\"61\" srcset=\"https:\/\/www.samsung-ese.al\/wp-content\/uploads\/2025\/07\/fresh_air-300x300.webp 300w, https:\/\/www.samsung-ese.al\/wp-content\/uploads\/2025\/07\/fresh_air-1024x1024.webp 1024w, https:\/\/www.samsung-ese.al\/wp-content\/uploads\/2025\/07\/fresh_air-150x150.webp 150w, https:\/\/www.samsung-ese.al\/wp-content\/uploads\/2025\/07\/fresh_air-768x768.webp 768w, https:\/\/www.samsung-ese.al\/wp-content\/uploads\/2025\/07\/fresh_air-1536x1536.webp 1536w, https:\/\/www.samsung-ese.al\/wp-content\/uploads\/2025\/07\/fresh_air-370x370.webp 370w, https:\/\/www.samsung-ese.al\/wp-content\/uploads\/2025\/07\/fresh_air-120x120.webp 120w, https:\/\/www.samsung-ese.al\/wp-content\/uploads\/2025\/07\/fresh_air-840x840.webp 840w, https:\/\/www.samsung-ese.al\/wp-content\/uploads\/2025\/07\/fresh_air-410x410.webp 410w, https:\/\/www.samsung-ese.al\/wp-content\/uploads\/2025\/07\/fresh_air-200x200.webp 200w, https:\/\/www.samsung-ese.al\/wp-content\/uploads\/2025\/07\/fresh_air-600x600.webp 600w, https:\/\/www.samsung-ese.al\/wp-content\/uploads\/2025\/07\/fresh_air.webp 2000w\" sizes=\"(max-width: 61px) 100vw, 61px\" \/><\/h6>\n<p style=\"text-align: center;\"><strong>Parap\u00ebrzgjedhje p\u00ebr hyrjen e ajrit t\u00eb fresk\u00ebt<\/strong><\/p>\n<\/blockquote>\n<p>&nbsp;<\/p>\n<div>\n<blockquote>\n<h6 style=\"text-align: center;\"><img decoding=\"async\" class=\"alignnone wp-image-28603\" src=\"https:\/\/www.samsung-ese.al\/wp-content\/uploads\/2025\/07\/Varietee-300x300.webp\" alt=\"\" width=\"61\" height=\"61\" srcset=\"https:\/\/www.samsung-ese.al\/wp-content\/uploads\/2025\/07\/Varietee-300x300.webp 300w, https:\/\/www.samsung-ese.al\/wp-content\/uploads\/2025\/07\/Varietee-1024x1024.webp 1024w, https:\/\/www.samsung-ese.al\/wp-content\/uploads\/2025\/07\/Varietee-150x150.webp 150w, https:\/\/www.samsung-ese.al\/wp-content\/uploads\/2025\/07\/Varietee-768x768.webp 768w, https:\/\/www.samsung-ese.al\/wp-content\/uploads\/2025\/07\/Varietee-1536x1536.webp 1536w, https:\/\/www.samsung-ese.al\/wp-content\/uploads\/2025\/07\/Varietee-370x370.webp 370w, https:\/\/www.samsung-ese.al\/wp-content\/uploads\/2025\/07\/Varietee-120x120.webp 120w, https:\/\/www.samsung-ese.al\/wp-content\/uploads\/2025\/07\/Varietee-840x840.webp 840w, https:\/\/www.samsung-ese.al\/wp-content\/uploads\/2025\/07\/Varietee-410x410.webp 410w, https:\/\/www.samsung-ese.al\/wp-content\/uploads\/2025\/07\/Varietee-200x200.webp 200w, https:\/\/www.samsung-ese.al\/wp-content\/uploads\/2025\/07\/Varietee-600x600.webp 600w, https:\/\/www.samsung-ese.al\/wp-content\/uploads\/2025\/07\/Varietee.webp 2000w\" sizes=\"(max-width: 61px) 100vw, 61px\" \/><\/h6>\n<p style=\"text-align: center;\"><strong>Kaset\u00eb Rrethore ose Katrore (e bardh\u00eb &amp; e zez\u00eb &amp; e personalizuar)<\/strong><\/p>\n<\/blockquote>\n<p>&nbsp;<\/p>\n<div>\n<blockquote>\n<h6 style=\"text-align: center;\"><img loading=\"lazy\" decoding=\"async\" class=\"alignnone wp-image-28968\" src=\"https:\/\/www.samsung-ese.al\/wp-content\/uploads\/2025\/07\/3_care_filter-300x300.webp\" alt=\"\" width=\"61\" height=\"61\" srcset=\"https:\/\/www.samsung-ese.al\/wp-content\/uploads\/2025\/07\/3_care_filter-300x300.webp 300w, https:\/\/www.samsung-ese.al\/wp-content\/uploads\/2025\/07\/3_care_filter-150x150.webp 150w, https:\/\/www.samsung-ese.al\/wp-content\/uploads\/2025\/07\/3_care_filter-370x370.webp 370w, https:\/\/www.samsung-ese.al\/wp-content\/uploads\/2025\/07\/3_care_filter-120x120.webp 120w, https:\/\/www.samsung-ese.al\/wp-content\/uploads\/2025\/07\/3_care_filter-410x410.webp 410w, https:\/\/www.samsung-ese.al\/wp-content\/uploads\/2025\/07\/3_care_filter-200x200.webp 200w, https:\/\/www.samsung-ese.al\/wp-content\/uploads\/2025\/07\/3_care_filter.webp 500w\" sizes=\"(max-width: 61px) 100vw, 61px\" \/><\/h6>\n<p style=\"text-align: center;\"><strong>Komplet valvula tre-drejtimshe (opsionale)<\/strong><\/p>\n<\/blockquote>\n<p>&nbsp;<\/p>\n<div>\n<div>\n<div>\n<blockquote>\n<h6 style=\"text-align: center;\"><img loading=\"lazy\" decoding=\"async\" class=\"alignnone wp-image-28555\" src=\"https:\/\/www.samsung-ese.al\/wp-content\/uploads\/2025\/07\/MOTION_DETECT_SENSOR-300x296.png\" alt=\"\" width=\"63\" height=\"62\" srcset=\"https:\/\/www.samsung-ese.al\/wp-content\/uploads\/2025\/07\/MOTION_DETECT_SENSOR-300x296.png 300w, https:\/\/www.samsung-ese.al\/wp-content\/uploads\/2025\/07\/MOTION_DETECT_SENSOR-150x150.png 150w, https:\/\/www.samsung-ese.al\/wp-content\/uploads\/2025\/07\/MOTION_DETECT_SENSOR-370x370.png 370w, https:\/\/www.samsung-ese.al\/wp-content\/uploads\/2025\/07\/MOTION_DETECT_SENSOR-120x120.png 120w, https:\/\/www.samsung-ese.al\/wp-content\/uploads\/2025\/07\/MOTION_DETECT_SENSOR-410x405.png 410w, https:\/\/www.samsung-ese.al\/wp-content\/uploads\/2025\/07\/MOTION_DETECT_SENSOR-200x197.png 200w, https:\/\/www.samsung-ese.al\/wp-content\/uploads\/2025\/07\/MOTION_DETECT_SENSOR.png 538w\" sizes=\"(max-width: 63px) 100vw, 63px\" \/><\/h6>\n<p style=\"text-align: center;\"><strong>Sensor i dedektimit t\u00eb l\u00ebvizjes (opsionale)<\/strong><\/p>\n<\/blockquote>\n<p>&nbsp;<\/p>\n<\/div>\n<div>\n<blockquote>\n<h6 style=\"text-align: center;\"><img loading=\"lazy\" decoding=\"async\" class=\"alignnone wp-image-28970\" src=\"https:\/\/www.samsung-ese.al\/wp-content\/uploads\/2025\/07\/total-control-1-300x300.webp\" alt=\"\" width=\"61\" height=\"61\" srcset=\"https:\/\/www.samsung-ese.al\/wp-content\/uploads\/2025\/07\/total-control-1-300x300.webp 300w, https:\/\/www.samsung-ese.al\/wp-content\/uploads\/2025\/07\/total-control-1-150x150.webp 150w, https:\/\/www.samsung-ese.al\/wp-content\/uploads\/2025\/07\/total-control-1-370x370.webp 370w, https:\/\/www.samsung-ese.al\/wp-content\/uploads\/2025\/07\/total-control-1-120x120.webp 120w, https:\/\/www.samsung-ese.al\/wp-content\/uploads\/2025\/07\/total-control-1-410x410.webp 410w, https:\/\/www.samsung-ese.al\/wp-content\/uploads\/2025\/07\/total-control-1-200x200.webp 200w, https:\/\/www.samsung-ese.al\/wp-content\/uploads\/2025\/07\/total-control-1.webp 500w\" sizes=\"(max-width: 61px) 100vw, 61px\" \/><\/h6>\n<p style=\"text-align: center;\"><strong>Kontroll nga SmartPhone n\u00ebp\u00ebrmjet kitit Wi-Fi<\/strong><\/p>\n<\/blockquote>\n<p>&nbsp;<\/p>\n<\/div>\n<\/div>\n<\/div>\n<\/div>\n<\/div>\n<\/div>","protected":false},"excerpt":{"rendered":"<h5>Rrym\u00eb Ajri Pa Flet\u00eb dhe me Shp\u00ebrndarje Omnidireksionale.<\/h5>\n<p data-start=\"43\" data-end=\"442\" data-is-last-node=\"\" data-is-only-node=\"\">Kjo \u00ebsht\u00eb nj\u00ebsia e Samsung pa flet\u00eb, me form\u00eb rrethore p\u00ebr montim n\u00eb tavan (ceiling cassette fan coil unit \u2013 FCU), e dizajnuar p\u00ebr shp\u00ebrndarje t\u00eb barabart\u00eb t\u00eb ajrit n\u00eb 360\u00b0 pa shp\u00ebrthime t\u00eb ftohta apo \u201czona t\u00eb vdekura\u201d t\u00eb rrjedh\u00ebs s\u00eb ajrit. Ajo p\u00ebrdor tre ventilator\u00eb ndihm\u00ebs q\u00eb shtyjn\u00eb ajrin horizontalisht (k\u00ebndi i rregulluesh\u00ebm nga 10\u00b0 deri n\u00eb 60\u00b0), duke siguruar deri n\u00eb 25% m\u00eb shum\u00eb rrjedhje ajri sesa kasetat tradicionale me kat\u00ebr drejtime. Dizajni ofron personalizim me panele ballore rrethore ose katrore, n\u00eb ngjyr\u00eb t\u00eb zez\u00eb ose t\u00eb bardh\u00eb, madje edhe me panele t\u00eb printuara sipas d\u00ebshir\u00ebs me logo, ngjyra apo imazhe.<\/p>","protected":false},"featured_media":29688,"template":"","meta":{"_eb_attr":""},"product_brand":[],"product_cat":[353,354,298],"product_tag":[361,360,358,359],"class_list":{"0":"post-28960","1":"product","2":"type-product","3":"status-publish","4":"has-post-thumbnail","6":"product_cat-hvm-chiller","7":"product_cat-indoor-unit-fancoils","8":"product_cat-commercial","9":"product_tag-cac-category","10":"product_tag-dvm","11":"product_tag-ehs","12":"product_tag-hvm-chiller","14":"first","15":"instock","16":"shipping-taxable","17":"product-type-simple"},"_links":{"self":[{"href":"http:\/\/www.samsung-ese.al\/sq\/wp-json\/wp\/v2\/product\/28960","targetHints":{"allow":["GET"]}}],"collection":[{"href":"http:\/\/www.samsung-ese.al\/sq\/wp-json\/wp\/v2\/product"}],"about":[{"href":"http:\/\/www.samsung-ese.al\/sq\/wp-json\/wp\/v2\/types\/product"}],"wp:featuredmedia":[{"embeddable":true,"href":"http:\/\/www.samsung-ese.al\/sq\/wp-json\/wp\/v2\/media\/29688"}],"wp:attachment":[{"href":"http:\/\/www.samsung-ese.al\/sq\/wp-json\/wp\/v2\/media?parent=28960"}],"wp:term":[{"taxonomy":"product_brand","embeddable":true,"href":"http:\/\/www.samsung-ese.al\/sq\/wp-json\/wp\/v2\/product_brand?post=28960"},{"taxonomy":"product_cat","embeddable":true,"href":"http:\/\/www.samsung-ese.al\/sq\/wp-json\/wp\/v2\/product_cat?post=28960"},{"taxonomy":"product_tag","embeddable":true,"href":"http:\/\/www.samsung-ese.al\/sq\/wp-json\/wp\/v2\/product_tag?post=28960"}],"curies":[{"name":"wp","href":"https:\/\/api.w.org\/{rel}","templated":true}]}}