{"id":27361,"date":"2025-05-17T11:48:38","date_gmt":"2025-05-17T11:48:38","guid":{"rendered":"https:\/\/www.samsung-ese.al\/?page_id=27361"},"modified":"2025-09-04T18:01:59","modified_gmt":"2025-09-04T18:01:59","slug":"biot-solution","status":"publish","type":"page","link":"http:\/\/www.samsung-ese.al\/sq\/biot-solution\/","title":{"rendered":"b.IoT I SmartThings (Pro)"},"content":{"rendered":"<div data-elementor-type=\"wp-page\" data-elementor-id=\"27361\" class=\"elementor elementor-27361\">\n\t\t\t\t\t\t<section class=\"elementor-section elementor-top-section elementor-element elementor-element-870803f elementor-section-boxed elementor-section-height-default elementor-section-height-default sc_fly_static\" data-id=\"870803f\" data-element_type=\"section\" data-e-type=\"section\">\n\t\t\t\t\t\t<div class=\"elementor-container elementor-column-gap-extended\">\n\t\t\t\t\t<div class=\"elementor-column elementor-col-100 elementor-top-column elementor-element elementor-element-84d9684 sc_content_align_inherit sc_layouts_column_icons_position_left sc_fly_static\" data-id=\"84d9684\" data-element_type=\"column\" data-e-type=\"column\">\n\t\t\t<div class=\"elementor-widget-wrap elementor-element-populated\">\n\t\t\t\t\t\t<div class=\"elementor-element elementor-element-7e6b35d sc_height_medium sc_fly_static elementor-widget elementor-widget-spacer\" data-id=\"7e6b35d\" data-element_type=\"widget\" data-e-type=\"widget\" data-widget_type=\"spacer.default\">\n\t\t\t\t<div class=\"elementor-widget-container\">\n\t\t\t\t\t\t\t<div class=\"elementor-spacer\">\n\t\t\t<div class=\"elementor-spacer-inner\"><\/div>\n\t\t<\/div>\n\t\t\t\t\t\t<\/div>\n\t\t\t\t<\/div>\n\t\t\t\t\t<\/div>\n\t\t<\/div>\n\t\t\t\t\t<\/div>\n\t\t<\/section>\n\t\t\t\t<section class=\"elementor-section elementor-top-section elementor-element elementor-element-bf91fce elementor-section-boxed elementor-section-height-default elementor-section-height-default sc_fly_static\" data-id=\"bf91fce\" data-element_type=\"section\" data-e-type=\"section\">\n\t\t\t\t\t\t<div class=\"elementor-container elementor-column-gap-extended\">\n\t\t\t\t\t<div class=\"elementor-column elementor-col-100 elementor-top-column elementor-element elementor-element-f5aeb4b sc_content_align_inherit sc_layouts_column_icons_position_left sc_fly_static\" data-id=\"f5aeb4b\" data-element_type=\"column\" data-e-type=\"column\">\n\t\t\t<div class=\"elementor-widget-wrap elementor-element-populated\">\n\t\t\t\t\t\t<div class=\"elementor-element elementor-element-ed401f3 sc_fly_static elementor-widget elementor-widget-trx_sc_title\" data-id=\"ed401f3\" data-element_type=\"widget\" data-e-type=\"widget\" data-widget_type=\"trx_sc_title.default\">\n\t\t\t\t<div class=\"elementor-widget-container\">\n\t\t\t\t\t<div\t\tclass=\"sc_title sc_title_default\" ><span class=\"sc_item_subtitle sc_title_subtitle sc_item_subtitle_above sc_item_title_style_default\">SAMSUNG b.IoT SOLUTION<\/span><h1 class=\"sc_item_title sc_title_title sc_item_title_style_default sc_item_title_tag\"\n\t\t\t><span class=\"sc_item_title_text\">Menaxhimi i nd\u00ebrtesave SMART p\u00ebr nj\u00eb t\u00eb ardhme t\u00eb q\u00ebndrueshme.<\/span><\/h1><div class=\"sc_item_descr sc_title_descr\"><p>Samsung b.IoT \u00ebsht\u00eb nj\u00eb zgjidhje p\u00ebr menaxhimin e nd\u00ebrtesave e fuqizuar nga inteligjenca artificiale, e krijuar p\u00ebr t\u00eb maksimizuar kursimet e energjis\u00eb dhe efikasitetin operativ. E optimizuar p\u00ebr funksionim t\u00eb zgjuar dhe efikas t\u00eb nd\u00ebrtesave, ajo ofron nj\u00eb sistem HVAC t\u00eb integruar dhe t\u00eb diferencuar q\u00eb p\u00ebrshtatet me nevoja t\u00eb ndryshme hap\u00ebsinore, duke garantuar nj\u00eb ambient t\u00eb brendsh\u00ebm komod. Me performanc\u00eb t\u00eb d\u00ebshmuar n\u00eb aplikime reale, Samsung b.IoT mund\u00ebson menaxhim m\u00eb t\u00eb zgjuar t\u00eb nd\u00ebrtesave dhe ulje t\u00eb ndjeshme t\u00eb kostove t\u00eb energjis\u00eb \u2014 duke kontribuar n\u00eb q\u00ebndrueshm\u00ebri dhe inovacion n\u00eb infrastruktur\u00ebn moderne.<\/p>\n<\/div><\/div>\t\t\t\t<\/div>\n\t\t\t\t<\/div>\n\t\t\t\t<div class=\"elementor-element elementor-element-b17ad5f sc_height_small sc_fly_static elementor-widget elementor-widget-spacer\" data-id=\"b17ad5f\" data-element_type=\"widget\" data-e-type=\"widget\" data-widget_type=\"spacer.default\">\n\t\t\t\t<div class=\"elementor-widget-container\">\n\t\t\t\t\t\t\t<div class=\"elementor-spacer\">\n\t\t\t<div class=\"elementor-spacer-inner\"><\/div>\n\t\t<\/div>\n\t\t\t\t\t\t<\/div>\n\t\t\t\t<\/div>\n\t\t\t\t\t<\/div>\n\t\t<\/div>\n\t\t\t\t\t<\/div>\n\t\t<\/section>\n\t\t\t\t<section class=\"elementor-section elementor-top-section elementor-element elementor-element-1bef282 elementor-section-boxed elementor-section-height-default elementor-section-height-default sc_fly_static\" data-id=\"1bef282\" data-element_type=\"section\" data-e-type=\"section\">\n\t\t\t\t\t\t<div class=\"elementor-container elementor-column-gap-extended\">\n\t\t\t\t\t<div class=\"elementor-column elementor-col-100 elementor-top-column elementor-element elementor-element-000ea31 sc_content_align_inherit sc_layouts_column_icons_position_left sc_fly_static\" data-id=\"000ea31\" data-element_type=\"column\" data-e-type=\"column\">\n\t\t\t<div class=\"elementor-widget-wrap\">\n\t\t\t\t\t\t\t<\/div>\n\t\t<\/div>\n\t\t\t\t\t<\/div>\n\t\t<\/section>\n\t\t\t\t<section class=\"elementor-section elementor-top-section elementor-element elementor-element-7596fcb elementor-section-full_width elementor-section-height-default elementor-section-height-default sc_fly_static\" data-id=\"7596fcb\" data-element_type=\"section\" data-e-type=\"section\">\n\t\t\t\t\t\t<div class=\"elementor-container elementor-column-gap-no\">\n\t\t\t\t\t<div class=\"elementor-column elementor-col-100 elementor-top-column elementor-element elementor-element-12b411e sc_content_align_inherit sc_layouts_column_icons_position_left sc_fly_static\" data-id=\"12b411e\" data-element_type=\"column\" data-e-type=\"column\" data-settings=\"{&quot;background_background&quot;:&quot;classic&quot;}\">\n\t\t\t<div class=\"elementor-widget-wrap elementor-element-populated\">\n\t\t\t\t\t<div class=\"elementor-background-overlay\"><\/div>\n\t\t\t\t\t\t<div class=\"elementor-element elementor-element-f1145f2 sc_height_huge sc_fly_static elementor-widget elementor-widget-spacer\" data-id=\"f1145f2\" data-element_type=\"widget\" data-e-type=\"widget\" data-widget_type=\"spacer.default\">\n\t\t\t\t<div class=\"elementor-widget-container\">\n\t\t\t\t\t\t\t<div class=\"elementor-spacer\">\n\t\t\t<div class=\"elementor-spacer-inner\"><\/div>\n\t\t<\/div>\n\t\t\t\t\t\t<\/div>\n\t\t\t\t<\/div>\n\t\t\t\t<div class=\"elementor-element elementor-element-e115660 sc_height_huge sc_fly_static elementor-widget elementor-widget-spacer\" data-id=\"e115660\" data-element_type=\"widget\" data-e-type=\"widget\" data-widget_type=\"spacer.default\">\n\t\t\t\t<div class=\"elementor-widget-container\">\n\t\t\t\t\t\t\t<div class=\"elementor-spacer\">\n\t\t\t<div class=\"elementor-spacer-inner\"><\/div>\n\t\t<\/div>\n\t\t\t\t\t\t<\/div>\n\t\t\t\t<\/div>\n\t\t\t\t<div class=\"elementor-element elementor-element-a448816 sc_layouts_hide_on_notebook sc_layouts_hide_on_tablet sc_layouts_hide_on_mobile sc_fly_static elementor-widget elementor-widget-spacer\" data-id=\"a448816\" data-element_type=\"widget\" data-e-type=\"widget\" data-widget_type=\"spacer.default\">\n\t\t\t\t<div class=\"elementor-widget-container\">\n\t\t\t\t\t\t\t<div class=\"elementor-spacer\">\n\t\t\t<div class=\"elementor-spacer-inner\"><\/div>\n\t\t<\/div>\n\t\t\t\t\t\t<\/div>\n\t\t\t\t<\/div>\n\t\t\t\t<div data-animation-type=\"block\" data-mouse-helper=\"hover\" data-mouse-helper-hide-helper=\"1\" data-mouse-helper-centered=\"1\" data-mouse-helper-magnet=\"99\" data-mouse-helper-color=\"\" data-mouse-helper-bg-color=\"#FB2610\" data-mouse-helper-bd-color=\"\" data-mouse-helper-bd-width=\"-1\" data-mouse-helper-mode=\"multiply\" data-mouse-helper-axis=\"xy\" data-mouse-helper-delay=\"0\" data-mouse-helper-text=\"\" data-mouse-helper-text-size=\"\" data-mouse-helper-text-round=\"0\" data-mouse-helper-icon=\"\" data-mouse-helper-icon-size=\"\" data-mouse-helper-icon-color=\"\" data-mouse-helper-image=\"\" data-mouse-helper-layout=\"\" data-mouse-helper-class=\"\" data-mouse-helper-callback=\"\" data-mouse-helper-hide-cursor=\"0\" class=\"elementor-element elementor-element-4d93061 elementor-align-center round-square elementor-widget__width-auto animation_type_block sc_fly_static elementor-invisible elementor-widget elementor-widget-button\" data-id=\"4d93061\" data-element_type=\"widget\" data-e-type=\"widget\" data-settings=\"{&quot;_animation&quot;:&quot;wd-fadeinup&quot;}\" data-widget_type=\"button.default\">\n\t\t\t\t<div class=\"elementor-widget-container\">\n\t\t\t\t\t\t\t\t\t<div class=\"elementor-button-wrapper\">\n\t\t\t\t\t<a class=\"elementor-button elementor-button-link elementor-size-sm\" href=\"#go-video2\">\n\t\t\t\t\t\t<span class=\"elementor-button-content-wrapper\">\n\t\t\t\t\t\t\t\t\t<span class=\"elementor-button-text\">LUAJ<\/span>\n\t\t\t\t\t<\/span>\n\t\t\t\t\t<\/a>\n\t\t\t\t<\/div>\n\t\t\t\t\t\t\t\t<\/div>\n\t\t\t\t<\/div>\n\t\t\t\t<div class=\"elementor-element elementor-element-56e526c sc_layouts_hide_on_notebook sc_layouts_hide_on_tablet sc_layouts_hide_on_mobile sc_fly_static elementor-widget elementor-widget-spacer\" data-id=\"56e526c\" data-element_type=\"widget\" data-e-type=\"widget\" data-widget_type=\"spacer.default\">\n\t\t\t\t<div class=\"elementor-widget-container\">\n\t\t\t\t\t\t\t<div class=\"elementor-spacer\">\n\t\t\t<div class=\"elementor-spacer-inner\"><\/div>\n\t\t<\/div>\n\t\t\t\t\t\t<\/div>\n\t\t\t\t<\/div>\n\t\t\t\t<div class=\"elementor-element elementor-element-17537e7 sc_height_huge sc_fly_static elementor-widget elementor-widget-spacer\" data-id=\"17537e7\" data-element_type=\"widget\" data-e-type=\"widget\" data-widget_type=\"spacer.default\">\n\t\t\t\t<div class=\"elementor-widget-container\">\n\t\t\t\t\t\t\t<div class=\"elementor-spacer\">\n\t\t\t<div class=\"elementor-spacer-inner\"><\/div>\n\t\t<\/div>\n\t\t\t\t\t\t<\/div>\n\t\t\t\t<\/div>\n\t\t\t\t<div class=\"elementor-element elementor-element-170278a sc_height_huge sc_fly_static elementor-widget elementor-widget-spacer\" data-id=\"170278a\" data-element_type=\"widget\" data-e-type=\"widget\" data-widget_type=\"spacer.default\">\n\t\t\t\t<div class=\"elementor-widget-container\">\n\t\t\t\t\t\t\t<div class=\"elementor-spacer\">\n\t\t\t<div class=\"elementor-spacer-inner\"><\/div>\n\t\t<\/div>\n\t\t\t\t\t\t<\/div>\n\t\t\t\t<\/div>\n\t\t\t\t\t<\/div>\n\t\t<\/div>\n\t\t\t\t\t<\/div>\n\t\t<\/section>\n\t\t\t\t<section class=\"elementor-section elementor-top-section elementor-element elementor-element-b74538f elementor-section-boxed elementor-section-height-default elementor-section-height-default sc_fly_static\" data-id=\"b74538f\" data-element_type=\"section\" data-e-type=\"section\">\n\t\t\t\t\t\t<div class=\"elementor-container elementor-column-gap-extended\">\n\t\t\t\t\t<div class=\"elementor-column elementor-col-100 elementor-top-column elementor-element elementor-element-5361433 sc_content_align_inherit sc_layouts_column_icons_position_left sc_fly_static\" data-id=\"5361433\" data-element_type=\"column\" data-e-type=\"column\">\n\t\t\t<div class=\"elementor-widget-wrap elementor-element-populated\">\n\t\t\t\t\t\t<div class=\"elementor-element elementor-element-e599ad7 sc_height_huge sc_fly_static elementor-widget elementor-widget-spacer\" data-id=\"e599ad7\" data-element_type=\"widget\" data-e-type=\"widget\" data-widget_type=\"spacer.default\">\n\t\t\t\t<div class=\"elementor-widget-container\">\n\t\t\t\t\t\t\t<div class=\"elementor-spacer\">\n\t\t\t<div class=\"elementor-spacer-inner\"><\/div>\n\t\t<\/div>\n\t\t\t\t\t\t<\/div>\n\t\t\t\t<\/div>\n\t\t\t\t\t<\/div>\n\t\t<\/div>\n\t\t\t\t\t<\/div>\n\t\t<\/section>\n\t\t\t\t<\/div>","protected":false},"excerpt":{"rendered":"<p>SAMSUNG b.IoT SOLUTION Smart Building Management for a Sustainable Future. Samsung b.IoT is an AI-powered building management solution designed to maximize energy savings and operational efficiency. Optimized for smart and&hellip;<\/p>","protected":false},"author":1,"featured_media":0,"parent":0,"menu_order":0,"comment_status":"closed","ping_status":"closed","template":"","meta":{"_eb_attr":"","footnotes":""},"class_list":["post-27361","page","type-page","status-publish","hentry"],"_links":{"self":[{"href":"http:\/\/www.samsung-ese.al\/sq\/wp-json\/wp\/v2\/pages\/27361","targetHints":{"allow":["GET"]}}],"collection":[{"href":"http:\/\/www.samsung-ese.al\/sq\/wp-json\/wp\/v2\/pages"}],"about":[{"href":"http:\/\/www.samsung-ese.al\/sq\/wp-json\/wp\/v2\/types\/page"}],"author":[{"embeddable":true,"href":"http:\/\/www.samsung-ese.al\/sq\/wp-json\/wp\/v2\/users\/1"}],"replies":[{"embeddable":true,"href":"http:\/\/www.samsung-ese.al\/sq\/wp-json\/wp\/v2\/comments?post=27361"}],"version-history":[{"count":36,"href":"http:\/\/www.samsung-ese.al\/sq\/wp-json\/wp\/v2\/pages\/27361\/revisions"}],"predecessor-version":[{"id":29440,"href":"http:\/\/www.samsung-ese.al\/sq\/wp-json\/wp\/v2\/pages\/27361\/revisions\/29440"}],"wp:attachment":[{"href":"http:\/\/www.samsung-ese.al\/sq\/wp-json\/wp\/v2\/media?parent=27361"}],"curies":[{"name":"wp","href":"https:\/\/api.w.org\/{rel}","templated":true}]}}